{"id":18308,"date":"2025-11-28T14:58:36","date_gmt":"2025-11-28T14:58:36","guid":{"rendered":"https:\/\/edicioneseldrago.com\/?post_type=product&#038;p=18308"},"modified":"2025-12-05T13:25:03","modified_gmt":"2025-12-05T13:25:03","slug":"en-casa","status":"publish","type":"product","link":"https:\/\/edicioneseldrago.com\/en\/product\/en-casa\/","title":{"rendered":"En casa"},"content":{"rendered":"<p>El Drago publica En casa, un libro de de decoraci\u00f3n de mesas de <strong>Tatiana Langdon<\/strong><\/p>\n<p>Ediciones El Drago publica En casa, recorriendo el pasado y el presente, un libro en el que Tatiana Langdon Usera lleva a sus lectores hasta recogidas y acogedoras viviendas solariegas para sentarles a la mesa, en la que ha puesto todo su talento de dise\u00f1adora e interiorista para convertir el acto de comer en una celebraci\u00f3n del placer est\u00e9tico.<\/p>\n<p>&nbsp;<\/p>\n<p>Casi 200 fotograf\u00edas cuidadosamente seleccionadas de <strong>Silvia Gurrea Nozaleda<\/strong>, acompa\u00f1adas de completos y esclarecedores pies de p\u00e1gina, ilustran las propuestas de la autora: un abanico de ideas que abarca cada ocasi\u00f3n de sentarse a la mesa, independientemente de la hora del d\u00eda o la estaci\u00f3n del a\u00f1o.<\/p>\n<p>&nbsp;<\/p>\n<p>Langdon Usera ha salteado las p\u00e1ginas satinadas del libro con docenas de citas de pensadores ilustres que act\u00faan como complemento a su c\u00e1lido, acogedor y entusiasta discurso est\u00e9tico.<\/p>\n<p>&nbsp;<\/p>\n<p style=\"padding-left: 40px;\"><em>\u201cTanto si la decoraci\u00f3n es casual como si es formal, minimalista o maximalista, monocrom\u00e1tica o colorida, los detalles m\u00e1s peque\u00f1os (los manteles y las servilletas, la vajilla y los vasos de cristal, as\u00ed como las velas y las flores) son los que tienen la habilidad de hacer de la velada una verdaderamente maravillosa y memorable para los invitados. Todos y cada uno de estos elementos juega un papel fundamental en el ambiente de la reuni\u00f3n\u201d.<\/em><\/p>\n<p>&nbsp;<\/p>\n<p>El acto de comer, es sabido, tiene que ver con mucho m\u00e1s que con el mero hecho biol\u00f3gico de ingerir y procesar alimentos. Por eso, Tatiana Langdon Usera nos recuerda con su libro que, como bien afirma su prologuista, siempre es un placer \u201ccomer con dise\u00f1o, porque todo sabe mejor cuando es bello\u201d.<\/p>\n<p>&nbsp;<\/p>","protected":false},"excerpt":{"rendered":"<p><strong>Autora:<\/strong> Tatiana Langdon Usera<\/p>\n<p><strong>Editor<\/strong>: Ediciones El Drago<\/p>\n<p><strong>ISBN-13:<\/strong> \u200e 978-8494764110<\/p>","protected":false},"featured_media":18309,"comment_status":"open","ping_status":"closed","template":"","meta":{"_acf_changed":false,"wds_primary_product_brand":0,"wds_primary_product_cat":0},"product_brand":[],"product_cat":[40],"product_tag":[],"class_list":{"0":"post-18308","1":"product","2":"type-product","3":"status-publish","4":"has-post-thumbnail","6":"product_cat-otros","8":"first","9":"instock","10":"shipping-taxable","11":"purchasable","12":"product-type-simple"},"acf":[],"_links":{"self":[{"href":"https:\/\/edicioneseldrago.com\/en\/wp-json\/wp\/v2\/product\/18308","targetHints":{"allow":["GET"]}}],"collection":[{"href":"https:\/\/edicioneseldrago.com\/en\/wp-json\/wp\/v2\/product"}],"about":[{"href":"https:\/\/edicioneseldrago.com\/en\/wp-json\/wp\/v2\/types\/product"}],"replies":[{"embeddable":true,"href":"https:\/\/edicioneseldrago.com\/en\/wp-json\/wp\/v2\/comments?post=18308"}],"wp:featuredmedia":[{"embeddable":true,"href":"https:\/\/edicioneseldrago.com\/en\/wp-json\/wp\/v2\/media\/18309"}],"wp:attachment":[{"href":"https:\/\/edicioneseldrago.com\/en\/wp-json\/wp\/v2\/media?parent=18308"}],"wp:term":[{"taxonomy":"product_brand","embeddable":true,"href":"https:\/\/edicioneseldrago.com\/en\/wp-json\/wp\/v2\/product_brand?post=18308"},{"taxonomy":"product_cat","embeddable":true,"href":"https:\/\/edicioneseldrago.com\/en\/wp-json\/wp\/v2\/product_cat?post=18308"},{"taxonomy":"product_tag","embeddable":true,"href":"https:\/\/edicioneseldrago.com\/en\/wp-json\/wp\/v2\/product_tag?post=18308"}],"curies":[{"name":"wp","href":"https:\/\/api.w.org\/{rel}","templated":true}]}}