{"id":18300,"date":"2025-11-28T14:37:04","date_gmt":"2025-11-28T14:37:04","guid":{"rendered":"https:\/\/edicioneseldrago.com\/?post_type=product&#038;p=18300"},"modified":"2025-12-05T13:21:08","modified_gmt":"2025-12-05T13:21:08","slug":"sociologia-de-la-espana-mandinga","status":"publish","type":"product","link":"https:\/\/edicioneseldrago.com\/en\/product\/sociologia-de-la-espana-mandinga\/","title":{"rendered":"Sociolog\u00eda de la Espa\u00f1a Mandinga"},"content":{"rendered":"<p style=\"padding-left: 40px;\"><em>Eulalio, antes de dedicarse a la pol\u00edtica y a la gesti\u00f3n cultural, aunque despu\u00e9s de escribir poes\u00eda y devorar libros (que siempre lo hizo), fue funcionario de prisiones y curs\u00f3 estudios superiores de Criminolog\u00eda. Vital y t\u00e9cnicamente, cuando se adentra en los laberintos de la delincuencia, tanto en sus aspectos y fundamentos psicol\u00f3gicos como en los urbanos, familiares y sociales, sabe de lo que habla, lo ha vivido. \u00c9l ha estado en la vanguardia de ese duro frente, ha escuchado las voces del arroyo y por ello su propuesta, entre el realismo y la utop\u00eda, trasciende las f\u00e1ciles recetas demag\u00f3gicas de las pol\u00edticas al uso.<\/em><\/p>\n<p>&nbsp;<\/p>\n<p style=\"padding-left: 40px;\"><em>Su particular diccionario transmite y explica el habla de las prisiones y reformas, cuyo argot padre es el cal\u00f3, seg\u00fan Eulalio: \u00abcaliente o calorro, descendiente de la antigua german\u00eda; jerga propiamente delincuencial, un lenguaje capucha\u00bb.<\/em><\/p>\n<p>&nbsp;<\/p>\n<p style=\"text-align: right;\">Extracto del pr\u00f3logo de Antonio L\u00e1zaro Cebri\u00e1n<\/p>","protected":false},"excerpt":{"rendered":"<p><strong>Editor:<\/strong> Ediciones El Drago<\/p>\n<p><strong>ISBN:<\/strong> 9788494934803<\/p>\n<p><strong>Dimensiones:<\/strong> 140 x 220<\/p>\n<p><strong>N\u00ba<\/strong> <strong>p\u00e1ginas:<\/strong> 552<\/p>\n<p><strong>Encuadernaci\u00f3n:<\/strong> R\u00fastica<\/p>","protected":false},"featured_media":18302,"comment_status":"open","ping_status":"closed","template":"","meta":{"_acf_changed":false,"wds_primary_product_brand":0,"wds_primary_product_cat":0},"product_brand":[],"product_cat":[39],"product_tag":[],"class_list":{"0":"post-18300","1":"product","2":"type-product","3":"status-publish","4":"has-post-thumbnail","6":"product_cat-ensayo","8":"first","9":"instock","10":"shipping-taxable","11":"purchasable","12":"product-type-simple"},"acf":[],"_links":{"self":[{"href":"https:\/\/edicioneseldrago.com\/en\/wp-json\/wp\/v2\/product\/18300","targetHints":{"allow":["GET"]}}],"collection":[{"href":"https:\/\/edicioneseldrago.com\/en\/wp-json\/wp\/v2\/product"}],"about":[{"href":"https:\/\/edicioneseldrago.com\/en\/wp-json\/wp\/v2\/types\/product"}],"replies":[{"embeddable":true,"href":"https:\/\/edicioneseldrago.com\/en\/wp-json\/wp\/v2\/comments?post=18300"}],"wp:featuredmedia":[{"embeddable":true,"href":"https:\/\/edicioneseldrago.com\/en\/wp-json\/wp\/v2\/media\/18302"}],"wp:attachment":[{"href":"https:\/\/edicioneseldrago.com\/en\/wp-json\/wp\/v2\/media?parent=18300"}],"wp:term":[{"taxonomy":"product_brand","embeddable":true,"href":"https:\/\/edicioneseldrago.com\/en\/wp-json\/wp\/v2\/product_brand?post=18300"},{"taxonomy":"product_cat","embeddable":true,"href":"https:\/\/edicioneseldrago.com\/en\/wp-json\/wp\/v2\/product_cat?post=18300"},{"taxonomy":"product_tag","embeddable":true,"href":"https:\/\/edicioneseldrago.com\/en\/wp-json\/wp\/v2\/product_tag?post=18300"}],"curies":[{"name":"wp","href":"https:\/\/api.w.org\/{rel}","templated":true}]}}