{"id":18295,"date":"2025-11-28T14:20:06","date_gmt":"2025-11-28T14:20:06","guid":{"rendered":"https:\/\/edicioneseldrago.com\/?post_type=product&#038;p=18295"},"modified":"2025-12-05T13:18:14","modified_gmt":"2025-12-05T13:18:14","slug":"la-huella-de-mis-animales","status":"publish","type":"product","link":"https:\/\/edicioneseldrago.com\/en\/product\/la-huella-de-mis-animales\/","title":{"rendered":"La huella de mis animales"},"content":{"rendered":"<p style=\"padding-left: 40px;\"><em>\u00abUn bestiario siempre ayuda a conocer lo que esconde el coraz\u00f3n de un hombre y hasta d\u00f3nde llega su amor a la naturaleza, su correspondencia con ella. Y cuando alguien es capaz de amar a un ser vivo distinto de su especie es una prueba de lo ancho de ese coraz\u00f3n.<\/em><\/p>\n<p>&nbsp;<\/p>\n<p style=\"padding-left: 40px;\"><em>Cada historia de La huella de mis animales de Juan Capote se\u00f1ala un momento exclusivo para \u00e9l. Cada animal del que nos cuenta algo pertenece a uno de esos momentos especiales y \u00fanicos que forman parte de sus recuerdos.<\/em><\/p>\n<p>&nbsp;<\/p>\n<p style=\"padding-left: 40px;\"><em>Cada animal del que nos cuenta algo pertenece a uno de esos momentos especiales y \u00fanicos que forman parte de sus recuerdos. Juan Capote ama los animales. Se refugia en ellos, de ellos aprende y son muchos los que han marcado alguna etapa de su vida. Esos momentos nos los describe con la ternura y la alegr\u00eda que ellos le proporcionaron. Cada cuento, que no es cuento sino realidad, marcan un afecto determinado, una determina- da manera de compartir lo que nos est\u00e1 permitido compartir con alguien diferente a nosotros, pero que siempre enriquece si sabemos hacerlo con el respeto que el otro merece y necesita\u00bb.<\/em><\/p>\n<p>&nbsp;<\/p>\n<p style=\"padding-left: 40px;\"><em>Extracto del pr\u00f3logo de Elsa L\u00f3pez<\/em><\/p>","protected":false},"excerpt":{"rendered":"<p><strong>Editor:<\/strong> Ediciones El Drago<\/p>\n<p><strong>ISBN:<\/strong> 9788494934810<\/p>\n<p><strong>Dimensiones:<\/strong> 175 x 235<\/p>\n<p><strong>N\u00ba p\u00e1ginas:<\/strong> 110<\/p>\n<p><strong>Encuadernaci\u00f3n:<\/strong> R\u00fastica<\/p>","protected":false},"featured_media":18296,"comment_status":"open","ping_status":"closed","template":"","meta":{"_acf_changed":false,"wds_primary_product_brand":0,"wds_primary_product_cat":0},"product_brand":[],"product_cat":[37],"product_tag":[],"class_list":{"0":"post-18295","1":"product","2":"type-product","3":"status-publish","4":"has-post-thumbnail","6":"product_cat-narrativa","8":"first","9":"instock","10":"shipping-taxable","11":"purchasable","12":"product-type-simple"},"acf":[],"_links":{"self":[{"href":"https:\/\/edicioneseldrago.com\/en\/wp-json\/wp\/v2\/product\/18295","targetHints":{"allow":["GET"]}}],"collection":[{"href":"https:\/\/edicioneseldrago.com\/en\/wp-json\/wp\/v2\/product"}],"about":[{"href":"https:\/\/edicioneseldrago.com\/en\/wp-json\/wp\/v2\/types\/product"}],"replies":[{"embeddable":true,"href":"https:\/\/edicioneseldrago.com\/en\/wp-json\/wp\/v2\/comments?post=18295"}],"wp:featuredmedia":[{"embeddable":true,"href":"https:\/\/edicioneseldrago.com\/en\/wp-json\/wp\/v2\/media\/18296"}],"wp:attachment":[{"href":"https:\/\/edicioneseldrago.com\/en\/wp-json\/wp\/v2\/media?parent=18295"}],"wp:term":[{"taxonomy":"product_brand","embeddable":true,"href":"https:\/\/edicioneseldrago.com\/en\/wp-json\/wp\/v2\/product_brand?post=18295"},{"taxonomy":"product_cat","embeddable":true,"href":"https:\/\/edicioneseldrago.com\/en\/wp-json\/wp\/v2\/product_cat?post=18295"},{"taxonomy":"product_tag","embeddable":true,"href":"https:\/\/edicioneseldrago.com\/en\/wp-json\/wp\/v2\/product_tag?post=18295"}],"curies":[{"name":"wp","href":"https:\/\/api.w.org\/{rel}","templated":true}]}}