{"id":18287,"date":"2025-11-28T14:00:45","date_gmt":"2025-11-28T14:00:45","guid":{"rendered":"https:\/\/edicioneseldrago.com\/?post_type=product&#038;p=18287"},"modified":"2025-12-05T13:15:05","modified_gmt":"2025-12-05T13:15:05","slug":"narrador-protagonista","status":"publish","type":"product","link":"https:\/\/edicioneseldrago.com\/en\/product\/narrador-protagonista\/","title":{"rendered":"Narrador protagonista"},"content":{"rendered":"<p>Todo lo que en este libro vas a leer fue en otro tiempo vivido y posteriormente redactado por el escritor en un mundo de ficciones donde se confund\u00edan los sue\u00f1os con la mayor de las m\u00e1gicas realidades, instrumentadas por palabras que no paraban de jugar y por luces que daban lumbre a las diversas visiones nocturnas de la muerte.<\/p>\n<p>&nbsp;<\/p>\n<p>Un mundo donde los personajes pueden atravesar el papel y presentarse en cualquier estado.<\/p>\n<p>&nbsp;<\/p>\n<p>Est\u00e9n muy alerta a la lectura y presten especial atenci\u00f3n al libro que tienen en sus manos.<\/p>\n<p>&nbsp;<\/p>\n<p>A veces, hasta ellos mismos gozan de voluntad propia para guiarte a sus mundos.<\/p>","protected":false},"excerpt":{"rendered":"<p><strong>Editor:<\/strong> Ediciones El Drago<\/p>\n<p><strong>ISBN:<\/strong> 9788494962530<\/p>\n<p><strong>Dimensiones:<\/strong> 140 x 220<\/p>\n<p><strong>N\u00ba p\u00e1ginas:<\/strong> 94<\/p>\n<p><strong>Encuadernaci\u00f3n:<\/strong> R\u00fastica<\/p>","protected":false},"featured_media":18289,"comment_status":"open","ping_status":"closed","template":"","meta":{"_acf_changed":false,"wds_primary_product_brand":0,"wds_primary_product_cat":0},"product_brand":[],"product_cat":[37],"product_tag":[],"class_list":{"0":"post-18287","1":"product","2":"type-product","3":"status-publish","4":"has-post-thumbnail","6":"product_cat-narrativa","8":"first","9":"instock","10":"shipping-taxable","11":"purchasable","12":"product-type-simple"},"acf":[],"_links":{"self":[{"href":"https:\/\/edicioneseldrago.com\/en\/wp-json\/wp\/v2\/product\/18287","targetHints":{"allow":["GET"]}}],"collection":[{"href":"https:\/\/edicioneseldrago.com\/en\/wp-json\/wp\/v2\/product"}],"about":[{"href":"https:\/\/edicioneseldrago.com\/en\/wp-json\/wp\/v2\/types\/product"}],"replies":[{"embeddable":true,"href":"https:\/\/edicioneseldrago.com\/en\/wp-json\/wp\/v2\/comments?post=18287"}],"wp:featuredmedia":[{"embeddable":true,"href":"https:\/\/edicioneseldrago.com\/en\/wp-json\/wp\/v2\/media\/18289"}],"wp:attachment":[{"href":"https:\/\/edicioneseldrago.com\/en\/wp-json\/wp\/v2\/media?parent=18287"}],"wp:term":[{"taxonomy":"product_brand","embeddable":true,"href":"https:\/\/edicioneseldrago.com\/en\/wp-json\/wp\/v2\/product_brand?post=18287"},{"taxonomy":"product_cat","embeddable":true,"href":"https:\/\/edicioneseldrago.com\/en\/wp-json\/wp\/v2\/product_cat?post=18287"},{"taxonomy":"product_tag","embeddable":true,"href":"https:\/\/edicioneseldrago.com\/en\/wp-json\/wp\/v2\/product_tag?post=18287"}],"curies":[{"name":"wp","href":"https:\/\/api.w.org\/{rel}","templated":true}]}}