{"id":18284,"date":"2025-11-28T13:43:27","date_gmt":"2025-11-28T13:43:27","guid":{"rendered":"https:\/\/edicioneseldrago.com\/?post_type=product&#038;p=18284"},"modified":"2025-12-05T13:13:54","modified_gmt":"2025-12-05T13:13:54","slug":"ocoyta-y-otros-cuentos","status":"publish","type":"product","link":"https:\/\/edicioneseldrago.com\/en\/product\/ocoyta-y-otros-cuentos\/","title":{"rendered":"Ocoyta y otros cuentos"},"content":{"rendered":"<p>Una venganza forjada desde m\u00e1s all\u00e1 de la muerte (El encuentro); un artista que se descubre a s\u00ed mismo y es el momento de rebelarse (El m\u00fasico); un anciano esclavo que vivi\u00f3 en la sumisi\u00f3n y una inesperada aparici\u00f3n en sus \u00faltimos d\u00edas le revela los caminos de la dignidad (El viejo); una cruel sentencia que se cobra la vida de su hijo, lleva a una apacible madre hacia la locura y una po\u00e9tica evasi\u00f3n (La ejecuci\u00f3n); los estragos de la guerra en un humilde soldado que espera con coraje un \u00faltimo combate sin saber exactamente por qu\u00e9 ni para qu\u00e9 (La humareda); un hombre evangelizado en contra de su voluntad, prepara una fuga para reencontrarse con sus remotos or\u00edgenes (Los r\u00edos sagrados); y una rebeli\u00f3n de esclavos fugitivos que intentan rehacer sus vidas en la clandestinidad, cuando de nuevo se cierne sobre ellos la represi\u00f3n para cercenar sus esperanzas de libertad apenas atisbada (Ocoyta).<\/p>\n<p>&nbsp;<\/p>\n<p>De este \u00faltimo relato, Ocoyta, el escritor Jos\u00e9 Balza ha dicho:<\/p>\n<p>&nbsp;<\/p>\n<p style=\"padding-left: 40px;\">\u201c(\u2026) narraci\u00f3n excelente, calculadamente estructurada, \u00e1gil con su diversidad de puntos de vista y timbres; mezcla de \u00e9pica, emotividad y nudos econ\u00f3micos. Un acierto introducir al personaje ingl\u00e9s. En s\u00edntesis, buen y talentoso trabajo\u201d.<\/p>","protected":false},"excerpt":{"rendered":"<p><strong>Editor<\/strong>: Ediciones El Drago<\/p>\n<p><strong>ISBN:<\/strong> 9788494962523<\/p>\n<p><strong>Dimensiones:<\/strong> 140 x 220<\/p>\n<p><strong>N\u00ba p\u00e1ginas:<\/strong> 164<\/p>\n<p><strong>Encuadernaci\u00f3n:<\/strong> R\u00fastica<\/p>","protected":false},"featured_media":18285,"comment_status":"open","ping_status":"closed","template":"","meta":{"_acf_changed":false,"wds_primary_product_brand":0,"wds_primary_product_cat":0},"product_brand":[],"product_cat":[37],"product_tag":[],"class_list":{"0":"post-18284","1":"product","2":"type-product","3":"status-publish","4":"has-post-thumbnail","6":"product_cat-narrativa","8":"first","9":"instock","10":"shipping-taxable","11":"purchasable","12":"product-type-simple"},"acf":[],"_links":{"self":[{"href":"https:\/\/edicioneseldrago.com\/en\/wp-json\/wp\/v2\/product\/18284","targetHints":{"allow":["GET"]}}],"collection":[{"href":"https:\/\/edicioneseldrago.com\/en\/wp-json\/wp\/v2\/product"}],"about":[{"href":"https:\/\/edicioneseldrago.com\/en\/wp-json\/wp\/v2\/types\/product"}],"replies":[{"embeddable":true,"href":"https:\/\/edicioneseldrago.com\/en\/wp-json\/wp\/v2\/comments?post=18284"}],"wp:featuredmedia":[{"embeddable":true,"href":"https:\/\/edicioneseldrago.com\/en\/wp-json\/wp\/v2\/media\/18285"}],"wp:attachment":[{"href":"https:\/\/edicioneseldrago.com\/en\/wp-json\/wp\/v2\/media?parent=18284"}],"wp:term":[{"taxonomy":"product_brand","embeddable":true,"href":"https:\/\/edicioneseldrago.com\/en\/wp-json\/wp\/v2\/product_brand?post=18284"},{"taxonomy":"product_cat","embeddable":true,"href":"https:\/\/edicioneseldrago.com\/en\/wp-json\/wp\/v2\/product_cat?post=18284"},{"taxonomy":"product_tag","embeddable":true,"href":"https:\/\/edicioneseldrago.com\/en\/wp-json\/wp\/v2\/product_tag?post=18284"}],"curies":[{"name":"wp","href":"https:\/\/api.w.org\/{rel}","templated":true}]}}