{"id":18281,"date":"2025-11-28T13:39:55","date_gmt":"2025-11-28T13:39:55","guid":{"rendered":"https:\/\/edicioneseldrago.com\/?post_type=product&#038;p=18281"},"modified":"2025-12-05T13:12:54","modified_gmt":"2025-12-05T13:12:54","slug":"volveras-a-la-tierra","status":"publish","type":"product","link":"https:\/\/edicioneseldrago.com\/en\/product\/volveras-a-la-tierra\/","title":{"rendered":"Volver\u00e1s a la tierra"},"content":{"rendered":"<p style=\"padding-left: 40px;\"><em>La actitud del autor, Eulalio L\u00f3pez C\u00f3lliga, hombre de culturas decideras, es sonre\u00edr ante el folio en blanco como si supiera o adivinara el reto consciente (a veces inconsciente) de la vida que se siente emocionada.<\/em><\/p>\n<p>&nbsp;<\/p>\n<p style=\"padding-left: 40px;\"><em>La actitud, digo, es la del hombre serio siempre en lo que se pro- pone hacer. Ya \u00abde peque\u00f1o\u00bb, dice, re\u00f1\u00edamos en casa para leer el peri\u00f3dico (as\u00ed le ocurrir\u00e1 a \u00e9l, ahora) aunque le sea m\u00e1s f\u00e1cil leerlo e incluso elegir hasta el m\u00e1s tendencioso.<\/em><\/p>\n<p>&nbsp;<\/p>\n<p style=\"padding-left: 40px;\"><em>El que es de la tierra, es tierra y habla de la tierra. As\u00ed a coraz\u00f3n abierto nos habla de las tierras de Espa\u00f1a, de Castilla, de la Mancha y Don Quijote. Son poes\u00edas de un joven que se pueden leer sin reparos ni inconvenientes.<\/em><\/p>\n<p>&nbsp;<\/p>\n<p style=\"padding-left: 40px;\"><em>\u00abSoy conquense \u2014advierte\u2014, pero no me siento un personaje de la capital\u00bb \u2014ahonda en su parecer\u2014 desde su llegada de Madrid, al encontrar una ciudad parada y el resto de t\u00f3picos que se con- vierten en utop\u00edas.<\/em><\/p>\n<p>&nbsp;<\/p>\n<p style=\"padding-left: 40px;\"><em>Canta a Cuenca, pero no es una canci\u00f3n alegre sino que nos muestra el olvido y la esperanza. Canta a la Semana Santa en todo su esplendor y a los paisajes ut\u00f3picos que visten a Cuenca. Vivi\u00f3, escribi\u00f3\u2026 para su tierra.<\/em><\/p>\n<p>&nbsp;<\/p>\n<p style=\"padding-left: 40px;\"><em>Cita, con gran alegr\u00eda para este comentarista, al Caballero Don Quijote, el alma de tales libros. Dice de todo, incluso cuando des- cubri\u00f3 en los fascinantes y olvidados ba\u00fales de sus abuelos \u00abunos libros para la alegr\u00eda y la pasi\u00f3n\u00bb. \u00a1Como no, Don Quijote, el Caballero de la Mancha! futuro de la literatura que, al fin, dice \u00a1No todo est\u00e1 perdido!<\/em><\/p>\n<p>&nbsp;<\/p>\n<p style=\"padding-left: 40px;\"><em>Y canta a Andaluc\u00eda y sus gentes. Desde C\u00f3rdoba donde hizo la mili nos descubre sus paisajes y sus monumentos: el Cristo de los Faroles, Manolete\u2026 Nos dice que es el pueblo m\u00e1s triste de Espa\u00f1a, que cuando suenan las guitarras puede sentirse su angustia y desesperanza.<\/em><\/p>\n<p>&nbsp;<\/p>\n<p style=\"padding-left: 40px;\"><em>Termina con un canto a Extremadura, a sus rincones, a sus gentes y esperando que un nuevo Quijote les despierte y les lleve a un nuevo futuro.<\/em><\/p>\n<p>&nbsp;<\/p>\n<p style=\"padding-left: 40px;\"><em>La \u00abpresentaci\u00f3n del presentador\u00bb se cifra en decir, a\u00f1adir, que he aqu\u00ed un rayo de luz m\u00e1s a aquellos tiempos\u2026 Volvi\u00f3 de Madrid y se qued\u00f3 en Cuenca.<\/em><\/p>\n<p>&nbsp;<\/p>\n<p style=\"padding-left: 40px;\"><em>Ra\u00fal Torres Cronista oficial de Cuenca (2004-2015)<\/em><\/p>","protected":false},"excerpt":{"rendered":"<p><strong>Editor:<\/strong> Ediciones El Drago<\/p>\n<p><strong>ISBN:<\/strong> 9788494962547<\/p>\n<p><strong>Dimensiones:<\/strong> 173 x 235<\/p>\n<p><strong>N\u00ba p\u00e1ginas:<\/strong> 208<\/p>\n<p><strong>Encuadernaci\u00f3n:<\/strong> R\u00fastica<\/p>","protected":false},"featured_media":18282,"comment_status":"open","ping_status":"closed","template":"","meta":{"_acf_changed":false,"wds_primary_product_brand":0,"wds_primary_product_cat":0},"product_brand":[],"product_cat":[38],"product_tag":[],"class_list":{"0":"post-18281","1":"product","2":"type-product","3":"status-publish","4":"has-post-thumbnail","6":"product_cat-poesia","8":"first","9":"instock","10":"shipping-taxable","11":"purchasable","12":"product-type-simple"},"acf":[],"_links":{"self":[{"href":"https:\/\/edicioneseldrago.com\/en\/wp-json\/wp\/v2\/product\/18281","targetHints":{"allow":["GET"]}}],"collection":[{"href":"https:\/\/edicioneseldrago.com\/en\/wp-json\/wp\/v2\/product"}],"about":[{"href":"https:\/\/edicioneseldrago.com\/en\/wp-json\/wp\/v2\/types\/product"}],"replies":[{"embeddable":true,"href":"https:\/\/edicioneseldrago.com\/en\/wp-json\/wp\/v2\/comments?post=18281"}],"wp:featuredmedia":[{"embeddable":true,"href":"https:\/\/edicioneseldrago.com\/en\/wp-json\/wp\/v2\/media\/18282"}],"wp:attachment":[{"href":"https:\/\/edicioneseldrago.com\/en\/wp-json\/wp\/v2\/media?parent=18281"}],"wp:term":[{"taxonomy":"product_brand","embeddable":true,"href":"https:\/\/edicioneseldrago.com\/en\/wp-json\/wp\/v2\/product_brand?post=18281"},{"taxonomy":"product_cat","embeddable":true,"href":"https:\/\/edicioneseldrago.com\/en\/wp-json\/wp\/v2\/product_cat?post=18281"},{"taxonomy":"product_tag","embeddable":true,"href":"https:\/\/edicioneseldrago.com\/en\/wp-json\/wp\/v2\/product_tag?post=18281"}],"curies":[{"name":"wp","href":"https:\/\/api.w.org\/{rel}","templated":true}]}}