{"id":18278,"date":"2025-11-28T13:35:58","date_gmt":"2025-11-28T13:35:58","guid":{"rendered":"https:\/\/edicioneseldrago.com\/?post_type=product&#038;p=18278"},"modified":"2025-12-05T13:10:58","modified_gmt":"2025-12-05T13:10:58","slug":"jugando-con-el-destino","status":"publish","type":"product","link":"https:\/\/edicioneseldrago.com\/en\/product\/jugando-con-el-destino\/","title":{"rendered":"Jugando con el destino"},"content":{"rendered":"<p>No somos conscientes de las sorpresas que depara la vida.<\/p>\n<p>&nbsp;<\/p>\n<p>Cuando menos lo esperamos, todo da un giro y nos encontramos con acontecimientos; que ni en el mejor de nuestros sue\u00f1os o en la peor de nuestras pesadillas, ser\u00edamos capaces de imaginar.<\/p>\n<p>&nbsp;<\/p>\n<p>Esto es exactamente lo que le ocurre a Laura, la protagonista de \u201cJugando con el destino\u201d.<\/p>\n<p>&nbsp;<\/p>\n<p>\u00bfEs verdad que lo mejor est\u00e1 por llegar?<\/p>\n<p>&nbsp;<\/p>\n<p>Siempre me ha costado mucho aceptar los cambios en mi vida y ahora no iba a ser diferente.<\/p>\n<p>&nbsp;<\/p>\n<p>Mi nombre es Laura, trabajaba como secretaria de direcci\u00f3n en una empresa de distribuci\u00f3n de bebidas en Sevilla.<\/p>\n<p>&nbsp;<\/p>\n<p>Me gustaba mi trabajo, no porque fuese el mejor de mi vida, sino porque me cuesta much\u00edsimo moverme de mi estado de confort. Si, me da miedo lo que est\u00e1 por llegar. Pero muy a pesar m\u00edo, me toc\u00f3 jugar con el destino. Las circunstancias que a veces se presentan en la vida sin ser planeadas juegan con nosotros y nos obligan a tomar decisiones imposibles de imaginar cuando estamos instalados una aparente comodidad.<\/p>\n<p>&nbsp;<\/p>\n<p>Y lo de Luis, bueno, lo de Luis es algo que no terminaba de aceptar, no era capaz de ver la vida sin \u00e9l. No pod\u00eda concentrarme, no prestaba atenci\u00f3n a la TV, ni a libros, ten\u00eda que leer el mismo p\u00e1rrafo m\u00e1s de cinco veces hasta terminaba por dejar el libro en la mesita de noche, incapaz de retener lo que hab\u00eda le\u00eddo.<\/p>\n<p>&nbsp;<\/p>\n<p>Animada por Teresa, mi vecina de la puerta de al lado y gran amiga, decid\u00ed hacer un viaje a alg\u00fan lugar donde nunca hubiese estado antes. Un viaje solo de fin de semana, porque para colmo de males mi econom\u00eda tampoco era muy boyante.<\/p>","protected":false},"excerpt":{"rendered":"<p><strong>Editor:<\/strong> Ediciones El Drago<\/p>\n<p><strong>ISBN:<\/strong> 9788412093094<\/p>\n<p><strong>Dimensiones:<\/strong> 140 x 220<\/p>\n<p><strong>N\u00ba p\u00e1ginas:<\/strong> 208<\/p>\n<p><strong>Encuadernaci\u00f3n:<\/strong> R\u00fastica<\/p>","protected":false},"featured_media":18280,"comment_status":"open","ping_status":"closed","template":"","meta":{"_acf_changed":false,"wds_primary_product_brand":0,"wds_primary_product_cat":0},"product_brand":[],"product_cat":[37],"product_tag":[],"class_list":{"0":"post-18278","1":"product","2":"type-product","3":"status-publish","4":"has-post-thumbnail","6":"product_cat-narrativa","8":"first","9":"instock","10":"shipping-taxable","11":"purchasable","12":"product-type-simple"},"acf":[],"_links":{"self":[{"href":"https:\/\/edicioneseldrago.com\/en\/wp-json\/wp\/v2\/product\/18278","targetHints":{"allow":["GET"]}}],"collection":[{"href":"https:\/\/edicioneseldrago.com\/en\/wp-json\/wp\/v2\/product"}],"about":[{"href":"https:\/\/edicioneseldrago.com\/en\/wp-json\/wp\/v2\/types\/product"}],"replies":[{"embeddable":true,"href":"https:\/\/edicioneseldrago.com\/en\/wp-json\/wp\/v2\/comments?post=18278"}],"wp:featuredmedia":[{"embeddable":true,"href":"https:\/\/edicioneseldrago.com\/en\/wp-json\/wp\/v2\/media\/18280"}],"wp:attachment":[{"href":"https:\/\/edicioneseldrago.com\/en\/wp-json\/wp\/v2\/media?parent=18278"}],"wp:term":[{"taxonomy":"product_brand","embeddable":true,"href":"https:\/\/edicioneseldrago.com\/en\/wp-json\/wp\/v2\/product_brand?post=18278"},{"taxonomy":"product_cat","embeddable":true,"href":"https:\/\/edicioneseldrago.com\/en\/wp-json\/wp\/v2\/product_cat?post=18278"},{"taxonomy":"product_tag","embeddable":true,"href":"https:\/\/edicioneseldrago.com\/en\/wp-json\/wp\/v2\/product_tag?post=18278"}],"curies":[{"name":"wp","href":"https:\/\/api.w.org\/{rel}","templated":true}]}}