{"id":18273,"date":"2025-11-28T13:26:14","date_gmt":"2025-11-28T13:26:14","guid":{"rendered":"https:\/\/edicioneseldrago.com\/?post_type=product&#038;p=18273"},"modified":"2025-12-05T13:07:22","modified_gmt":"2025-12-05T13:07:22","slug":"pajaros-y-drones","status":"publish","type":"product","link":"https:\/\/edicioneseldrago.com\/en\/product\/pajaros-y-drones\/","title":{"rendered":"P\u00e1jaros y drones"},"content":{"rendered":"<p>En este su quinto libro de poemas, Alejandro Rodr\u00edguez Morales, nacido en Venezuela, reafirma un aspecto esencial que recorre toda su obra po\u00e9tica hasta la fecha, convertir al poema en un punto de encuentro entre los temas cl\u00e1sicos de la poes\u00eda y la vida contempor\u00e1nea en la que prevalece una cotidianidad llena de tecnolog\u00eda y de formas de comunicaci\u00f3n que, tambi\u00e9n debido a su inexistencia en tiempos pasados, no se encontraba presente en la poes\u00eda y que algunos, incluso hoy, podr\u00edan considerar ajena a este g\u00e9nero literario.<\/p>","protected":false},"excerpt":{"rendered":"<p><strong>Editor:<\/strong> Ediciones El Drago<\/p>\n<p><strong>ISBN:<\/strong> 9788412133608<\/p>\n<p><strong>Dimensiones:<\/strong> 140 x 220<\/p>\n<p><strong>N\u00ba p\u00e1ginas:<\/strong> 72<\/p>\n<p><strong>Encuadernaci\u00f3n:<\/strong> R\u00fastica<\/p>","protected":false},"featured_media":18275,"comment_status":"open","ping_status":"closed","template":"","meta":{"_acf_changed":false,"wds_primary_product_brand":0,"wds_primary_product_cat":0},"product_brand":[],"product_cat":[38],"product_tag":[],"class_list":{"0":"post-18273","1":"product","2":"type-product","3":"status-publish","4":"has-post-thumbnail","6":"product_cat-poesia","8":"first","9":"instock","10":"shipping-taxable","11":"purchasable","12":"product-type-simple"},"acf":[],"_links":{"self":[{"href":"https:\/\/edicioneseldrago.com\/en\/wp-json\/wp\/v2\/product\/18273","targetHints":{"allow":["GET"]}}],"collection":[{"href":"https:\/\/edicioneseldrago.com\/en\/wp-json\/wp\/v2\/product"}],"about":[{"href":"https:\/\/edicioneseldrago.com\/en\/wp-json\/wp\/v2\/types\/product"}],"replies":[{"embeddable":true,"href":"https:\/\/edicioneseldrago.com\/en\/wp-json\/wp\/v2\/comments?post=18273"}],"wp:featuredmedia":[{"embeddable":true,"href":"https:\/\/edicioneseldrago.com\/en\/wp-json\/wp\/v2\/media\/18275"}],"wp:attachment":[{"href":"https:\/\/edicioneseldrago.com\/en\/wp-json\/wp\/v2\/media?parent=18273"}],"wp:term":[{"taxonomy":"product_brand","embeddable":true,"href":"https:\/\/edicioneseldrago.com\/en\/wp-json\/wp\/v2\/product_brand?post=18273"},{"taxonomy":"product_cat","embeddable":true,"href":"https:\/\/edicioneseldrago.com\/en\/wp-json\/wp\/v2\/product_cat?post=18273"},{"taxonomy":"product_tag","embeddable":true,"href":"https:\/\/edicioneseldrago.com\/en\/wp-json\/wp\/v2\/product_tag?post=18273"}],"curies":[{"name":"wp","href":"https:\/\/api.w.org\/{rel}","templated":true}]}}