{"id":18263,"date":"2025-11-28T13:11:21","date_gmt":"2025-11-28T13:11:21","guid":{"rendered":"https:\/\/edicioneseldrago.com\/?post_type=product&#038;p=18263"},"modified":"2025-12-05T13:03:53","modified_gmt":"2025-12-05T13:03:53","slug":"amores-ciegos","status":"publish","type":"product","link":"https:\/\/edicioneseldrago.com\/en\/product\/amores-ciegos\/","title":{"rendered":"Amores ciegos"},"content":{"rendered":"<p>Hay amores ciegos, amores cegados, amores que producen ceguera pero en alg\u00fan momento hay resquicios de luz, determinaci\u00f3n y salida de entre las sombras.<\/p>\n<p>&nbsp;<\/p>\n<p>Este libro de relatos est\u00e1 dedicado a la memoria de mi abuelo materno invidente que muri\u00f3 hace veinte a\u00f1os. Son historias ficticias que describen a personajes que se quedan ciegos o est\u00e1n cegados por sus propias vidas pero al final, son capaces de alcanzar la luz, redimidos por el amor. En \u201cAmores Ciegos\u201d, mezclo diferentes g\u00e9neros narrativos como el cuento g\u00f3tico, la literatura dentro de la literatura y las adaptaciones de otras historias narrativas o cinematogr\u00e1ficas que me han inspirado para contar estas historias. La fotograf\u00eda est\u00e1 muy presente, pues junto a la literatura, es un soporte creativo donde intento contar y desvelar historias de superaci\u00f3n y b\u00fasqueda personal.<\/p>\n<p>&nbsp;<\/p>\n<p>Una vieja fotograf\u00eda en blanco y negro sirve de base para que el autor, Marcos Rivero Mentado, eche la vista hacia atr\u00e1s en el mundo de los recuerdos. Recuerdos, retazos de historias reales o ficticias que se mezclan con la creatividad de este escritor polifac\u00e9tico que nos trae un mundo lleno de sensibilidad, de rincones del alma, rincones que como sus protagonistas van perdiendo la vista o quiz\u00e1s la capacidad de ver m\u00e1s all\u00e1 de lo real y la propia vida.<\/p>\n<p>&nbsp;<\/p>\n<p>Mayte Mart\u00edn<\/p>","protected":false},"excerpt":{"rendered":"<p><strong>Editor:<\/strong> Ediciones El Drago<\/p>\n<p><strong>ISBN:<\/strong> 9788412093063<\/p>\n<p><strong>Dimensiones:<\/strong> 140 x 220<\/p>\n<p><strong>N\u00ba p\u00e1ginas:<\/strong> 88<\/p>\n<p><strong>Encuadernaci\u00f3n:<\/strong> R\u00fastica<\/p>","protected":false},"featured_media":18266,"comment_status":"open","ping_status":"closed","template":"","meta":{"_acf_changed":false,"wds_primary_product_brand":0,"wds_primary_product_cat":0},"product_brand":[],"product_cat":[37],"product_tag":[],"class_list":{"0":"post-18263","1":"product","2":"type-product","3":"status-publish","4":"has-post-thumbnail","6":"product_cat-narrativa","8":"first","9":"instock","10":"shipping-taxable","11":"purchasable","12":"product-type-simple"},"acf":[],"_links":{"self":[{"href":"https:\/\/edicioneseldrago.com\/en\/wp-json\/wp\/v2\/product\/18263","targetHints":{"allow":["GET"]}}],"collection":[{"href":"https:\/\/edicioneseldrago.com\/en\/wp-json\/wp\/v2\/product"}],"about":[{"href":"https:\/\/edicioneseldrago.com\/en\/wp-json\/wp\/v2\/types\/product"}],"replies":[{"embeddable":true,"href":"https:\/\/edicioneseldrago.com\/en\/wp-json\/wp\/v2\/comments?post=18263"}],"wp:featuredmedia":[{"embeddable":true,"href":"https:\/\/edicioneseldrago.com\/en\/wp-json\/wp\/v2\/media\/18266"}],"wp:attachment":[{"href":"https:\/\/edicioneseldrago.com\/en\/wp-json\/wp\/v2\/media?parent=18263"}],"wp:term":[{"taxonomy":"product_brand","embeddable":true,"href":"https:\/\/edicioneseldrago.com\/en\/wp-json\/wp\/v2\/product_brand?post=18263"},{"taxonomy":"product_cat","embeddable":true,"href":"https:\/\/edicioneseldrago.com\/en\/wp-json\/wp\/v2\/product_cat?post=18263"},{"taxonomy":"product_tag","embeddable":true,"href":"https:\/\/edicioneseldrago.com\/en\/wp-json\/wp\/v2\/product_tag?post=18263"}],"curies":[{"name":"wp","href":"https:\/\/api.w.org\/{rel}","templated":true}]}}