{"id":18260,"date":"2025-11-28T13:04:42","date_gmt":"2025-11-28T13:04:42","guid":{"rendered":"https:\/\/edicioneseldrago.com\/?post_type=product&#038;p=18260"},"modified":"2025-12-05T13:02:54","modified_gmt":"2025-12-05T13:02:54","slug":"oh-discapacidad","status":"publish","type":"product","link":"https:\/\/edicioneseldrago.com\/en\/product\/oh-discapacidad\/","title":{"rendered":"Oh discapacidad"},"content":{"rendered":"<p>Me gustar\u00eda que este libro de poemas se entendiese, al final de su lectura, como una celebraci\u00f3n de la Diferencia, ese algo que experimentamos todos y cada uno de nosotros cada d\u00eda.<\/p>\n<p>&nbsp;<\/p>\n<p>Y que no quepa duda que, pese a su densidad formal, el autor de estos poemas los ha escrito con el coraz\u00f3n: quiere anunciar, denunciar la invisibilidad de ciertas personas en la sociedad moderna, pues el lector-a podr\u00e1 encontrar entre sus p\u00e1ginas el viaje de una autopsia, el mon\u00f3logo ininteligible de un muchacho en psicosis o un muestrario de im\u00e1genes relacionadas con el cuerpo y sus posibilidades.<\/p>\n<p>&nbsp;<\/p>","protected":false},"excerpt":{"rendered":"<p><strong>Editor:<\/strong> Ediciones El Drago<\/p>\n<p><strong>ISBN:<\/strong> 9788494835278<\/p>\n<p><strong>Dimensiones:<\/strong> 140 x 220<\/p>\n<p><strong>N\u00ba p\u00e1ginas:<\/strong> 90<\/p>\n<p><strong>Encuadernaci\u00f3n:<\/strong> R\u00fastica<\/p>","protected":false},"featured_media":18261,"comment_status":"open","ping_status":"closed","template":"","meta":{"_acf_changed":false,"wds_primary_product_brand":0,"wds_primary_product_cat":0},"product_brand":[],"product_cat":[38],"product_tag":[],"class_list":{"0":"post-18260","1":"product","2":"type-product","3":"status-publish","4":"has-post-thumbnail","6":"product_cat-poesia","8":"first","9":"instock","10":"shipping-taxable","11":"purchasable","12":"product-type-simple"},"acf":[],"_links":{"self":[{"href":"https:\/\/edicioneseldrago.com\/en\/wp-json\/wp\/v2\/product\/18260","targetHints":{"allow":["GET"]}}],"collection":[{"href":"https:\/\/edicioneseldrago.com\/en\/wp-json\/wp\/v2\/product"}],"about":[{"href":"https:\/\/edicioneseldrago.com\/en\/wp-json\/wp\/v2\/types\/product"}],"replies":[{"embeddable":true,"href":"https:\/\/edicioneseldrago.com\/en\/wp-json\/wp\/v2\/comments?post=18260"}],"wp:featuredmedia":[{"embeddable":true,"href":"https:\/\/edicioneseldrago.com\/en\/wp-json\/wp\/v2\/media\/18261"}],"wp:attachment":[{"href":"https:\/\/edicioneseldrago.com\/en\/wp-json\/wp\/v2\/media?parent=18260"}],"wp:term":[{"taxonomy":"product_brand","embeddable":true,"href":"https:\/\/edicioneseldrago.com\/en\/wp-json\/wp\/v2\/product_brand?post=18260"},{"taxonomy":"product_cat","embeddable":true,"href":"https:\/\/edicioneseldrago.com\/en\/wp-json\/wp\/v2\/product_cat?post=18260"},{"taxonomy":"product_tag","embeddable":true,"href":"https:\/\/edicioneseldrago.com\/en\/wp-json\/wp\/v2\/product_tag?post=18260"}],"curies":[{"name":"wp","href":"https:\/\/api.w.org\/{rel}","templated":true}]}}