{"id":18257,"date":"2025-11-28T12:59:18","date_gmt":"2025-11-28T12:59:18","guid":{"rendered":"https:\/\/edicioneseldrago.com\/?post_type=product&#038;p=18257"},"modified":"2025-12-05T13:01:44","modified_gmt":"2025-12-05T13:01:44","slug":"el-sueno-de-joel","status":"publish","type":"product","link":"https:\/\/edicioneseldrago.com\/en\/product\/el-sueno-de-joel\/","title":{"rendered":"El sue\u00f1o de Joel"},"content":{"rendered":"<p>\u00bfQu\u00e9 ocurrir\u00eda si todos los d\u00edas fueran tu cumplea\u00f1os o Navidad?<br \/>\nJoel y el Se\u00f1or Tiempo nos dar\u00e1n la respuesta.<\/p>\n<p>&nbsp;<\/p>\n<p style=\"text-align: center;\">A Joel no le gustan los d\u00edas normales.<\/p>\n<p>&nbsp;<\/p>\n<p style=\"text-align: center;\"><img fetchpriority=\"high\" decoding=\"async\" class=\"alignnone size-medium wp-image-19754\" src=\"https:\/\/edicioneseldrago.com\/wp-content\/uploads\/2025\/11\/001-768x569-1-300x222.jpg\" alt=\"\" width=\"300\" height=\"222\" srcset=\"https:\/\/edicioneseldrago.com\/wp-content\/uploads\/2025\/11\/001-768x569-1-300x222.jpg 300w, https:\/\/edicioneseldrago.com\/wp-content\/uploads\/2025\/11\/001-768x569-1-16x12.jpg 16w, https:\/\/edicioneseldrago.com\/wp-content\/uploads\/2025\/11\/001-768x569-1.jpg 768w\" sizes=\"(max-width: 300px) 100vw, 300px\" \/><\/p>\n<p>&nbsp;<\/p>\n<p style=\"text-align: center;\">Prefiere que sea siempre su cumplea\u00f1os o Navidad.<\/p>\n<p>&nbsp;<\/p>\n<p style=\"text-align: center;\"><img decoding=\"async\" class=\"alignnone size-medium wp-image-19755\" src=\"https:\/\/edicioneseldrago.com\/wp-content\/uploads\/2025\/11\/005-768x569-1-300x222.jpg\" alt=\"\" width=\"300\" height=\"222\" srcset=\"https:\/\/edicioneseldrago.com\/wp-content\/uploads\/2025\/11\/005-768x569-1-300x222.jpg 300w, https:\/\/edicioneseldrago.com\/wp-content\/uploads\/2025\/11\/005-768x569-1-16x12.jpg 16w, https:\/\/edicioneseldrago.com\/wp-content\/uploads\/2025\/11\/005-768x569-1.jpg 768w\" sizes=\"(max-width: 300px) 100vw, 300px\" \/><\/p>\n<p>&nbsp;<\/p>\n<p style=\"text-align: center;\">El Se\u00f1or Tiempo conceder\u00e1 a Joel su deseo.<\/p>\n<p>&nbsp;<\/p>\n<p style=\"text-align: center;\"><img decoding=\"async\" class=\"alignnone size-medium wp-image-19756\" src=\"https:\/\/edicioneseldrago.com\/wp-content\/uploads\/2025\/11\/003-768x569-1-300x222.jpg\" alt=\"\" width=\"300\" height=\"222\" srcset=\"https:\/\/edicioneseldrago.com\/wp-content\/uploads\/2025\/11\/003-768x569-1-300x222.jpg 300w, https:\/\/edicioneseldrago.com\/wp-content\/uploads\/2025\/11\/003-768x569-1-16x12.jpg 16w, https:\/\/edicioneseldrago.com\/wp-content\/uploads\/2025\/11\/003-768x569-1.jpg 768w\" sizes=\"(max-width: 300px) 100vw, 300px\" \/><\/p>\n<p>&nbsp;<\/p>\n<p style=\"text-align: center;\">Pero el paso de los d\u00edas le mostrar\u00e1 que la variedad de los momentos y compartirlos<\/p>\n<p>&nbsp;<\/p>\n<p style=\"text-align: center;\"><img loading=\"lazy\" decoding=\"async\" class=\"alignnone size-medium wp-image-19757\" src=\"https:\/\/edicioneseldrago.com\/wp-content\/uploads\/2025\/11\/006-768x569-1-300x222.jpg\" alt=\"\" width=\"300\" height=\"222\" srcset=\"https:\/\/edicioneseldrago.com\/wp-content\/uploads\/2025\/11\/006-768x569-1-300x222.jpg 300w, https:\/\/edicioneseldrago.com\/wp-content\/uploads\/2025\/11\/006-768x569-1-16x12.jpg 16w, https:\/\/edicioneseldrago.com\/wp-content\/uploads\/2025\/11\/006-768x569-1.jpg 768w\" sizes=\"(max-width: 300px) 100vw, 300px\" \/><\/p>\n<p>&nbsp;<\/p>\n<p style=\"text-align: center;\">es lo que hace que podamos estar contentos.<\/p>","protected":false},"excerpt":{"rendered":"<p><strong>Autores:<\/strong> Marta Ribes Montoliu\/Rafael Albiol Bernal<\/p>\n<p><strong>Editor:<\/strong> Ediciones El Drago<\/p>\n<p><strong>ISBN:<\/strong> 9788412093025<\/p>\n<p><strong>Dimensiones:<\/strong> 182 x 244<\/p>\n<p><strong>N\u00ba p\u00e1ginas:<\/strong> 30<\/p>\n<p><strong>Encuadernaci\u00f3n:<\/strong> R\u00fastica<\/p>","protected":false},"featured_media":18258,"comment_status":"open","ping_status":"closed","template":"","meta":{"_acf_changed":false,"wds_primary_product_brand":0,"wds_primary_product_cat":0},"product_brand":[],"product_cat":[40],"product_tag":[],"class_list":{"0":"post-18257","1":"product","2":"type-product","3":"status-publish","4":"has-post-thumbnail","6":"product_cat-otros","8":"first","9":"instock","10":"shipping-taxable","11":"purchasable","12":"product-type-simple"},"acf":[],"_links":{"self":[{"href":"https:\/\/edicioneseldrago.com\/en\/wp-json\/wp\/v2\/product\/18257","targetHints":{"allow":["GET"]}}],"collection":[{"href":"https:\/\/edicioneseldrago.com\/en\/wp-json\/wp\/v2\/product"}],"about":[{"href":"https:\/\/edicioneseldrago.com\/en\/wp-json\/wp\/v2\/types\/product"}],"replies":[{"embeddable":true,"href":"https:\/\/edicioneseldrago.com\/en\/wp-json\/wp\/v2\/comments?post=18257"}],"wp:featuredmedia":[{"embeddable":true,"href":"https:\/\/edicioneseldrago.com\/en\/wp-json\/wp\/v2\/media\/18258"}],"wp:attachment":[{"href":"https:\/\/edicioneseldrago.com\/en\/wp-json\/wp\/v2\/media?parent=18257"}],"wp:term":[{"taxonomy":"product_brand","embeddable":true,"href":"https:\/\/edicioneseldrago.com\/en\/wp-json\/wp\/v2\/product_brand?post=18257"},{"taxonomy":"product_cat","embeddable":true,"href":"https:\/\/edicioneseldrago.com\/en\/wp-json\/wp\/v2\/product_cat?post=18257"},{"taxonomy":"product_tag","embeddable":true,"href":"https:\/\/edicioneseldrago.com\/en\/wp-json\/wp\/v2\/product_tag?post=18257"}],"curies":[{"name":"wp","href":"https:\/\/api.w.org\/{rel}","templated":true}]}}