{"id":18253,"date":"2025-11-28T12:47:46","date_gmt":"2025-11-28T12:47:46","guid":{"rendered":"https:\/\/edicioneseldrago.com\/?post_type=product&#038;p=18253"},"modified":"2025-12-05T12:55:38","modified_gmt":"2025-12-05T12:55:38","slug":"la-voz-del-dia-ebook","status":"publish","type":"product","link":"https:\/\/edicioneseldrago.com\/en\/product\/la-voz-del-dia-ebook\/","title":{"rendered":"La voz del d\u00eda &#8211; Ebook"},"content":{"rendered":"<p>La voz del d\u00eda es el grito de la luz renovada de cada ma\u00f1ana que nos ofrece, desesperadamente, una nueva oportunidad para vivir y seguir equivoc\u00e1ndonos \u2014con estr\u00e9pito si es necesario\u2014 o para corregirnos pese al acechante clamor del desasosiego y la adversidad de las circunstancias.<\/p>\n<p>&nbsp;<\/p>\n<p>A\u00f1o setenta y siete<\/p>\n<p>&nbsp;<\/p>\n<p>Dejo pasar el tren de medianoche<br \/>\nEscucho los latidos ya desnudos<br \/>\nPienso en todas las bestias que me amenazan<\/p>\n<p>&nbsp;<\/p>\n<p>Las coronas doradas y los jazmines<br \/>\nEl sombrero y las pistolas<br \/>\nLas calaveras en el bolsillo<br \/>\nEl tel\u00e9fono rojo y triste<\/p>\n<p>&nbsp;<\/p>\n<p>Enciendo la l\u00e1mpara dormida y fr\u00eda<br \/>\nNo hay vecindad de lluvia ni gatos bajo los coches<br \/>\nMe oculto de m\u00ed y rompo los espejos<br \/>\nLos \u00faltimos p\u00e1jaros apagan los cigarros en los ladrillos<\/p>\n<p>&nbsp;<\/p>\n<p>Giro los anillos y las cruces<br \/>\nDesafino los bordes de los muebles<br \/>\nDormir\u00e9 sobre la alfombra con mi perra<br \/>\nPorque me gusta oler las flores de pl\u00e1stico<br \/>\nOrinar sin prisa en las esquinas<br \/>\nY llorar en sue\u00f1os sin consuelo<\/p>\n<p>&nbsp;<\/p>\n<p>Hab\u00eda puertas cerradas y un estupor blindado<br \/>\nEn el edificio olvidado donde mis ojos me buscan<br \/>\nPor eso volv\u00ed<br \/>\na apedrear las ventanas<br \/>\nY recoger los cristales rotos<\/p>\n<p>&nbsp;<\/p>\n<p>Fue all\u00ed donde estall\u00f3 la primera bomba<br \/>\nPor eso vuelvo las noches sin lluvia<br \/>\nA rescatar los restos a\u00fan fijados en las baldosas<\/p>\n<p>&nbsp;<\/p>\n<p>El radiador antiguo abrigado por siete mantas<br \/>\nLos guantes que desvisten las manos<br \/>\nEl abrigo del a\u00f1o setenta y siete<br \/>\nY el agua tibia de las siempre botas<\/p>\n<p>&nbsp;<\/p>\n<p>El crujido amable de los armarios<br \/>\nRellenos de desechos org\u00e1nicos y latas vac\u00edas<br \/>\nLa sinfon\u00eda lit\u00fargica de las tuber\u00edas<\/p>\n<p>&nbsp;<\/p>\n<p>Leo los peri\u00f3dicos del a\u00f1o setenta y siete<br \/>\nDe un desastre s\u00f3lo puede surgir otro desastre<br \/>\nAbrir\u00e9 los grifos y cerrar\u00e9 los ojos<br \/>\nDesalojar\u00e9 a los patos muertos de la ba\u00f1era<\/p>\n<p>&nbsp;<\/p>\n<p>Recuperar\u00e9 la salud<\/p>","protected":false},"excerpt":{"rendered":"<p><strong>Editor<\/strong>: Ediciones El Drago<\/p>\n<p><strong>ISBN<\/strong>: 9788412093001<\/p>\n<p><strong>Dimensiones<\/strong>: 140 x 220<\/p>\n<p><strong>N\u00ba p\u00e1ginas<\/strong>: 88<\/p>\n<p><strong>Encuadernaci\u00f3n<\/strong>: R\u00fastica<\/p>","protected":false},"featured_media":18533,"comment_status":"open","ping_status":"closed","template":"","meta":{"_acf_changed":false,"wds_primary_product_brand":0,"wds_primary_product_cat":0},"product_brand":[],"product_cat":[41,38],"product_tag":[],"class_list":{"0":"post-18253","1":"product","2":"type-product","3":"status-publish","4":"has-post-thumbnail","6":"product_cat-ebook","7":"product_cat-poesia","9":"first","10":"instock","11":"shipping-taxable","12":"purchasable","13":"product-type-simple"},"acf":[],"_links":{"self":[{"href":"https:\/\/edicioneseldrago.com\/en\/wp-json\/wp\/v2\/product\/18253","targetHints":{"allow":["GET"]}}],"collection":[{"href":"https:\/\/edicioneseldrago.com\/en\/wp-json\/wp\/v2\/product"}],"about":[{"href":"https:\/\/edicioneseldrago.com\/en\/wp-json\/wp\/v2\/types\/product"}],"replies":[{"embeddable":true,"href":"https:\/\/edicioneseldrago.com\/en\/wp-json\/wp\/v2\/comments?post=18253"}],"wp:featuredmedia":[{"embeddable":true,"href":"https:\/\/edicioneseldrago.com\/en\/wp-json\/wp\/v2\/media\/18533"}],"wp:attachment":[{"href":"https:\/\/edicioneseldrago.com\/en\/wp-json\/wp\/v2\/media?parent=18253"}],"wp:term":[{"taxonomy":"product_brand","embeddable":true,"href":"https:\/\/edicioneseldrago.com\/en\/wp-json\/wp\/v2\/product_brand?post=18253"},{"taxonomy":"product_cat","embeddable":true,"href":"https:\/\/edicioneseldrago.com\/en\/wp-json\/wp\/v2\/product_cat?post=18253"},{"taxonomy":"product_tag","embeddable":true,"href":"https:\/\/edicioneseldrago.com\/en\/wp-json\/wp\/v2\/product_tag?post=18253"}],"curies":[{"name":"wp","href":"https:\/\/api.w.org\/{rel}","templated":true}]}}