{"id":18252,"date":"2025-11-28T12:53:44","date_gmt":"2025-11-28T12:53:44","guid":{"rendered":"https:\/\/edicioneseldrago.com\/?post_type=product&#038;p=18252"},"modified":"2025-12-05T12:58:34","modified_gmt":"2025-12-05T12:58:34","slug":"el-latido-del-infinito","status":"publish","type":"product","link":"https:\/\/edicioneseldrago.com\/en\/product\/el-latido-del-infinito\/","title":{"rendered":"El latido del infinito"},"content":{"rendered":"<p>En El latido del infinito, el poeta Antonio Gurrea contribuye a esa elevada y tit\u00e1nica tarea de expresar lo inexpresable.<\/p>\n<p>&nbsp;<\/p>\n<p>Un gran diapas\u00f3n universal que todo lo ordena, donde se encuentran el ser y el ser verdadero,<br \/>\ny la \u00fanica manera de acceder a \u00e9l es a trav\u00e9s de las palabras. A trav\u00e9s de las palabras se crean los sutras, colecciones de aforismos cuyo significado se completa en su continuidad. Esta continuidad lleva al encuentro de Atman (ser del hombre) con Brahaman (su origen y destino).<\/p>\n<p>&nbsp;<\/p>\n<p>Es as\u00ed como a trav\u00e9s de las palabras el poeta teje una red en la que lo inefable se une con los cotidiano, y el d\u00eda a d\u00eda con el destino. Para ello recoge la tradici\u00f3n de los grandes maestros de todas las tradiciones como Patanjali, Sidharta Gautama, Nagarjuna o Hui Neng.<\/p>","protected":false},"excerpt":{"rendered":"<p><strong>Editor:<\/strong> Ediciones El Drago<\/p>\n<p><strong>ISBN:<\/strong> 9788494835285<\/p>\n<p><strong>Dimensiones:<\/strong> 140 x 220<\/p>\n<p><strong>N\u00ba p\u00e1ginas:<\/strong> 78<\/p>\n<p><strong>Encuadernaci\u00f3n:<\/strong> R\u00fastica<\/p>","protected":false},"featured_media":18254,"comment_status":"open","ping_status":"closed","template":"","meta":{"_acf_changed":false,"wds_primary_product_brand":0,"wds_primary_product_cat":0},"product_brand":[],"product_cat":[38],"product_tag":[],"class_list":{"0":"post-18252","1":"product","2":"type-product","3":"status-publish","4":"has-post-thumbnail","6":"product_cat-poesia","8":"first","9":"instock","10":"shipping-taxable","11":"purchasable","12":"product-type-simple"},"acf":[],"_links":{"self":[{"href":"https:\/\/edicioneseldrago.com\/en\/wp-json\/wp\/v2\/product\/18252","targetHints":{"allow":["GET"]}}],"collection":[{"href":"https:\/\/edicioneseldrago.com\/en\/wp-json\/wp\/v2\/product"}],"about":[{"href":"https:\/\/edicioneseldrago.com\/en\/wp-json\/wp\/v2\/types\/product"}],"replies":[{"embeddable":true,"href":"https:\/\/edicioneseldrago.com\/en\/wp-json\/wp\/v2\/comments?post=18252"}],"wp:featuredmedia":[{"embeddable":true,"href":"https:\/\/edicioneseldrago.com\/en\/wp-json\/wp\/v2\/media\/18254"}],"wp:attachment":[{"href":"https:\/\/edicioneseldrago.com\/en\/wp-json\/wp\/v2\/media?parent=18252"}],"wp:term":[{"taxonomy":"product_brand","embeddable":true,"href":"https:\/\/edicioneseldrago.com\/en\/wp-json\/wp\/v2\/product_brand?post=18252"},{"taxonomy":"product_cat","embeddable":true,"href":"https:\/\/edicioneseldrago.com\/en\/wp-json\/wp\/v2\/product_cat?post=18252"},{"taxonomy":"product_tag","embeddable":true,"href":"https:\/\/edicioneseldrago.com\/en\/wp-json\/wp\/v2\/product_tag?post=18252"}],"curies":[{"name":"wp","href":"https:\/\/api.w.org\/{rel}","templated":true}]}}