{"id":18251,"date":"2025-11-28T12:46:15","date_gmt":"2025-11-28T12:46:15","guid":{"rendered":"https:\/\/edicioneseldrago.com\/?post_type=product&#038;p=18251"},"modified":"2025-12-05T12:54:37","modified_gmt":"2025-12-05T12:54:37","slug":"la-tercera-orilla-ebook","status":"publish","type":"product","link":"https:\/\/edicioneseldrago.com\/en\/product\/la-tercera-orilla-ebook\/","title":{"rendered":"La tercera orilla &#8211; Ebook"},"content":{"rendered":"<p>Con La tercera orilla, la autora hace su primera incursi\u00f3n de una obra en prosa publicada de manera independiente. Se trata de una serie de relatos y originales f\u00e1bulas que van m\u00e1s all\u00e1 de lo que es cotidiano y objetivo, donde lo fant\u00e1stico se une a lo natural y limita con la libertad creativa, acompa\u00f1ando la obras con sus propias ilustraciones.<\/p>\n<p>&nbsp;<\/p>\n<p style=\"text-align: right;\">\u201cA liberdade est\u00e1 dentro de n\u00f3s, ou nao est\u00e1 em parte alguna\u201d<\/p>\n<p style=\"text-align: right;\">(Cruzeiro Seixas)<\/p>\n<p>&nbsp;<\/p>\n<p>REMORDIMIENTO<\/p>\n<p>&nbsp;<\/p>\n<p>Debiste llamarme huella, calzar mis zapatos, darme la vuelta. Pero ignoraste la hermandad de las estrellas, de qu\u00e9 baraja se olvidaron los naipes, cada misterio.<\/p>\n<p>&nbsp;<\/p>\n<p>Pasaron muchos d\u00edas hasta que una vez sentiste una punzada en el espejo. Te miraste s\u00f3lo por fuera. Por eso, aunque sientes que alguien habita la conciencia, no sabes en qu\u00e9 momento te has dejado muerto, descalzo en la cuneta.<\/p>\n<p>&nbsp;<\/p>\n<p>EL \u00daLTIMO CUENTO<\/p>\n<p>&nbsp;<\/p>\n<p>En alguna parte la abuela estar\u00eda esperando. Habr\u00eda escogido su mejor edad, aqu\u00e9lla en que sentirse abuela era su apogeo, su v\u00e9rtice de demora, su \u00faltimo gozo. Entonces corresponder\u00eda abrir la primera puerta seg\u00fan se entra al alma. All\u00ed estar\u00eda.<\/p>\n<p>&nbsp;<\/p>\n<p>Es un cuarto d\u00factil con un crep\u00fasculo al fondo.<\/p>\n<p>&nbsp;<\/p>\n<p>Siete pares de zapatos se confunden con catorce enanos. Llego junto al armario, justo donde el espejo devuelve una bombilla cansada, un traje apagado, como el \u00faltimo cuento que se olvidaron las brujas. Y entonces se cierra la puerta como un latido fuerte.<\/p>\n<p>&nbsp;<\/p>\n<p>Despierto del otro lado, tal como si estuviera inventando la transparencia de las paredes del tiempo\u2026 Pero todav\u00eda permanece el crep\u00fasculo. Comienzo a sentirme Cenicienta. Decido abrir mejor los ojos, estos ojos ya del color de la ceniza, a ver qui\u00e9n se acerca. Antes de que oscurezca.<\/p>\n<p>&nbsp;<\/p>\n<p>Es la abuela quien se acerca. Es la hora de contar un cuento. Me besa en la frente. Y sonr\u00ede.<\/p>\n<p>&nbsp;<\/p>\n<p>Entonces me despierto.<\/p>\n<p>&nbsp;<\/p>\n<p>EL FIL\u00c1NTROPO<\/p>\n<p>&nbsp;<\/p>\n<p>Hab\u00eda un rat\u00f3n tan desprendido que del queso encontrado s\u00f3lo se qued\u00f3 con el agujero.<\/p>\n<p>&nbsp;<\/p>\n<p>ROJA Y AZUL<\/p>\n<p>&nbsp;<\/p>\n<p>La rosa se volvi\u00f3 roja como la sangre. Quiz\u00e1 por leernos, el pensamiento no, la sangre. Temo que la ni\u00f1a de ojos azules, de tanto mirar a la rosa, la vuelva azul. Como la muerte.<\/p>\n<p>&nbsp;<\/p>","protected":false},"excerpt":{"rendered":"<p><strong>Editor:<\/strong> Ediciones El Drago<\/p>\n<p><strong>ISBN:<\/strong> 9788412093056<\/p>\n<p><strong>Dimensiones:<\/strong> 140 x 220<\/p>\n<p><strong>N\u00ba p\u00e1ginas:<\/strong> 270<\/p>\n<p><strong>Encuadernaci\u00f3n:<\/strong> R\u00fastica<\/p>","protected":false},"featured_media":18249,"comment_status":"open","ping_status":"closed","template":"","meta":{"_acf_changed":false,"wds_primary_product_brand":0,"wds_primary_product_cat":0},"product_brand":[],"product_cat":[41,37],"product_tag":[],"class_list":{"0":"post-18251","1":"product","2":"type-product","3":"status-publish","4":"has-post-thumbnail","6":"product_cat-ebook","7":"product_cat-narrativa","9":"first","10":"instock","11":"shipping-taxable","12":"purchasable","13":"product-type-simple"},"acf":[],"_links":{"self":[{"href":"https:\/\/edicioneseldrago.com\/en\/wp-json\/wp\/v2\/product\/18251","targetHints":{"allow":["GET"]}}],"collection":[{"href":"https:\/\/edicioneseldrago.com\/en\/wp-json\/wp\/v2\/product"}],"about":[{"href":"https:\/\/edicioneseldrago.com\/en\/wp-json\/wp\/v2\/types\/product"}],"replies":[{"embeddable":true,"href":"https:\/\/edicioneseldrago.com\/en\/wp-json\/wp\/v2\/comments?post=18251"}],"wp:featuredmedia":[{"embeddable":true,"href":"https:\/\/edicioneseldrago.com\/en\/wp-json\/wp\/v2\/media\/18249"}],"wp:attachment":[{"href":"https:\/\/edicioneseldrago.com\/en\/wp-json\/wp\/v2\/media?parent=18251"}],"wp:term":[{"taxonomy":"product_brand","embeddable":true,"href":"https:\/\/edicioneseldrago.com\/en\/wp-json\/wp\/v2\/product_brand?post=18251"},{"taxonomy":"product_cat","embeddable":true,"href":"https:\/\/edicioneseldrago.com\/en\/wp-json\/wp\/v2\/product_cat?post=18251"},{"taxonomy":"product_tag","embeddable":true,"href":"https:\/\/edicioneseldrago.com\/en\/wp-json\/wp\/v2\/product_tag?post=18251"}],"curies":[{"name":"wp","href":"https:\/\/api.w.org\/{rel}","templated":true}]}}