{"id":18248,"date":"2025-11-28T12:37:52","date_gmt":"2025-11-28T12:37:52","guid":{"rendered":"https:\/\/edicioneseldrago.com\/?post_type=product&#038;p=18248"},"modified":"2025-12-05T12:52:24","modified_gmt":"2025-12-05T12:52:24","slug":"no-soy-un-robot-ebook","status":"publish","type":"product","link":"https:\/\/edicioneseldrago.com\/en\/product\/no-soy-un-robot-ebook\/","title":{"rendered":"No soy un robot &#8211; Ebook"},"content":{"rendered":"<p>Este libro podr\u00eda haber sido escrito por un robot. Pero no lo ha sido. Somos la \u00faltima generaci\u00f3n que es m\u00e1s inteligente que sus m\u00e1quinas. Alg\u00fan d\u00eda la Inteligencia Artificial (IA) superar\u00e1 a la humana y las personas se acabar\u00e1n \u201cfusionando\u201d con los robots.<\/p>\n<p>&nbsp;<\/p>\n<p>Por el momento hay robots, como los que transitan por \u201cNo soy un robot\u201d, que hacen mejor el trabajo que los humanos. Pero, \u00bfy si no se cumplen las leyes de Isaac Asimov y las m\u00e1quinas hacen da\u00f1o a un ser humano?, o \u00bfy si nos rebelamos contra nuestras propias creaciones?, o \u00bfy si los humanos tergiversamos el objetivo para el que los robots fueron creados? Tambi\u00e9n los humanos podemos sucumbir a las nuevas tecnolog\u00edas y acabar viviendo en un mundo paralelo, el que nos ofrece la realidad virtual, como escapatoria de la soledad.<\/p>\n<p>&nbsp;<\/p>\n<p>M\u00f3nica Uriel ha explorado algunos conflictos y consecuencias de la IA en estos relatos, cada uno de ellos dedicado a una nueva tecnolog\u00eda. Por ellos pasan robots que son mu\u00f1ecas, abogados, cuidadores de ancianos, pol\u00edticos, carros de la compra, sacerdotes, trabajadores de matadero, prostitutas, coches aut\u00f3nomos, y tambi\u00e9n tecnolog\u00edas aplicadas a la b\u00fasqueda de pareja o al descubrimiento de la infidelidad, as\u00ed como impresoras 3D utilizadas con fines perversos y hologramas que cubren el hueco de los ausentes.<\/p>","protected":false},"excerpt":{"rendered":"<p><strong>Editor:<\/strong> Ediciones El Drago<\/p>\n<p><strong>ISBN:<\/strong> 9788412016550<\/p>\n<p><strong>Dimensiones:<\/strong> 140 x 220<\/p>\n<p><strong>N\u00ba p\u00e1ginas:<\/strong> 180<\/p>\n<p><strong>Encuadernaci\u00f3n:<\/strong> R\u00fastica<\/p>","protected":false},"featured_media":18245,"comment_status":"open","ping_status":"closed","template":"","meta":{"_acf_changed":false,"wds_primary_product_brand":0,"wds_primary_product_cat":0},"product_brand":[],"product_cat":[41,37],"product_tag":[],"class_list":{"0":"post-18248","1":"product","2":"type-product","3":"status-publish","4":"has-post-thumbnail","6":"product_cat-ebook","7":"product_cat-narrativa","9":"first","10":"instock","11":"shipping-taxable","12":"purchasable","13":"product-type-simple"},"acf":[],"_links":{"self":[{"href":"https:\/\/edicioneseldrago.com\/en\/wp-json\/wp\/v2\/product\/18248","targetHints":{"allow":["GET"]}}],"collection":[{"href":"https:\/\/edicioneseldrago.com\/en\/wp-json\/wp\/v2\/product"}],"about":[{"href":"https:\/\/edicioneseldrago.com\/en\/wp-json\/wp\/v2\/types\/product"}],"replies":[{"embeddable":true,"href":"https:\/\/edicioneseldrago.com\/en\/wp-json\/wp\/v2\/comments?post=18248"}],"wp:featuredmedia":[{"embeddable":true,"href":"https:\/\/edicioneseldrago.com\/en\/wp-json\/wp\/v2\/media\/18245"}],"wp:attachment":[{"href":"https:\/\/edicioneseldrago.com\/en\/wp-json\/wp\/v2\/media?parent=18248"}],"wp:term":[{"taxonomy":"product_brand","embeddable":true,"href":"https:\/\/edicioneseldrago.com\/en\/wp-json\/wp\/v2\/product_brand?post=18248"},{"taxonomy":"product_cat","embeddable":true,"href":"https:\/\/edicioneseldrago.com\/en\/wp-json\/wp\/v2\/product_cat?post=18248"},{"taxonomy":"product_tag","embeddable":true,"href":"https:\/\/edicioneseldrago.com\/en\/wp-json\/wp\/v2\/product_tag?post=18248"}],"curies":[{"name":"wp","href":"https:\/\/api.w.org\/{rel}","templated":true}]}}