{"id":18227,"date":"2025-11-27T22:49:07","date_gmt":"2025-11-27T22:49:07","guid":{"rendered":"https:\/\/edicioneseldrago.com\/?post_type=product&#038;p=18227"},"modified":"2025-12-05T12:31:02","modified_gmt":"2025-12-05T12:31:02","slug":"nosotros","status":"publish","type":"product","link":"https:\/\/edicioneseldrago.com\/en\/product\/nosotros\/","title":{"rendered":"Nosotros"},"content":{"rendered":"<p>Nosotros es una historia familiar que transcurre entre Espa\u00f1a y M\u00e9xico a lo largo de m\u00e1s de un siglo.<\/p>\n<p>&nbsp;<\/p>\n<p><img fetchpriority=\"high\" decoding=\"async\" class=\"size-medium wp-image-19742 aligncenter\" src=\"https:\/\/edicioneseldrago.com\/wp-content\/uploads\/2025\/11\/25.-Pagina-44-300x196.jpg\" alt=\"\" width=\"300\" height=\"196\" srcset=\"https:\/\/edicioneseldrago.com\/wp-content\/uploads\/2025\/11\/25.-Pagina-44-300x196.jpg 300w, https:\/\/edicioneseldrago.com\/wp-content\/uploads\/2025\/11\/25.-Pagina-44-18x12.jpg 18w, https:\/\/edicioneseldrago.com\/wp-content\/uploads\/2025\/11\/25.-Pagina-44.jpg 469w\" sizes=\"(max-width: 300px) 100vw, 300px\" \/><\/p>\n<p>&nbsp;<\/p>\n<p>El texto es una suerte de genealog\u00eda novelada donde se recuperan recuerdos y episodios vividos a lo largo de cuatro generaciones: desde la salida de los antepasados en el \u00faltimo tramo del siglo xix de la isla de La Palma, en el archipi\u00e9lago canario, hasta su llegada y establecimiento en la regi\u00f3n veracruzana de Los Tuxtlas, v\u00eda La Habana.<\/p>\n<p style=\"text-align: center;\">\n<p><img decoding=\"async\" class=\"size-medium wp-image-19743 aligncenter\" src=\"https:\/\/edicioneseldrago.com\/wp-content\/uploads\/2025\/11\/61.-Pagina-95-500x705-1-213x300.jpg\" alt=\"\" width=\"213\" height=\"300\" srcset=\"https:\/\/edicioneseldrago.com\/wp-content\/uploads\/2025\/11\/61.-Pagina-95-500x705-1-213x300.jpg 213w, https:\/\/edicioneseldrago.com\/wp-content\/uploads\/2025\/11\/61.-Pagina-95-500x705-1-9x12.jpg 9w, https:\/\/edicioneseldrago.com\/wp-content\/uploads\/2025\/11\/61.-Pagina-95-500x705-1-300x423.jpg 300w, https:\/\/edicioneseldrago.com\/wp-content\/uploads\/2025\/11\/61.-Pagina-95-500x705-1.jpg 500w\" sizes=\"(max-width: 213px) 100vw, 213px\" \/><\/p>\n<p>&nbsp;<\/p>\n<p>Algunos de los personajes contenidos en la obra son memorables y trazan, sin duda, el car\u00e1cter de la familia inmigrada, pero sobre todo reflejan el esp\u00edritu de la \u00e9poca.<\/p>\n<p>&nbsp;<\/p>\n<p>&nbsp;<\/p>\n<p><img decoding=\"async\" class=\"alignnone size-medium wp-image-19747 aligncenter\" src=\"https:\/\/edicioneseldrago.com\/wp-content\/uploads\/2025\/11\/125-Pagina-178-768x533-2-300x208.jpg\" alt=\"\" width=\"300\" height=\"208\" srcset=\"https:\/\/edicioneseldrago.com\/wp-content\/uploads\/2025\/11\/125-Pagina-178-768x533-2-300x208.jpg 300w, https:\/\/edicioneseldrago.com\/wp-content\/uploads\/2025\/11\/125-Pagina-178-768x533-2-18x12.jpg 18w, https:\/\/edicioneseldrago.com\/wp-content\/uploads\/2025\/11\/125-Pagina-178-768x533-2.jpg 768w\" sizes=\"(max-width: 300px) 100vw, 300px\" \/><\/p>","protected":false},"excerpt":{"rendered":"<p><strong>Editor:<\/strong> Ediciones El Drago<\/p>\n<p><strong>ISBN:<\/strong> 978-84-121336-8-4<\/p>\n<p><strong>Dimensiones:<\/strong> 170 x 235<\/p>\n<p><strong>N\u00ba p\u00e1ginas<\/strong>: 356<\/p>\n<p><strong>Encuadernaci\u00f3n:<\/strong> R\u00fastica<\/p>","protected":false},"featured_media":18221,"comment_status":"open","ping_status":"closed","template":"","meta":{"_acf_changed":false,"wds_primary_product_brand":0,"wds_primary_product_cat":0},"product_brand":[],"product_cat":[37],"product_tag":[],"class_list":{"0":"post-18227","1":"product","2":"type-product","3":"status-publish","4":"has-post-thumbnail","6":"product_cat-narrativa","8":"first","9":"instock","10":"shipping-taxable","11":"purchasable","12":"product-type-simple"},"acf":[],"_links":{"self":[{"href":"https:\/\/edicioneseldrago.com\/en\/wp-json\/wp\/v2\/product\/18227","targetHints":{"allow":["GET"]}}],"collection":[{"href":"https:\/\/edicioneseldrago.com\/en\/wp-json\/wp\/v2\/product"}],"about":[{"href":"https:\/\/edicioneseldrago.com\/en\/wp-json\/wp\/v2\/types\/product"}],"replies":[{"embeddable":true,"href":"https:\/\/edicioneseldrago.com\/en\/wp-json\/wp\/v2\/comments?post=18227"}],"wp:featuredmedia":[{"embeddable":true,"href":"https:\/\/edicioneseldrago.com\/en\/wp-json\/wp\/v2\/media\/18221"}],"wp:attachment":[{"href":"https:\/\/edicioneseldrago.com\/en\/wp-json\/wp\/v2\/media?parent=18227"}],"wp:term":[{"taxonomy":"product_brand","embeddable":true,"href":"https:\/\/edicioneseldrago.com\/en\/wp-json\/wp\/v2\/product_brand?post=18227"},{"taxonomy":"product_cat","embeddable":true,"href":"https:\/\/edicioneseldrago.com\/en\/wp-json\/wp\/v2\/product_cat?post=18227"},{"taxonomy":"product_tag","embeddable":true,"href":"https:\/\/edicioneseldrago.com\/en\/wp-json\/wp\/v2\/product_tag?post=18227"}],"curies":[{"name":"wp","href":"https:\/\/api.w.org\/{rel}","templated":true}]}}