{"id":18226,"date":"2025-11-27T22:45:42","date_gmt":"2025-11-27T22:45:42","guid":{"rendered":"https:\/\/edicioneseldrago.com\/?post_type=product&#038;p=18226"},"modified":"2025-12-05T12:26:19","modified_gmt":"2025-12-05T12:26:19","slug":"el-libro-de-la-guerra","status":"publish","type":"product","link":"https:\/\/edicioneseldrago.com\/en\/product\/el-libro-de-la-guerra\/","title":{"rendered":"El libro de la guerra"},"content":{"rendered":"<p>La historia de la humanidad se cuenta siempre desde una \u201clucha\u201d, a veces consciente o no de que estamos en ella.<\/p>\n<p>&nbsp;<\/p>\n<p>Este libro de cr\u00edtica y poes\u00eda social, no quiere decir nada o a lo mejor s\u00ed.<\/p>\n<p>&nbsp;<\/p>\n<p>Arvelo se agarra muy fuerte a las emociones m\u00e1s intensas y se desboca en rabiosos versos de verdades incomodas que nadie desea escuchar, o es posible que por lo contrario s\u00ed lo deseen.<\/p>\n<p>&nbsp;<\/p>\n<p>El artista tiene una responsabilidad social con su entorno, y la poes\u00eda es una herramienta perfecta para darle forma a las emociones m\u00e1s olvidadas del ser.<\/p>\n<p>&nbsp;<\/p>\n<p>En este libro de poes\u00eda, no hay un protagonista.<br \/>\nNo encontrar\u00e1 textos demasiados escritos desde el \u201cyo\u201d, no encontrar\u00e1 absolutos.<\/p>\n<p>&nbsp;<\/p>\n<p>Solo una mancha que todo el mundo observa, de la que no hablan, y que nadie parece atreverse a limpiar.<\/p>","protected":false},"excerpt":{"rendered":"<p><strong>Editor:<\/strong> Ediciones El Drago<\/p>\n<p><strong>ISBN:<\/strong> 978-84-121336-5-3<\/p>\n<p><strong>Dimensiones:<\/strong> 140 x 235<\/p>\n<p><strong>N\u00ba p\u00e1ginas:<\/strong> 244<\/p>\n<p><strong>Encuadernaci\u00f3n:<\/strong> R\u00fastica<\/p>","protected":false},"featured_media":18220,"comment_status":"open","ping_status":"closed","template":"","meta":{"_acf_changed":false,"wds_primary_product_brand":0,"wds_primary_product_cat":0},"product_brand":[],"product_cat":[38],"product_tag":[],"class_list":{"0":"post-18226","1":"product","2":"type-product","3":"status-publish","4":"has-post-thumbnail","6":"product_cat-poesia","8":"first","9":"instock","10":"shipping-taxable","11":"purchasable","12":"product-type-simple"},"acf":[],"_links":{"self":[{"href":"https:\/\/edicioneseldrago.com\/en\/wp-json\/wp\/v2\/product\/18226","targetHints":{"allow":["GET"]}}],"collection":[{"href":"https:\/\/edicioneseldrago.com\/en\/wp-json\/wp\/v2\/product"}],"about":[{"href":"https:\/\/edicioneseldrago.com\/en\/wp-json\/wp\/v2\/types\/product"}],"replies":[{"embeddable":true,"href":"https:\/\/edicioneseldrago.com\/en\/wp-json\/wp\/v2\/comments?post=18226"}],"wp:featuredmedia":[{"embeddable":true,"href":"https:\/\/edicioneseldrago.com\/en\/wp-json\/wp\/v2\/media\/18220"}],"wp:attachment":[{"href":"https:\/\/edicioneseldrago.com\/en\/wp-json\/wp\/v2\/media?parent=18226"}],"wp:term":[{"taxonomy":"product_brand","embeddable":true,"href":"https:\/\/edicioneseldrago.com\/en\/wp-json\/wp\/v2\/product_brand?post=18226"},{"taxonomy":"product_cat","embeddable":true,"href":"https:\/\/edicioneseldrago.com\/en\/wp-json\/wp\/v2\/product_cat?post=18226"},{"taxonomy":"product_tag","embeddable":true,"href":"https:\/\/edicioneseldrago.com\/en\/wp-json\/wp\/v2\/product_tag?post=18226"}],"curies":[{"name":"wp","href":"https:\/\/api.w.org\/{rel}","templated":true}]}}