{"id":18225,"date":"2025-11-27T22:39:25","date_gmt":"2025-11-27T22:39:25","guid":{"rendered":"https:\/\/edicioneseldrago.com\/?post_type=product&#038;p=18225"},"modified":"2025-12-05T15:22:56","modified_gmt":"2025-12-05T15:22:56","slug":"memorias-de-africa-2","status":"publish","type":"product","link":"https:\/\/edicioneseldrago.com\/en\/product\/memorias-de-africa-2\/","title":{"rendered":"Memorias de \u00c1frica"},"content":{"rendered":"<p>Esta es la fascinante historia de un suboficial del Ej\u00e9rcito espa\u00f1ol que form\u00f3 parte del primer equipo de Apoyo de Fuegos que nuestro pa\u00eds envi\u00f3, tras la Intervenci\u00f3n de Mal\u00ed, a instruir en t\u00e9cnicas, t\u00e1cticas y procedimientos de Artiller\u00eda y Morteros al derrotado Ej\u00e9rcito de Mal\u00ed.<\/p>\n<p>&nbsp;<\/p>\n<p>Los 10 componentes de este equipo tuvieron que reinventar los manuales para adaptarlos al nivel cultural y los medios propios de los bravos soldados malienses. Estudiaron y tradujeron del ruso las armas colectivas que este pa\u00eds ten\u00eda y tiene en servicio. Hicieron la conversi\u00f3n de mil\u00e9simas artilleras a mil\u00e9simas rusas, e idearon el medidor de \u00e1ngulos T-12. Fueron los primeros\u2026 En todo.<\/p>\n<p>&nbsp;<\/p>\n<p style=\"padding-left: 40px;\"><em>\u201cLo primero que vi fue a un comandante espa\u00f1ol d\u00e1ndonos la bienvenida. Lo siguiente, la tierra roja africana fuera de la pista de aterrizaje. Militares malienses, franceses, italianos, alemanes y, por supuesto, militares espa\u00f1oles que se mezclaban en una amalgama de uniformidades mimetizadas propias de cada pa\u00eds\u00bb.<\/em><\/p>","protected":false},"excerpt":{"rendered":"<p><strong>Editor:<\/strong> Ediciones El Drago<\/p>\n<p><strong>ISBN:<\/strong> 9788494877100<\/p>\n<p><strong>Dimensiones:<\/strong>\u00a0 \u00a0 \u00a0140 x 220<\/p>\n<p><strong>N\u00ba p\u00e1ginas:<\/strong>\u00a0 \u00a0 \u00a0 \u00a0 \u00a0352<\/p>\n<p><strong>Encuadernaci\u00f3n:<\/strong> R\u00fastica<\/p>","protected":false},"featured_media":18217,"comment_status":"open","ping_status":"closed","template":"","meta":{"_acf_changed":false,"wds_primary_product_brand":0,"wds_primary_product_cat":0},"product_brand":[],"product_cat":[37],"product_tag":[],"class_list":{"0":"post-18225","1":"product","2":"type-product","3":"status-publish","4":"has-post-thumbnail","6":"product_cat-narrativa","8":"first","9":"instock","10":"shipping-taxable","11":"purchasable","12":"product-type-simple"},"acf":[],"_links":{"self":[{"href":"https:\/\/edicioneseldrago.com\/en\/wp-json\/wp\/v2\/product\/18225","targetHints":{"allow":["GET"]}}],"collection":[{"href":"https:\/\/edicioneseldrago.com\/en\/wp-json\/wp\/v2\/product"}],"about":[{"href":"https:\/\/edicioneseldrago.com\/en\/wp-json\/wp\/v2\/types\/product"}],"replies":[{"embeddable":true,"href":"https:\/\/edicioneseldrago.com\/en\/wp-json\/wp\/v2\/comments?post=18225"}],"wp:featuredmedia":[{"embeddable":true,"href":"https:\/\/edicioneseldrago.com\/en\/wp-json\/wp\/v2\/media\/18217"}],"wp:attachment":[{"href":"https:\/\/edicioneseldrago.com\/en\/wp-json\/wp\/v2\/media?parent=18225"}],"wp:term":[{"taxonomy":"product_brand","embeddable":true,"href":"https:\/\/edicioneseldrago.com\/en\/wp-json\/wp\/v2\/product_brand?post=18225"},{"taxonomy":"product_cat","embeddable":true,"href":"https:\/\/edicioneseldrago.com\/en\/wp-json\/wp\/v2\/product_cat?post=18225"},{"taxonomy":"product_tag","embeddable":true,"href":"https:\/\/edicioneseldrago.com\/en\/wp-json\/wp\/v2\/product_tag?post=18225"}],"curies":[{"name":"wp","href":"https:\/\/api.w.org\/{rel}","templated":true}]}}