{"id":18213,"date":"2025-11-27T22:25:00","date_gmt":"2025-11-27T22:25:00","guid":{"rendered":"https:\/\/edicioneseldrago.com\/?post_type=product&#038;p=18213"},"modified":"2025-12-05T13:27:39","modified_gmt":"2025-12-05T13:27:39","slug":"prettiest-train-el-tren-mes-bonic","status":"publish","type":"product","link":"https:\/\/edicioneseldrago.com\/en\/product\/prettiest-train-el-tren-mes-bonic\/","title":{"rendered":"Prettiest train (El tren m\u00e8s bonic)"},"content":{"rendered":"<p>\u00abExisteixen blues gemegosos que s\u2019utilitzen en els espirituals de la mateixa manera que hi ha espirituals gemegosos que s\u2019utilitzen en el blues\u00bb.<\/p>\n<p>&nbsp;<\/p>\n<p>Thomas A. Dorsey<\/p>\n<p>&nbsp;<\/p>\n<p>El blues ja ho t\u00e9 aix\u00f2, juga amb l\u2019atzar, les premonicions, els capricis i els sentiments dels homes, fent dels records el seu millor patrimoni.<\/p>\n<p>&nbsp;<\/p>\n<p>Endinsantnos en la vida de diferents personatges que com els afluents del Mississippi oculten pecats i mis\u00e8ries per\u00f2 acaben confluint all\u00e0 mateix; assistirem a una nova cr\u00f2nica on les can\u00e7ons, la gent, els costums, la religiositat, el res\u00f3 de l\u2019esclavatge, els perfums del territori i sobretot l\u2019enc\u00eds de les dones, es donen la m\u00e0 amb la m\u00fasica del diable, els secrets, les tavernes, el ferrocarril, els crims, les febleses i la capacitat d\u2019oblidar.<\/p>\n<p>&nbsp;<\/p>\n<p>Una hist\u00f2ria amb ritme i cad\u00e8ncia de blues.<\/p>\n<p>&nbsp;<\/p>\n<p>Pr\u00f2leg de Big Mama Montse.<\/p>","protected":false},"excerpt":{"rendered":"<p><strong>Autor:<\/strong> Jordi Prat<\/p>\n<p><strong>Editor:<\/strong> Ediciones El Drago<\/p>\n<p><strong>ISBN:<\/strong> 978-84-12-13369-2<\/p>\n<p><strong>Dimensiones:<\/strong> 140 x 220<\/p>\n<p><strong>N\u00ba p\u00e1ginas:<\/strong> 384<\/p>\n<p><strong>Encuadernaci\u00f3n:<\/strong> R\u00fastica<\/p>","protected":false},"featured_media":18212,"comment_status":"open","ping_status":"closed","template":"","meta":{"_acf_changed":false,"wds_primary_product_brand":0,"wds_primary_product_cat":0},"product_brand":[],"product_cat":[39],"product_tag":[],"class_list":{"0":"post-18213","1":"product","2":"type-product","3":"status-publish","4":"has-post-thumbnail","6":"product_cat-ensayo","8":"first","9":"instock","10":"shipping-taxable","11":"purchasable","12":"product-type-simple"},"acf":[],"_links":{"self":[{"href":"https:\/\/edicioneseldrago.com\/en\/wp-json\/wp\/v2\/product\/18213","targetHints":{"allow":["GET"]}}],"collection":[{"href":"https:\/\/edicioneseldrago.com\/en\/wp-json\/wp\/v2\/product"}],"about":[{"href":"https:\/\/edicioneseldrago.com\/en\/wp-json\/wp\/v2\/types\/product"}],"replies":[{"embeddable":true,"href":"https:\/\/edicioneseldrago.com\/en\/wp-json\/wp\/v2\/comments?post=18213"}],"wp:featuredmedia":[{"embeddable":true,"href":"https:\/\/edicioneseldrago.com\/en\/wp-json\/wp\/v2\/media\/18212"}],"wp:attachment":[{"href":"https:\/\/edicioneseldrago.com\/en\/wp-json\/wp\/v2\/media?parent=18213"}],"wp:term":[{"taxonomy":"product_brand","embeddable":true,"href":"https:\/\/edicioneseldrago.com\/en\/wp-json\/wp\/v2\/product_brand?post=18213"},{"taxonomy":"product_cat","embeddable":true,"href":"https:\/\/edicioneseldrago.com\/en\/wp-json\/wp\/v2\/product_cat?post=18213"},{"taxonomy":"product_tag","embeddable":true,"href":"https:\/\/edicioneseldrago.com\/en\/wp-json\/wp\/v2\/product_tag?post=18213"}],"curies":[{"name":"wp","href":"https:\/\/api.w.org\/{rel}","templated":true}]}}