{"id":18210,"date":"2025-11-27T22:18:33","date_gmt":"2025-11-27T22:18:33","guid":{"rendered":"https:\/\/edicioneseldrago.com\/?post_type=product&#038;p=18210"},"modified":"2025-12-05T13:29:27","modified_gmt":"2025-12-05T13:29:27","slug":"fuertevientos-ebook","status":"publish","type":"product","link":"https:\/\/edicioneseldrago.com\/en\/product\/fuertevientos-ebook\/","title":{"rendered":"Fuertevientos &#8211; Ebook"},"content":{"rendered":"<p>Fuertevientos es un pueblo en mitad de la nada, en cualquier parte de un territorio que podr\u00eda pertenecer a esa Espa\u00f1a que sigue siendo profunda.<\/p>\n<p>&nbsp;<\/p>\n<p>Tiene la peculiaridad y la desgracia de que un viento muy pesado, que no deja de resecar cerebros, se empadron\u00f3 all\u00ed en tiempos de los moros y cristianos. Desde entonces, participa de la vida del pueblo como uno m\u00e1s. Como consecuencia de la erosi\u00f3n incesante de este fen\u00f3meno, todos sus habitantes han tenido que someterse a su voluntad y adaptarse a sus antojos.<\/p>\n<p>&nbsp;<\/p>\n<p><em>Fuertevientos<\/em> es la opereta prima de SirAngelot (\u00c1ngel Herr\u00e1iz), un humilde caballero de a pie. Es el<\/p>\n<p>fruto de cuatro a\u00f1os de iniciaci\u00f3n, de templar egos, de depuraci\u00f3n y de aprendizaje en la escuela de escritura del Ateneo de Barcelona. Este primer libro es un recopilatorio de moratones por las ca\u00eddas y<br \/>\nfrustraciones y, tambi\u00e9n, de buenas energ\u00edas y obsesiones por acabar lo empezado. Estos trece relatos<br \/>\nson la condensaci\u00f3n de un estilo que se ha ido macerando todo este tiempo. Han sido cocinados con<br \/>\ntodos los ingredientes naturales de su autor: su humor, sus heridas, su vivir en este y otros mundos.<\/p>","protected":false},"excerpt":{"rendered":"<p><strong>ISBN<\/strong>: 9788412133639<\/p>\n<p><strong>Dimensiones<\/strong>: 140 x 220<\/p>\n<p><strong>N\u00ba p\u00e1ginas<\/strong>: 180<\/p>\n<p><strong>Encuadernaci\u00f3n<\/strong>: R\u00fastica<\/p>","protected":false},"featured_media":18491,"comment_status":"open","ping_status":"closed","template":"","meta":{"_acf_changed":false,"wds_primary_product_brand":0,"wds_primary_product_cat":0},"product_brand":[],"product_cat":[41,37],"product_tag":[],"class_list":{"0":"post-18210","1":"product","2":"type-product","3":"status-publish","4":"has-post-thumbnail","6":"product_cat-ebook","7":"product_cat-narrativa","9":"first","10":"instock","11":"shipping-taxable","12":"purchasable","13":"product-type-simple"},"acf":[],"_links":{"self":[{"href":"https:\/\/edicioneseldrago.com\/en\/wp-json\/wp\/v2\/product\/18210","targetHints":{"allow":["GET"]}}],"collection":[{"href":"https:\/\/edicioneseldrago.com\/en\/wp-json\/wp\/v2\/product"}],"about":[{"href":"https:\/\/edicioneseldrago.com\/en\/wp-json\/wp\/v2\/types\/product"}],"replies":[{"embeddable":true,"href":"https:\/\/edicioneseldrago.com\/en\/wp-json\/wp\/v2\/comments?post=18210"}],"wp:featuredmedia":[{"embeddable":true,"href":"https:\/\/edicioneseldrago.com\/en\/wp-json\/wp\/v2\/media\/18491"}],"wp:attachment":[{"href":"https:\/\/edicioneseldrago.com\/en\/wp-json\/wp\/v2\/media?parent=18210"}],"wp:term":[{"taxonomy":"product_brand","embeddable":true,"href":"https:\/\/edicioneseldrago.com\/en\/wp-json\/wp\/v2\/product_brand?post=18210"},{"taxonomy":"product_cat","embeddable":true,"href":"https:\/\/edicioneseldrago.com\/en\/wp-json\/wp\/v2\/product_cat?post=18210"},{"taxonomy":"product_tag","embeddable":true,"href":"https:\/\/edicioneseldrago.com\/en\/wp-json\/wp\/v2\/product_tag?post=18210"}],"curies":[{"name":"wp","href":"https:\/\/api.w.org\/{rel}","templated":true}]}}