{"id":18202,"date":"2025-11-27T20:58:23","date_gmt":"2025-11-27T20:58:23","guid":{"rendered":"https:\/\/edicioneseldrago.com\/?post_type=product&#038;p=18202"},"modified":"2025-12-05T13:30:41","modified_gmt":"2025-12-05T13:30:41","slug":"violeta-alicia-rodriguez-perez-vida-y-obra","status":"publish","type":"product","link":"https:\/\/edicioneseldrago.com\/en\/product\/violeta-alicia-rodriguez-perez-vida-y-obra\/","title":{"rendered":"Violeta Alicia Rodr\u00edguez P\u00e9rez: vida y obra"},"content":{"rendered":"<p>Violeta Alicia Rodr\u00edguez P\u00e9rez (1925-2003). De origen humilde, destac\u00f3 a temprana edad en teatro y poes\u00eda. Consigui\u00f3 grandes logros para una \u00e9poca en que las mujeres ten\u00edan dificultades para salir adelante, pero lo logr\u00f3.<\/p>\n<p>&nbsp;<\/p>\n<p>Polifac\u00e9tica: fue artista, periodista, profesora y poeta. Obtuvo importantes premios como el Ate- neo de La Laguna en 1954 y el Benito P\u00e9rez Ar- mas en 1957, gracias a la gran pasi\u00f3n que ten\u00eda por las letras.<\/p>\n<p>&nbsp;<\/p>\n<p>Fue reconocida por su recorrido y labor cultural en 1997 con la entrega de la Medalla de Oro del municipio de Bre\u00f1a Baja, La Palma, Canarias. A partir de ah\u00ed, pasado el tiempo, fue olvida- da. Public\u00f3 Ra\u00edz y tallo en 1956 y es autora de m\u00e1s de cien poe- marios in\u00e9ditos. El lector al leer estas p\u00e1ginas redescubrir\u00e1 a una mujer asombrosa a trav\u00e9s de su vida y obra.<\/p>","protected":false},"excerpt":{"rendered":"<p><strong>Editor:<\/strong> Ediciones El Drago<\/p>\n<p><strong>ISBN:<\/strong> 978-84-121336-1-5<\/p>\n<p><strong>Dimensiones:<\/strong> 140 x 220<\/p>\n<p><strong>N\u00ba p\u00e1ginas:<\/strong> 152<\/p>\n<p><strong>Encuadernaci\u00f3n:<\/strong> R\u00fastica<\/p>","protected":false},"featured_media":18203,"comment_status":"open","ping_status":"closed","template":"","meta":{"_acf_changed":false,"wds_primary_product_brand":0,"wds_primary_product_cat":0},"product_brand":[],"product_cat":[37],"product_tag":[],"class_list":{"0":"post-18202","1":"product","2":"type-product","3":"status-publish","4":"has-post-thumbnail","6":"product_cat-narrativa","8":"first","9":"instock","10":"shipping-taxable","11":"purchasable","12":"product-type-simple"},"acf":[],"_links":{"self":[{"href":"https:\/\/edicioneseldrago.com\/en\/wp-json\/wp\/v2\/product\/18202","targetHints":{"allow":["GET"]}}],"collection":[{"href":"https:\/\/edicioneseldrago.com\/en\/wp-json\/wp\/v2\/product"}],"about":[{"href":"https:\/\/edicioneseldrago.com\/en\/wp-json\/wp\/v2\/types\/product"}],"replies":[{"embeddable":true,"href":"https:\/\/edicioneseldrago.com\/en\/wp-json\/wp\/v2\/comments?post=18202"}],"wp:featuredmedia":[{"embeddable":true,"href":"https:\/\/edicioneseldrago.com\/en\/wp-json\/wp\/v2\/media\/18203"}],"wp:attachment":[{"href":"https:\/\/edicioneseldrago.com\/en\/wp-json\/wp\/v2\/media?parent=18202"}],"wp:term":[{"taxonomy":"product_brand","embeddable":true,"href":"https:\/\/edicioneseldrago.com\/en\/wp-json\/wp\/v2\/product_brand?post=18202"},{"taxonomy":"product_cat","embeddable":true,"href":"https:\/\/edicioneseldrago.com\/en\/wp-json\/wp\/v2\/product_cat?post=18202"},{"taxonomy":"product_tag","embeddable":true,"href":"https:\/\/edicioneseldrago.com\/en\/wp-json\/wp\/v2\/product_tag?post=18202"}],"curies":[{"name":"wp","href":"https:\/\/api.w.org\/{rel}","templated":true}]}}