{"id":18198,"date":"2025-11-27T20:53:47","date_gmt":"2025-11-27T20:53:47","guid":{"rendered":"https:\/\/edicioneseldrago.com\/?post_type=product&#038;p=18198"},"modified":"2025-12-05T13:31:26","modified_gmt":"2025-12-05T13:31:26","slug":"apapachoa","status":"publish","type":"product","link":"https:\/\/edicioneseldrago.com\/en\/product\/apapachoa\/","title":{"rendered":"Apapachoa"},"content":{"rendered":"<p>\u201cAcariciar con el alma\u201d o \u201capapachoa\u201d, como se dir\u00eda en N\u00e1huatl (macrolengua yutonahua que se habla en M\u00e9xico), es el t\u00edtulo de esta obra. Un poemario ilustrado cuyas piezas han sido recolectadas durante los \u00faltimos cinco a\u00f1os. Entre dos tierras, dos culturas, dos ciudades, dos personas\u2026 Haciendo referencia al crecimiento, a la libertad, a la vida y al amor, \u201capapachoa\u201d es justamente eso, las diversas formas que tiene la vida, para acariciarte el alma.<\/p>","protected":false},"excerpt":{"rendered":"<p><strong>Editor:<\/strong> Ediciones El Drago<\/p>\n<p><strong>ISBN:<\/strong> 978-84-122198-6-9<\/p>\n<p><strong>Dimensiones:<\/strong> 140 x 220<\/p>\n<p><strong>N\u00ba p\u00e1ginas:<\/strong> 60<\/p>\n<p><strong>Encuadernaci\u00f3n:<\/strong> R\u00fastica<\/p>","protected":false},"featured_media":18199,"comment_status":"open","ping_status":"closed","template":"","meta":{"_acf_changed":false,"wds_primary_product_brand":0,"wds_primary_product_cat":0},"product_brand":[],"product_cat":[38],"product_tag":[],"class_list":{"0":"post-18198","1":"product","2":"type-product","3":"status-publish","4":"has-post-thumbnail","6":"product_cat-poesia","8":"first","9":"instock","10":"shipping-taxable","11":"purchasable","12":"product-type-simple"},"acf":[],"_links":{"self":[{"href":"https:\/\/edicioneseldrago.com\/en\/wp-json\/wp\/v2\/product\/18198","targetHints":{"allow":["GET"]}}],"collection":[{"href":"https:\/\/edicioneseldrago.com\/en\/wp-json\/wp\/v2\/product"}],"about":[{"href":"https:\/\/edicioneseldrago.com\/en\/wp-json\/wp\/v2\/types\/product"}],"replies":[{"embeddable":true,"href":"https:\/\/edicioneseldrago.com\/en\/wp-json\/wp\/v2\/comments?post=18198"}],"wp:featuredmedia":[{"embeddable":true,"href":"https:\/\/edicioneseldrago.com\/en\/wp-json\/wp\/v2\/media\/18199"}],"wp:attachment":[{"href":"https:\/\/edicioneseldrago.com\/en\/wp-json\/wp\/v2\/media?parent=18198"}],"wp:term":[{"taxonomy":"product_brand","embeddable":true,"href":"https:\/\/edicioneseldrago.com\/en\/wp-json\/wp\/v2\/product_brand?post=18198"},{"taxonomy":"product_cat","embeddable":true,"href":"https:\/\/edicioneseldrago.com\/en\/wp-json\/wp\/v2\/product_cat?post=18198"},{"taxonomy":"product_tag","embeddable":true,"href":"https:\/\/edicioneseldrago.com\/en\/wp-json\/wp\/v2\/product_tag?post=18198"}],"curies":[{"name":"wp","href":"https:\/\/api.w.org\/{rel}","templated":true}]}}