{"id":18194,"date":"2025-11-27T20:48:44","date_gmt":"2025-11-27T20:48:44","guid":{"rendered":"https:\/\/edicioneseldrago.com\/?post_type=product&#038;p=18194"},"modified":"2025-12-05T13:32:23","modified_gmt":"2025-12-05T13:32:23","slug":"atrevete-a-tocarme","status":"publish","type":"product","link":"https:\/\/edicioneseldrago.com\/en\/product\/atrevete-a-tocarme\/","title":{"rendered":"Atr\u00e9vete a tocarme"},"content":{"rendered":"<p>Tuve una t\u00eda abuela que muri\u00f3 ahogada. Sencillamente, su tr\u00e1quea quiso cerrarse; ni agua, ni comida. Yo siempre he cre\u00eddo que se atragant\u00f3 con la verdad. Es tan duro hablar de que han abusado de ti, que normalmente preferimos morir. Este poemario habla sobre el proceso transitado desde que sufres un abuso hasta que lo sanas. Toca temas como el incesto, la violaci\u00f3n, el maltrato, el desamor, los des\u00f3rdenes emocionales y alimenticios, las adiciones o la muerte, pero tambi\u00e9n del amor, la autoestima, la familia, la sanaci\u00f3n, el feminismo o el prop\u00f3sito en la vida. Es un pedazo de mi herida sanada y puede que de la tuya tambi\u00e9n ya que todas las adversidades llevan al mismo lugar: a ti mismo.<\/p>\n<p>&nbsp;<\/p>","protected":false},"excerpt":{"rendered":"<p><strong>Editor:<\/strong> Ediciones El Drago<\/p>\n<p><strong>ISBN:<\/strong> 978-84-122198-9-0<\/p>\n<p><strong>Dimensiones:<\/strong> 140 x 220<\/p>\n<p><strong>N\u00ba p\u00e1ginas:<\/strong> 80<\/p>\n<p><strong>Encuadernaci\u00f3n:<\/strong> R\u00fastica<\/p>","protected":false},"featured_media":18195,"comment_status":"open","ping_status":"closed","template":"","meta":{"_acf_changed":false,"wds_primary_product_brand":0,"wds_primary_product_cat":0},"product_brand":[],"product_cat":[38],"product_tag":[],"class_list":{"0":"post-18194","1":"product","2":"type-product","3":"status-publish","4":"has-post-thumbnail","6":"product_cat-poesia","8":"first","9":"instock","10":"shipping-taxable","11":"purchasable","12":"product-type-simple"},"acf":[],"_links":{"self":[{"href":"https:\/\/edicioneseldrago.com\/en\/wp-json\/wp\/v2\/product\/18194","targetHints":{"allow":["GET"]}}],"collection":[{"href":"https:\/\/edicioneseldrago.com\/en\/wp-json\/wp\/v2\/product"}],"about":[{"href":"https:\/\/edicioneseldrago.com\/en\/wp-json\/wp\/v2\/types\/product"}],"replies":[{"embeddable":true,"href":"https:\/\/edicioneseldrago.com\/en\/wp-json\/wp\/v2\/comments?post=18194"}],"wp:featuredmedia":[{"embeddable":true,"href":"https:\/\/edicioneseldrago.com\/en\/wp-json\/wp\/v2\/media\/18195"}],"wp:attachment":[{"href":"https:\/\/edicioneseldrago.com\/en\/wp-json\/wp\/v2\/media?parent=18194"}],"wp:term":[{"taxonomy":"product_brand","embeddable":true,"href":"https:\/\/edicioneseldrago.com\/en\/wp-json\/wp\/v2\/product_brand?post=18194"},{"taxonomy":"product_cat","embeddable":true,"href":"https:\/\/edicioneseldrago.com\/en\/wp-json\/wp\/v2\/product_cat?post=18194"},{"taxonomy":"product_tag","embeddable":true,"href":"https:\/\/edicioneseldrago.com\/en\/wp-json\/wp\/v2\/product_tag?post=18194"}],"curies":[{"name":"wp","href":"https:\/\/api.w.org\/{rel}","templated":true}]}}