{"id":17981,"date":"2025-11-26T21:26:39","date_gmt":"2025-11-26T21:26:39","guid":{"rendered":"https:\/\/edicioneseldrago.com\/?post_type=product&#038;p=17981"},"modified":"2025-12-05T13:34:08","modified_gmt":"2025-12-05T13:34:08","slug":"el-abismo-de-lo-innombrable","status":"publish","type":"product","link":"https:\/\/edicioneseldrago.com\/en\/product\/el-abismo-de-lo-innombrable\/","title":{"rendered":"El abismo de lo innombrable"},"content":{"rendered":"<p>\u00abLos poemas de Antonio se gestan y alumbran en la fragua de la alquimia elemental. Es orfebre de pensamientos que, tras vuelos estelares, anidan en el coraz\u00f3n. Faro en un oc\u00e9ano emocional que contempla mareas danzantes\u2026corrientes c\u00e1lidas y refrescantes, refrescantes y c\u00e1lidas\u2026icebergs a la deriva\u2026el reflejo de aguas subterr\u00e1neas entretejiendo soledades. Con el sustrato terrestre moldea horizontes y anhelos, con el fuego del esp\u00edritu universal purifica sus pasiones y recuerdos. As\u00ed, malabarista de alturas existenciales y cotidianas, nos regala criaturas vivas y eternas, fr\u00e1giles y mimosas, plenas de coraje y convicci\u00f3n honesta. Gracias Antonio por este seguir destilando esencias que celebran Cielo y Tierra, afuera y adentro.\u00bb<\/p>\n<p>&nbsp;<\/p>\n<p>Mar\u00eda Colodr\u00f3n, diciembre de 2020.<\/p>\n<p>&nbsp;<\/p>","protected":false},"excerpt":{"rendered":"<p><strong>Editor:<\/strong> Ediciones El Drago<\/p>\n<p><strong>ISBN:<\/strong> 978-84-18813-00-9<\/p>\n<p><strong>Dimensiones:<\/strong> 140 x 220<\/p>\n<p><strong>N\u00ba p\u00e1ginas:<\/strong> 116<\/p>\n<p><strong>Encuadernaci\u00f3n:<\/strong> R\u00fastica<\/p>","protected":false},"featured_media":17991,"comment_status":"open","ping_status":"closed","template":"","meta":{"_acf_changed":false,"wds_primary_product_brand":0,"wds_primary_product_cat":0},"product_brand":[],"product_cat":[38],"product_tag":[],"class_list":{"0":"post-17981","1":"product","2":"type-product","3":"status-publish","4":"has-post-thumbnail","6":"product_cat-poesia","8":"first","9":"instock","10":"shipping-taxable","11":"purchasable","12":"product-type-simple"},"acf":[],"_links":{"self":[{"href":"https:\/\/edicioneseldrago.com\/en\/wp-json\/wp\/v2\/product\/17981","targetHints":{"allow":["GET"]}}],"collection":[{"href":"https:\/\/edicioneseldrago.com\/en\/wp-json\/wp\/v2\/product"}],"about":[{"href":"https:\/\/edicioneseldrago.com\/en\/wp-json\/wp\/v2\/types\/product"}],"replies":[{"embeddable":true,"href":"https:\/\/edicioneseldrago.com\/en\/wp-json\/wp\/v2\/comments?post=17981"}],"wp:featuredmedia":[{"embeddable":true,"href":"https:\/\/edicioneseldrago.com\/en\/wp-json\/wp\/v2\/media\/17991"}],"wp:attachment":[{"href":"https:\/\/edicioneseldrago.com\/en\/wp-json\/wp\/v2\/media?parent=17981"}],"wp:term":[{"taxonomy":"product_brand","embeddable":true,"href":"https:\/\/edicioneseldrago.com\/en\/wp-json\/wp\/v2\/product_brand?post=17981"},{"taxonomy":"product_cat","embeddable":true,"href":"https:\/\/edicioneseldrago.com\/en\/wp-json\/wp\/v2\/product_cat?post=17981"},{"taxonomy":"product_tag","embeddable":true,"href":"https:\/\/edicioneseldrago.com\/en\/wp-json\/wp\/v2\/product_tag?post=17981"}],"curies":[{"name":"wp","href":"https:\/\/api.w.org\/{rel}","templated":true}]}}