{"id":17974,"date":"2025-11-26T20:57:16","date_gmt":"2025-11-26T20:57:16","guid":{"rendered":"https:\/\/edicioneseldrago.com\/?post_type=product&#038;p=17974"},"modified":"2025-12-05T13:37:24","modified_gmt":"2025-12-05T13:37:24","slug":"el-viaje-de-remis-2","status":"publish","type":"product","link":"https:\/\/edicioneseldrago.com\/en\/product\/el-viaje-de-remis-2\/","title":{"rendered":"El viaje de Remis"},"content":{"rendered":"<p>Caos y destrucci\u00f3n\u2026 eso es lo que la joven Remis encuentra cuando sale de su nave tras el aterrizaje accidentado en Pentuli\u00f3n. La muchacha sigue las pistas para cumplir una misi\u00f3n, encriptada en forma de enigma. Pero no es f\u00e1cil desvelar los misterios del Cosmos sin ayuda. Remis se encontrar\u00e1 con compa\u00f1eros dispuestos a ayudarla y otros que le impedir\u00e1n la misi\u00f3n. Y junto a sus nuevos amigos, explorar\u00e1 el vasto espacio y los planetas del sector Bloomfish\u2026 mientras sigue la cuenta atr\u00e1s para desvelar el enigma.<\/p>","protected":false},"excerpt":{"rendered":"<p><strong>Editor<\/strong>: Ediciones El Drago<\/p>\n<p><strong>ISBN<\/strong>: 978-84-18813-11-5<\/p>\n<p><strong>Dimensiones<\/strong>: 140 x 220<\/p>\n<p><strong>N\u00ba p\u00e1ginas<\/strong>: 216<\/p>\n<p><strong>Encuadernaci\u00f3n<\/strong>: R\u00fastica<\/p>","protected":false},"featured_media":17976,"comment_status":"open","ping_status":"closed","template":"","meta":{"_acf_changed":false,"wds_primary_product_brand":0,"wds_primary_product_cat":0},"product_brand":[],"product_cat":[37],"product_tag":[],"class_list":{"0":"post-17974","1":"product","2":"type-product","3":"status-publish","4":"has-post-thumbnail","6":"product_cat-narrativa","8":"first","9":"instock","10":"shipping-taxable","11":"purchasable","12":"product-type-simple"},"acf":[],"_links":{"self":[{"href":"https:\/\/edicioneseldrago.com\/en\/wp-json\/wp\/v2\/product\/17974","targetHints":{"allow":["GET"]}}],"collection":[{"href":"https:\/\/edicioneseldrago.com\/en\/wp-json\/wp\/v2\/product"}],"about":[{"href":"https:\/\/edicioneseldrago.com\/en\/wp-json\/wp\/v2\/types\/product"}],"replies":[{"embeddable":true,"href":"https:\/\/edicioneseldrago.com\/en\/wp-json\/wp\/v2\/comments?post=17974"}],"wp:featuredmedia":[{"embeddable":true,"href":"https:\/\/edicioneseldrago.com\/en\/wp-json\/wp\/v2\/media\/17976"}],"wp:attachment":[{"href":"https:\/\/edicioneseldrago.com\/en\/wp-json\/wp\/v2\/media?parent=17974"}],"wp:term":[{"taxonomy":"product_brand","embeddable":true,"href":"https:\/\/edicioneseldrago.com\/en\/wp-json\/wp\/v2\/product_brand?post=17974"},{"taxonomy":"product_cat","embeddable":true,"href":"https:\/\/edicioneseldrago.com\/en\/wp-json\/wp\/v2\/product_cat?post=17974"},{"taxonomy":"product_tag","embeddable":true,"href":"https:\/\/edicioneseldrago.com\/en\/wp-json\/wp\/v2\/product_tag?post=17974"}],"curies":[{"name":"wp","href":"https:\/\/api.w.org\/{rel}","templated":true}]}}