{"id":17883,"date":"2025-11-25T16:32:20","date_gmt":"2025-11-25T16:32:20","guid":{"rendered":"https:\/\/edicioneseldrago.com\/?post_type=product&#038;p=17883"},"modified":"2025-12-05T13:39:01","modified_gmt":"2025-12-05T13:39:01","slug":"cuadernos-del-subtropico-norte-ebook","status":"publish","type":"product","link":"https:\/\/edicioneseldrago.com\/en\/product\/cuadernos-del-subtropico-norte-ebook\/","title":{"rendered":"Cuadernos del Subtr\u00f3pico Norte &#8211; Ebook"},"content":{"rendered":"<p>\u00abCuadernos del Subtr\u00f3pico Norte\u00bb es un libro collage. Una obra que habla de cr\u00edmenes surrealistas, desamores de f\u00e1bula, aguacates venerados y azafatas alcoh\u00f3licas.Muchos relatos cortos, un pu\u00f1ado de versos y un atisbo troceado de novela se entremezclan en un texto cuyo \u00fanico hilo conductor es lo isle\u00f1o. Verdadero o disfrazado, como acento o como di\u00e1spora, el archipi\u00e9lago canario sirve de refugio para sentarse a leer las historias perif\u00e9ricas que la Metr\u00f3polis desech\u00f3.<\/p>\n<p>&nbsp;<\/p>\n<p>\u201cDeslumbrante, este es un libro deslumbrante. No lo dejen solo\u201d, Juan Cruz<\/p>\n<p>&nbsp;<\/p>\n<p>\u201cUn viaje por las palabras que te atrapa y engancha. Lo inconexo que, finalmente, revela la verdad\u201d, Carla Antonelli<\/p>\n<p>&nbsp;<\/p>\n<p>\u201cEl verbo se hace agua en la pluma del autor\u201d, Daniela Vega<\/p>","protected":false},"excerpt":{"rendered":"<p><strong>Editor<\/strong>: Ediciones El Drago<\/p>\n<p><strong>ISBN<\/strong>: 978-84-125092-1-2<\/p>\n<p>&nbsp;<\/p>","protected":false},"featured_media":17187,"comment_status":"open","ping_status":"closed","template":"","meta":{"_acf_changed":false,"wds_primary_product_brand":0,"wds_primary_product_cat":0},"product_brand":[],"product_cat":[41,37],"product_tag":[],"class_list":{"0":"post-17883","1":"product","2":"type-product","3":"status-publish","4":"has-post-thumbnail","6":"product_cat-ebook","7":"product_cat-narrativa","9":"first","10":"instock","11":"shipping-taxable","12":"purchasable","13":"product-type-simple"},"acf":[],"_links":{"self":[{"href":"https:\/\/edicioneseldrago.com\/en\/wp-json\/wp\/v2\/product\/17883","targetHints":{"allow":["GET"]}}],"collection":[{"href":"https:\/\/edicioneseldrago.com\/en\/wp-json\/wp\/v2\/product"}],"about":[{"href":"https:\/\/edicioneseldrago.com\/en\/wp-json\/wp\/v2\/types\/product"}],"replies":[{"embeddable":true,"href":"https:\/\/edicioneseldrago.com\/en\/wp-json\/wp\/v2\/comments?post=17883"}],"wp:featuredmedia":[{"embeddable":true,"href":"https:\/\/edicioneseldrago.com\/en\/wp-json\/wp\/v2\/media\/17187"}],"wp:attachment":[{"href":"https:\/\/edicioneseldrago.com\/en\/wp-json\/wp\/v2\/media?parent=17883"}],"wp:term":[{"taxonomy":"product_brand","embeddable":true,"href":"https:\/\/edicioneseldrago.com\/en\/wp-json\/wp\/v2\/product_brand?post=17883"},{"taxonomy":"product_cat","embeddable":true,"href":"https:\/\/edicioneseldrago.com\/en\/wp-json\/wp\/v2\/product_cat?post=17883"},{"taxonomy":"product_tag","embeddable":true,"href":"https:\/\/edicioneseldrago.com\/en\/wp-json\/wp\/v2\/product_tag?post=17883"}],"curies":[{"name":"wp","href":"https:\/\/api.w.org\/{rel}","templated":true}]}}