{"id":17882,"date":"2025-11-25T16:28:52","date_gmt":"2025-11-25T16:28:52","guid":{"rendered":"https:\/\/edicioneseldrago.com\/?post_type=product&#038;p=17882"},"modified":"2025-12-05T13:39:25","modified_gmt":"2025-12-05T13:39:25","slug":"retales-de-una-bandera-blanca-ebook","status":"publish","type":"product","link":"https:\/\/edicioneseldrago.com\/en\/product\/retales-de-una-bandera-blanca-ebook\/","title":{"rendered":"Retales de una bandera blanca &#8211; Ebook"},"content":{"rendered":"<p>Jes\u00fas Abad, Suso, es un trabajador social idealista y apasionado que, a ra\u00edz del 15M, se enrola en un partido de nuevo cu\u00f1o y se presenta a las municipales de 2015 como miembro de la candidatura de Somos Alcal\u00e1, compuesta por gente que, como \u00e9l, aterriza en la arena pol\u00edtica con muy buenas intenciones pero lega.<\/p>\n<p>&nbsp;<\/p>\n<p>Sin embargo, su ilusi\u00f3n comienza a truncarse la misma noche electoral cuando, tras el \u00e9xito que supone conseguir seis concejales, entiende que, si quieren gobernar, deber\u00e1n hacerlo de la mano del PSOE, uno de esos partidos de \u00abla casta\u00bb de la que tanto hab\u00edan renegado durante la campa\u00f1a.<\/p>\n<p>&nbsp;<\/p>\n<p>La novela cuenta, a trav\u00e9s de fragmentos entralazados, las vivencias de cientos de personas an\u00f3nimas que se lanzaron a hacer pol\u00edtica en un periodo agitado de nuestra historia, la segunda d\u00e9cada del s. XXI, con una crisis econ\u00f3mica y social como trasfondo.<\/p>\n<p>&nbsp;<\/p>\n<p>Algunas de ellas alcanzaron posiciones de poder. Otras perdieron la ilusi\u00f3n o se desfondaron en el camino. Para muchas fue una experiencia reveladora.<\/p>","protected":false},"excerpt":{"rendered":"<p><strong>Editor<\/strong>: Ediciones El Drago<\/p>\n<p><strong>ISBN<\/strong>: 978-84-125092-3-6<\/p>","protected":false},"featured_media":18512,"comment_status":"open","ping_status":"closed","template":"","meta":{"_acf_changed":false,"wds_primary_product_brand":0,"wds_primary_product_cat":0},"product_brand":[],"product_cat":[41,37],"product_tag":[],"class_list":{"0":"post-17882","1":"product","2":"type-product","3":"status-publish","4":"has-post-thumbnail","6":"product_cat-ebook","7":"product_cat-narrativa","9":"first","10":"instock","11":"shipping-taxable","12":"purchasable","13":"product-type-simple"},"acf":[],"_links":{"self":[{"href":"https:\/\/edicioneseldrago.com\/en\/wp-json\/wp\/v2\/product\/17882","targetHints":{"allow":["GET"]}}],"collection":[{"href":"https:\/\/edicioneseldrago.com\/en\/wp-json\/wp\/v2\/product"}],"about":[{"href":"https:\/\/edicioneseldrago.com\/en\/wp-json\/wp\/v2\/types\/product"}],"replies":[{"embeddable":true,"href":"https:\/\/edicioneseldrago.com\/en\/wp-json\/wp\/v2\/comments?post=17882"}],"wp:featuredmedia":[{"embeddable":true,"href":"https:\/\/edicioneseldrago.com\/en\/wp-json\/wp\/v2\/media\/18512"}],"wp:attachment":[{"href":"https:\/\/edicioneseldrago.com\/en\/wp-json\/wp\/v2\/media?parent=17882"}],"wp:term":[{"taxonomy":"product_brand","embeddable":true,"href":"https:\/\/edicioneseldrago.com\/en\/wp-json\/wp\/v2\/product_brand?post=17882"},{"taxonomy":"product_cat","embeddable":true,"href":"https:\/\/edicioneseldrago.com\/en\/wp-json\/wp\/v2\/product_cat?post=17882"},{"taxonomy":"product_tag","embeddable":true,"href":"https:\/\/edicioneseldrago.com\/en\/wp-json\/wp\/v2\/product_tag?post=17882"}],"curies":[{"name":"wp","href":"https:\/\/api.w.org\/{rel}","templated":true}]}}