{"id":17870,"date":"2025-11-25T16:27:58","date_gmt":"2025-11-25T16:27:58","guid":{"rendered":"https:\/\/edicioneseldrago.com\/?post_type=product&#038;p=17870"},"modified":"2025-12-04T22:04:12","modified_gmt":"2025-12-04T22:04:12","slug":"decalogo-de-un-psiocapata","status":"publish","type":"product","link":"https:\/\/edicioneseldrago.com\/en\/product\/decalogo-de-un-psiocapata\/","title":{"rendered":"Dec\u00e1logo de un psi\u00f3capata"},"content":{"rendered":"<p>Relatos breves sobre actos que atentan contra la vida, basados en lo contrario de la norma que dictan los diez mandamientos cristianos. Se pueden interpretar como retazos de una misma historia o como peque\u00f1as historias individuales, cuyo hilo conductor, en ambos casos, es la especulaci\u00f3n y, o, ejecuci\u00f3n de los delitos. Las ilustraciones muestran el texto con los colores de la vida. El rojo: la sangre derramada, la fuerza, la vida y la muerte. El negro: la oscuridad, el misterio, el mal y la falta de luz. Ambas creaciones secomplementan y exigen al lector una segunda lectura y una segunda mirada a las ilustraciones.<\/p>\n<p>&nbsp;<\/p>","protected":false},"excerpt":{"rendered":"<p><strong>Ilustraciones de<\/strong>: Ludovica Duke<\/p>\n<p><strong>Editor<\/strong>: Ediciones El Drago<\/p>\n<p><strong>ISBN:<\/strong> 978-84-125484-1-9<\/p>\n<p><strong>Dimensiones:<\/strong> 200 x 200<\/p>\n<p><strong>N\u00ba p\u00e1ginas<\/strong>: 26<\/p>\n<p><strong>Encuadernaci\u00f3n<\/strong>: Tapa dura<\/p>","protected":false},"featured_media":18514,"comment_status":"open","ping_status":"closed","template":"","meta":{"_acf_changed":false,"wds_primary_product_brand":0,"wds_primary_product_cat":0},"product_brand":[],"product_cat":[37],"product_tag":[],"class_list":{"0":"post-17870","1":"product","2":"type-product","3":"status-publish","4":"has-post-thumbnail","6":"product_cat-narrativa","8":"first","9":"instock","10":"shipping-taxable","11":"purchasable","12":"product-type-simple"},"acf":[],"_links":{"self":[{"href":"https:\/\/edicioneseldrago.com\/en\/wp-json\/wp\/v2\/product\/17870","targetHints":{"allow":["GET"]}}],"collection":[{"href":"https:\/\/edicioneseldrago.com\/en\/wp-json\/wp\/v2\/product"}],"about":[{"href":"https:\/\/edicioneseldrago.com\/en\/wp-json\/wp\/v2\/types\/product"}],"replies":[{"embeddable":true,"href":"https:\/\/edicioneseldrago.com\/en\/wp-json\/wp\/v2\/comments?post=17870"}],"wp:featuredmedia":[{"embeddable":true,"href":"https:\/\/edicioneseldrago.com\/en\/wp-json\/wp\/v2\/media\/18514"}],"wp:attachment":[{"href":"https:\/\/edicioneseldrago.com\/en\/wp-json\/wp\/v2\/media?parent=17870"}],"wp:term":[{"taxonomy":"product_brand","embeddable":true,"href":"https:\/\/edicioneseldrago.com\/en\/wp-json\/wp\/v2\/product_brand?post=17870"},{"taxonomy":"product_cat","embeddable":true,"href":"https:\/\/edicioneseldrago.com\/en\/wp-json\/wp\/v2\/product_cat?post=17870"},{"taxonomy":"product_tag","embeddable":true,"href":"https:\/\/edicioneseldrago.com\/en\/wp-json\/wp\/v2\/product_tag?post=17870"}],"curies":[{"name":"wp","href":"https:\/\/api.w.org\/{rel}","templated":true}]}}