{"id":17813,"date":"2025-11-24T22:35:17","date_gmt":"2025-11-24T22:35:17","guid":{"rendered":"https:\/\/edicioneseldrago.com\/?post_type=product&#038;p=17813"},"modified":"2025-12-05T13:39:58","modified_gmt":"2025-12-05T13:39:58","slug":"relatos-con-dos-orillas-ebook","status":"publish","type":"product","link":"https:\/\/edicioneseldrago.com\/en\/product\/relatos-con-dos-orillas-ebook\/","title":{"rendered":"Relatos con dos orillas &#8211; Ebook"},"content":{"rendered":"<p>Historias breves y casi autobiogr\u00e1ficas que, en una primera parte, resignifican recuerdos y experiencias de alguien que parti\u00f3 de una peque\u00f1a ciudad argentina y que hoy vive en Madrid, y que en la segunda parte, nos habla de su cotidianidad en Espa\u00f1a. Con protagonistas que luchan contra la mediocridad o la injusticia social que nos corroe. Son las orillas de las que nos habla el autor, desde una mirada entre cr\u00edtica y emp\u00e1tica para descubrir miserias y grandezas a trav\u00e9s de situaciones concretas.<\/p>\n<p>&nbsp;<\/p>\n<p>Los personajes no son heroicos pero s\u00ed vulnerables, sensibles, en muchas ocasiones, tiernos. Algunos buscan, aunque a veces sin salida. Y es una visi\u00f3n profundamente social, porque a trav\u00e9s de estas microhistorias se cuenta la sociedad que ve (y resiste) el autor. Tambi\u00e9n lo es, porque intenta hacer visibles el tipo de subjetividades que se han construido en las \u00faltimas d\u00e9cadas.<\/p>\n<p>&nbsp;<\/p>\n<p>El estilo puede ir desde el lenguaje duro, casi hiriente, hasta resolver desde lo po\u00e9tico situaciones que pueden ser profundamente dolorosas. Puede, conscientemente instalarse en una prosa po\u00e9tica que invoca la narrativa latinoamericana. O recoger las formas cotidianas del habla urbana.<\/p>\n<p>&nbsp;<\/p>","protected":false},"excerpt":{"rendered":"<p><strong>Editor<\/strong>: Ediciones El Drago<\/p>","protected":false},"featured_media":17814,"comment_status":"open","ping_status":"closed","template":"","meta":{"_acf_changed":false,"wds_primary_product_brand":0,"wds_primary_product_cat":0},"product_brand":[],"product_cat":[41,37],"product_tag":[],"class_list":{"0":"post-17813","1":"product","2":"type-product","3":"status-publish","4":"has-post-thumbnail","6":"product_cat-ebook","7":"product_cat-narrativa","9":"first","10":"instock","11":"shipping-taxable","12":"purchasable","13":"product-type-simple"},"acf":[],"_links":{"self":[{"href":"https:\/\/edicioneseldrago.com\/en\/wp-json\/wp\/v2\/product\/17813","targetHints":{"allow":["GET"]}}],"collection":[{"href":"https:\/\/edicioneseldrago.com\/en\/wp-json\/wp\/v2\/product"}],"about":[{"href":"https:\/\/edicioneseldrago.com\/en\/wp-json\/wp\/v2\/types\/product"}],"replies":[{"embeddable":true,"href":"https:\/\/edicioneseldrago.com\/en\/wp-json\/wp\/v2\/comments?post=17813"}],"wp:featuredmedia":[{"embeddable":true,"href":"https:\/\/edicioneseldrago.com\/en\/wp-json\/wp\/v2\/media\/17814"}],"wp:attachment":[{"href":"https:\/\/edicioneseldrago.com\/en\/wp-json\/wp\/v2\/media?parent=17813"}],"wp:term":[{"taxonomy":"product_brand","embeddable":true,"href":"https:\/\/edicioneseldrago.com\/en\/wp-json\/wp\/v2\/product_brand?post=17813"},{"taxonomy":"product_cat","embeddable":true,"href":"https:\/\/edicioneseldrago.com\/en\/wp-json\/wp\/v2\/product_cat?post=17813"},{"taxonomy":"product_tag","embeddable":true,"href":"https:\/\/edicioneseldrago.com\/en\/wp-json\/wp\/v2\/product_tag?post=17813"}],"curies":[{"name":"wp","href":"https:\/\/api.w.org\/{rel}","templated":true}]}}