{"id":17497,"date":"2025-11-22T02:44:09","date_gmt":"2025-11-22T02:44:09","guid":{"rendered":"https:\/\/edicioneseldrago.com\/?post_type=product&#038;p=17497"},"modified":"2025-12-05T13:41:56","modified_gmt":"2025-12-05T13:41:56","slug":"ahoras","status":"publish","type":"product","link":"https:\/\/edicioneseldrago.com\/en\/product\/ahoras\/","title":{"rendered":"Ahoras"},"content":{"rendered":"<p>Desde su refugio en un castillo alem\u00e1n, Parisicilia arremete de nuevo contra la poes\u00eda, indiferente a reglas y convencionalismos. La autora nos invita a zambullirnos en el no-tiempo, a combatir contra la irrealidad de las horas, a trav\u00e9s de una delicada red de poemas y de linograbados on\u00edricos, profundamente simb\u00f3licos.<\/p>\n<p>&nbsp;<\/p>","protected":false},"excerpt":{"rendered":"<p><strong>Editor<\/strong>: Ediciones El Drago<\/p>\n<p><strong>ISBN<\/strong>: 9788494835209<\/p>\n<p><strong>Dimensiones<\/strong>: 140 x 220<\/p>\n<p><strong>N\u00ba p\u00e1ginas<\/strong>: 100<\/p>\n<p><strong>Encuadernaci\u00f3n<\/strong>: R\u00fastica<\/p>","protected":false},"featured_media":18544,"comment_status":"open","ping_status":"closed","template":"","meta":{"_acf_changed":false,"wds_primary_product_brand":0,"wds_primary_product_cat":0},"product_brand":[],"product_cat":[38],"product_tag":[],"class_list":{"0":"post-17497","1":"product","2":"type-product","3":"status-publish","4":"has-post-thumbnail","6":"product_cat-poesia","8":"first","9":"instock","10":"shipping-taxable","11":"purchasable","12":"product-type-simple"},"acf":[],"_links":{"self":[{"href":"https:\/\/edicioneseldrago.com\/en\/wp-json\/wp\/v2\/product\/17497","targetHints":{"allow":["GET"]}}],"collection":[{"href":"https:\/\/edicioneseldrago.com\/en\/wp-json\/wp\/v2\/product"}],"about":[{"href":"https:\/\/edicioneseldrago.com\/en\/wp-json\/wp\/v2\/types\/product"}],"replies":[{"embeddable":true,"href":"https:\/\/edicioneseldrago.com\/en\/wp-json\/wp\/v2\/comments?post=17497"}],"wp:featuredmedia":[{"embeddable":true,"href":"https:\/\/edicioneseldrago.com\/en\/wp-json\/wp\/v2\/media\/18544"}],"wp:attachment":[{"href":"https:\/\/edicioneseldrago.com\/en\/wp-json\/wp\/v2\/media?parent=17497"}],"wp:term":[{"taxonomy":"product_brand","embeddable":true,"href":"https:\/\/edicioneseldrago.com\/en\/wp-json\/wp\/v2\/product_brand?post=17497"},{"taxonomy":"product_cat","embeddable":true,"href":"https:\/\/edicioneseldrago.com\/en\/wp-json\/wp\/v2\/product_cat?post=17497"},{"taxonomy":"product_tag","embeddable":true,"href":"https:\/\/edicioneseldrago.com\/en\/wp-json\/wp\/v2\/product_tag?post=17497"}],"curies":[{"name":"wp","href":"https:\/\/api.w.org\/{rel}","templated":true}]}}