{"id":17495,"date":"2025-11-22T02:40:58","date_gmt":"2025-11-22T02:40:58","guid":{"rendered":"https:\/\/edicioneseldrago.com\/?post_type=product&#038;p=17495"},"modified":"2025-12-04T22:37:13","modified_gmt":"2025-12-04T22:37:13","slug":"1-mes-en-calcuta","status":"publish","type":"product","link":"https:\/\/edicioneseldrago.com\/en\/product\/1-mes-en-calcuta\/","title":{"rendered":"# 1 mes en Calcuta"},"content":{"rendered":"<p>#1MesEnCalcuta es una inmersi\u00f3n en los h\u00e1bitos y costumbres de un pa\u00eds fascinante e imprevisible como es la India. La particularidad de este fresco radica en que el relato de las experiencias vividas parte de la mirada inquieta y entrometida de un joven estudiante de periodismo durante su voluntariado en el mes de julio de 2017. El formato diar\u00edstico permite al autor construir una narraci\u00f3n \u00edntima, plena de interrogantes que ponen en cuesti\u00f3n los prejuicios occidentales; y es desde estas preguntas fundamentales que se invita al lector a emprender la aventura que supone descubrir al otro. Un viaje experiencial y epif\u00e1nico que se nutre de todo tipo de peripecias a trav\u00e9s de la India y que se traduce en una treintena de escritos breves amenos, \u00e1giles, impresionistas, trufados de emociones, sin desde\u00f1ar la necesaria reflexi\u00f3n.<\/p>\n<p>&nbsp;<\/p>","protected":false},"excerpt":{"rendered":"<p><strong>Editor<\/strong>: Ediciones El Drago<\/p>\n<p><strong>ISBN<\/strong>: 978-84-122198-0-7<\/p>\n<p><strong>Dimensiones<\/strong>: 140 x 220<\/p>\n<p><strong>N\u00ba p\u00e1ginas<\/strong>: 132<\/p>\n<p><strong>Encuadernaci\u00f3n<\/strong>: R\u00fastica<\/p>","protected":false},"featured_media":17496,"comment_status":"open","ping_status":"closed","template":"","meta":{"_acf_changed":false,"wds_primary_product_brand":0,"wds_primary_product_cat":0},"product_brand":[],"product_cat":[39],"product_tag":[],"class_list":{"0":"post-17495","1":"product","2":"type-product","3":"status-publish","4":"has-post-thumbnail","6":"product_cat-ensayo","8":"first","9":"instock","10":"shipping-taxable","11":"purchasable","12":"product-type-simple"},"acf":[],"_links":{"self":[{"href":"https:\/\/edicioneseldrago.com\/en\/wp-json\/wp\/v2\/product\/17495","targetHints":{"allow":["GET"]}}],"collection":[{"href":"https:\/\/edicioneseldrago.com\/en\/wp-json\/wp\/v2\/product"}],"about":[{"href":"https:\/\/edicioneseldrago.com\/en\/wp-json\/wp\/v2\/types\/product"}],"replies":[{"embeddable":true,"href":"https:\/\/edicioneseldrago.com\/en\/wp-json\/wp\/v2\/comments?post=17495"}],"wp:featuredmedia":[{"embeddable":true,"href":"https:\/\/edicioneseldrago.com\/en\/wp-json\/wp\/v2\/media\/17496"}],"wp:attachment":[{"href":"https:\/\/edicioneseldrago.com\/en\/wp-json\/wp\/v2\/media?parent=17495"}],"wp:term":[{"taxonomy":"product_brand","embeddable":true,"href":"https:\/\/edicioneseldrago.com\/en\/wp-json\/wp\/v2\/product_brand?post=17495"},{"taxonomy":"product_cat","embeddable":true,"href":"https:\/\/edicioneseldrago.com\/en\/wp-json\/wp\/v2\/product_cat?post=17495"},{"taxonomy":"product_tag","embeddable":true,"href":"https:\/\/edicioneseldrago.com\/en\/wp-json\/wp\/v2\/product_tag?post=17495"}],"curies":[{"name":"wp","href":"https:\/\/api.w.org\/{rel}","templated":true}]}}