{"id":17491,"date":"2025-11-22T02:36:03","date_gmt":"2025-11-22T02:36:03","guid":{"rendered":"https:\/\/edicioneseldrago.com\/?post_type=product&#038;p=17491"},"modified":"2025-12-01T22:42:00","modified_gmt":"2025-12-01T22:42:00","slug":"un-destello-que-flota-20-anos-del-festival-internacional-de-cine","status":"publish","type":"product","link":"https:\/\/edicioneseldrago.com\/en\/product\/un-destello-que-flota-20-anos-del-festival-internacional-de-cine\/","title":{"rendered":"Un destello que flota. 20 a\u00f1os del Festival Internacional de Cine"},"content":{"rendered":"<p><span style=\"font-weight: 400;\">El Festival Internacional de Cine de Las Palmas de Gran Canaria cumple 20 a\u00f1os de historia. Dos d\u00e9cadas que han sido testigo no solo de las mutaciones y transformaciones en el cine que han hecho de los festivales un agente algo diferente de lo que hab\u00eda sido hasta ahora, sino tambi\u00e9n, en paralelo, del nacimiento y evoluci\u00f3n de la cita cinematogr\u00e1fica m\u00e1s importante de la ciudad. En esta edici\u00f3n especial, el Festival edita \u00abUn destello que flota. 20 a\u00f1os del Festival Internacional de Cine de Las Palmas de Gran Canaria\u00bb, una publicaci\u00f3n que coordina el hist\u00f3rico miembro de la Asociaci\u00f3n de Cine V\u00e9rtigo, Jes\u00fas Garc\u00eda Hermosa, y que \u201cexplica por qu\u00e9 los festivales tienen la importancia que tienen a d\u00eda de hoy y cu\u00e1l es el papel que han cumplido a lo largo de estas dos primeras d\u00e9cadas del siglo XXI\u201d, seg\u00fan explica el director del certamen, Luis Miranda<\/span><\/p>","protected":false},"excerpt":{"rendered":"<p><strong>Editor:<\/strong> Ediciones El Drago<\/p>\n<p><strong>ISBN:<\/strong> 978-84-123279-9-1<\/p>\n<p><strong>Dimensiones:<\/strong> 170 x 235<\/p>\n<p><strong>N\u00ba p\u00e1ginas:<\/strong> 432<\/p>\n<p><strong>Encuadernaci\u00f3n:<\/strong> R\u00fastica<\/p>","protected":false},"featured_media":17493,"comment_status":"open","ping_status":"closed","template":"","meta":{"_acf_changed":false,"wds_primary_product_brand":0,"wds_primary_product_cat":0},"product_brand":[],"product_cat":[39],"product_tag":[],"class_list":{"0":"post-17491","1":"product","2":"type-product","3":"status-publish","4":"has-post-thumbnail","6":"product_cat-ensayo","8":"first","9":"instock","10":"shipping-taxable","11":"purchasable","12":"product-type-simple"},"acf":[],"_links":{"self":[{"href":"https:\/\/edicioneseldrago.com\/en\/wp-json\/wp\/v2\/product\/17491","targetHints":{"allow":["GET"]}}],"collection":[{"href":"https:\/\/edicioneseldrago.com\/en\/wp-json\/wp\/v2\/product"}],"about":[{"href":"https:\/\/edicioneseldrago.com\/en\/wp-json\/wp\/v2\/types\/product"}],"replies":[{"embeddable":true,"href":"https:\/\/edicioneseldrago.com\/en\/wp-json\/wp\/v2\/comments?post=17491"}],"wp:featuredmedia":[{"embeddable":true,"href":"https:\/\/edicioneseldrago.com\/en\/wp-json\/wp\/v2\/media\/17493"}],"wp:attachment":[{"href":"https:\/\/edicioneseldrago.com\/en\/wp-json\/wp\/v2\/media?parent=17491"}],"wp:term":[{"taxonomy":"product_brand","embeddable":true,"href":"https:\/\/edicioneseldrago.com\/en\/wp-json\/wp\/v2\/product_brand?post=17491"},{"taxonomy":"product_cat","embeddable":true,"href":"https:\/\/edicioneseldrago.com\/en\/wp-json\/wp\/v2\/product_cat?post=17491"},{"taxonomy":"product_tag","embeddable":true,"href":"https:\/\/edicioneseldrago.com\/en\/wp-json\/wp\/v2\/product_tag?post=17491"}],"curies":[{"name":"wp","href":"https:\/\/api.w.org\/{rel}","templated":true}]}}