{"id":17490,"date":"2025-11-22T02:24:33","date_gmt":"2025-11-22T02:24:33","guid":{"rendered":"https:\/\/edicioneseldrago.com\/?post_type=product&#038;p=17490"},"modified":"2025-12-05T13:42:40","modified_gmt":"2025-12-05T13:42:40","slug":"un-camarada-sovietico-ha-apunalado-a-otro-camarada-sovietico","status":"publish","type":"product","link":"https:\/\/edicioneseldrago.com\/en\/product\/un-camarada-sovietico-ha-apunalado-a-otro-camarada-sovietico\/","title":{"rendered":"Un camarada sovi\u00e9tico ha apu\u00f1alado a otro camarada sovi\u00e9tico"},"content":{"rendered":"<p>URSS 1939-1957: un camino por la ilusi\u00f3n, la sorpresa, la incredulidad, la traici\u00f3n, la c\u00e1rcel, los campos de concentraci\u00f3n. A los espa\u00f1oles emigrados se nos exigi\u00f3 lo mismo que a todos los dem\u00e1s extranjeros. Retenidos en el pa\u00eds, de buen grado o por la fuerza, los que no supimos, o no pudimos, o no quisimos disimular nuestra cr\u00edtica?, fuimos castigados al primer s\u00edntoma de \u00abinsatisfacci\u00f3n de la vida sovi\u00e9tica\u00bb.<\/p>","protected":false},"excerpt":{"rendered":"<p><strong>ISBN<\/strong>: 978-84-122198-8-3<\/p>\n<p><strong>Dimensiones<\/strong>: 230&#215;150<\/p>\n<p><strong>N\u00ba p\u00e1ginas<\/strong>: 277<\/p>\n<p><strong>Encuadernaci\u00f3n<\/strong>: R\u00fastica<\/p>","protected":false},"featured_media":18526,"comment_status":"open","ping_status":"closed","template":"","meta":{"_acf_changed":false,"wds_primary_product_brand":0,"wds_primary_product_cat":0},"product_brand":[],"product_cat":[37],"product_tag":[],"class_list":{"0":"post-17490","1":"product","2":"type-product","3":"status-publish","4":"has-post-thumbnail","6":"product_cat-narrativa","8":"first","9":"instock","10":"shipping-taxable","11":"purchasable","12":"product-type-simple"},"acf":[],"_links":{"self":[{"href":"https:\/\/edicioneseldrago.com\/en\/wp-json\/wp\/v2\/product\/17490","targetHints":{"allow":["GET"]}}],"collection":[{"href":"https:\/\/edicioneseldrago.com\/en\/wp-json\/wp\/v2\/product"}],"about":[{"href":"https:\/\/edicioneseldrago.com\/en\/wp-json\/wp\/v2\/types\/product"}],"replies":[{"embeddable":true,"href":"https:\/\/edicioneseldrago.com\/en\/wp-json\/wp\/v2\/comments?post=17490"}],"wp:featuredmedia":[{"embeddable":true,"href":"https:\/\/edicioneseldrago.com\/en\/wp-json\/wp\/v2\/media\/18526"}],"wp:attachment":[{"href":"https:\/\/edicioneseldrago.com\/en\/wp-json\/wp\/v2\/media?parent=17490"}],"wp:term":[{"taxonomy":"product_brand","embeddable":true,"href":"https:\/\/edicioneseldrago.com\/en\/wp-json\/wp\/v2\/product_brand?post=17490"},{"taxonomy":"product_cat","embeddable":true,"href":"https:\/\/edicioneseldrago.com\/en\/wp-json\/wp\/v2\/product_cat?post=17490"},{"taxonomy":"product_tag","embeddable":true,"href":"https:\/\/edicioneseldrago.com\/en\/wp-json\/wp\/v2\/product_tag?post=17490"}],"curies":[{"name":"wp","href":"https:\/\/api.w.org\/{rel}","templated":true}]}}