{"id":17489,"date":"2025-11-22T02:21:10","date_gmt":"2025-11-22T02:21:10","guid":{"rendered":"https:\/\/edicioneseldrago.com\/?post_type=product&#038;p=17489"},"modified":"2025-12-05T13:42:50","modified_gmt":"2025-12-05T13:42:50","slug":"los-besos-estan-prohibidos","status":"publish","type":"product","link":"https:\/\/edicioneseldrago.com\/en\/product\/los-besos-estan-prohibidos\/","title":{"rendered":"Los besos est\u00e1n prohibidos"},"content":{"rendered":"<p>Estar encerrado es una oportunidad \u00fanica para escribir. Sensibilidad, soledad, miedo, tiempo, muerte, amor, familia, enfermedad y esperanza. Todas estas emociones aparecen en el libro de la Escuela Literaria realizado por escritores\/as de edades entre los 12 y los 80 a\u00f1os.<\/p>\n<p>&nbsp;<\/p>\n<p>\u201cLos besos est\u00e1n prohibidos\u201d es una recopilaci\u00f3n de textos escritos en la \u00e9poca del confinamiento por el Covid-19: poemas, relatos y reflexiones de alumnado de la Escuela Literaria en sus diferentes cursos de T\u00e9cnicas de la Imaginaci\u00f3n, Creaci\u00f3n Literaria, Memorias, J\u00f3venes Escritores, Relato Breve, Poes\u00eda, Novela y algunos escritores\/as de reconocido prestigio.<\/p>","protected":false},"excerpt":{"rendered":"<p><strong>Editor<\/strong>: Ediciones El Drago<\/p>\n<p><strong>ISBN<\/strong>: 978-84-122485-6-2<\/p>\n<p><strong>Dimensiones<\/strong>: 140 x 220<\/p>\n<p><strong>N\u00ba p\u00e1ginas<\/strong>: 156<\/p>\n<p><strong>Encuadernaci\u00f3n<\/strong>: R\u00fastica<\/p>","protected":false},"featured_media":17325,"comment_status":"open","ping_status":"closed","template":"","meta":{"_acf_changed":false,"wds_primary_product_brand":0,"wds_primary_product_cat":0},"product_brand":[],"product_cat":[37],"product_tag":[],"class_list":{"0":"post-17489","1":"product","2":"type-product","3":"status-publish","4":"has-post-thumbnail","6":"product_cat-narrativa","8":"first","9":"instock","10":"shipping-taxable","11":"purchasable","12":"product-type-simple"},"acf":[],"_links":{"self":[{"href":"https:\/\/edicioneseldrago.com\/en\/wp-json\/wp\/v2\/product\/17489","targetHints":{"allow":["GET"]}}],"collection":[{"href":"https:\/\/edicioneseldrago.com\/en\/wp-json\/wp\/v2\/product"}],"about":[{"href":"https:\/\/edicioneseldrago.com\/en\/wp-json\/wp\/v2\/types\/product"}],"replies":[{"embeddable":true,"href":"https:\/\/edicioneseldrago.com\/en\/wp-json\/wp\/v2\/comments?post=17489"}],"wp:featuredmedia":[{"embeddable":true,"href":"https:\/\/edicioneseldrago.com\/en\/wp-json\/wp\/v2\/media\/17325"}],"wp:attachment":[{"href":"https:\/\/edicioneseldrago.com\/en\/wp-json\/wp\/v2\/media?parent=17489"}],"wp:term":[{"taxonomy":"product_brand","embeddable":true,"href":"https:\/\/edicioneseldrago.com\/en\/wp-json\/wp\/v2\/product_brand?post=17489"},{"taxonomy":"product_cat","embeddable":true,"href":"https:\/\/edicioneseldrago.com\/en\/wp-json\/wp\/v2\/product_cat?post=17489"},{"taxonomy":"product_tag","embeddable":true,"href":"https:\/\/edicioneseldrago.com\/en\/wp-json\/wp\/v2\/product_tag?post=17489"}],"curies":[{"name":"wp","href":"https:\/\/api.w.org\/{rel}","templated":true}]}}