{"id":17487,"date":"2025-11-22T02:09:37","date_gmt":"2025-11-22T02:09:37","guid":{"rendered":"https:\/\/edicioneseldrago.com\/?post_type=product&#038;p=17487"},"modified":"2025-12-05T13:43:48","modified_gmt":"2025-12-05T13:43:48","slug":"ma-vie-loin-de-toi","status":"publish","type":"product","link":"https:\/\/edicioneseldrago.com\/en\/product\/ma-vie-loin-de-toi\/","title":{"rendered":"Ma vie loin de toi"},"content":{"rendered":"<p><span dir=\"auto\">Tuve una infancia maravillosa, tan rica, tan colorida, tan fragante, y a veces tambi\u00e9n turbulenta, atrapada entre las tradiciones occidentales y senegalesas. Nacida en una familia mestiza, soy hija de herencia mestiza, moldeada por la cultura, por el color de mi piel, por la forma en que los dem\u00e1s me ven, con sus privilegios y sus penas.<\/span><br \/>\n<span dir=\"auto\">Escrib\u00ed este libro, una forma de terapia escrita, como tan acertadamente lo expres\u00f3 mi padre, un gran hombre de letras y fil\u00f3sofo, a quien se lo dedico en su memoria.<\/span><\/p>\n<p>&nbsp;<\/p>\n<p>Hijo de padre fulani y madre de Saint-\u00c9tienne, el tercero de cuatro hermanos, recib\u00ed una educaci\u00f3n franco-senegalesa en el m\u00e1s bello de los pa\u00edses, la tierra de Teranga, tierra de hospitalidad. Crec\u00ed con una inexplicable alegr\u00eda de vivir, un esp\u00edritu libre, una vida llena de risas, rebosante de felicidad. Un ni\u00f1o pleno, que amaba a sus padres y a su familia por encima de todo, sabio y travieso, creando sus propios juguetes, adorando la naturaleza, especialmente los momentos en el campo de Niaga cerca del lago Rose, las salidas de pesca con mi padre, las tardes en el regazo de mi madre y el tiempo compartido con mi inseparable primo, con quien hac\u00eda toda clase de travesuras. Las grandes celebraciones organizadas por mi abuelo, las noches en vela escuchando cuentos fulani junto al crepitar del fuego con mi t\u00edo de Fouta, aquel gran pastor de voz encantadora, la magia de sus historias que nos cautivaban hasta lo m\u00e1s profundo de nuestra imaginaci\u00f3n. Los momentos en Sicap, donde nos reun\u00edamos cincuenta o incluso cien personas frente al televisor, recibiendo toda la atenci\u00f3n que mi abuela me prodigaba. Tambi\u00e9n recuerdo las vacaciones de verano en Auvernia, en casa de la abuela Lisette, un lugar m\u00e1gico, una casa de piedra en medio del campo, junto a un riachuelo; las excursiones para recolectar frutos silvestres, las comidas con mis primos, mi primito con quien disfrutaba corriendo por las laderas cubiertas de hierba. El nacimiento de mi hermano peque\u00f1o, seguido de la mudanza, mis hermanos mayores, a quienes admiro profundamente, mis nuevos amigos, todos esos momentos de nuestra vida familiar, antes de que esta persona, que vino de qui\u00e9n sabe d\u00f3nde, cambiara nuestro destino. La ruptura familiar, nuestra partida hacia un nuevo horizonte, el encuentro con mi amada esposa y la llegada de mis seres queridos. El tan esperado reencuentro, seguido de una profunda sensaci\u00f3n de injusticia, donde miramos al cielo pregunt\u00e1ndonos por qu\u00e9; es esta herida la que me impuls\u00f3 a escribir esta novela y aliviar mi dolor.<\/p>","protected":false},"excerpt":{"rendered":"<p><strong>ISBN<\/strong>: 978-8412327960<\/p>\n<p><strong>Dimensiones<\/strong>: NA<\/p>\n<p><strong>N\u00ba p\u00e1ginas<\/strong>: 199<\/p>\n<p><strong>Encuadernaci\u00f3n<\/strong>: R\u00fastica<\/p>","protected":false},"featured_media":18519,"comment_status":"open","ping_status":"closed","template":"","meta":{"_acf_changed":false,"wds_primary_product_brand":0,"wds_primary_product_cat":0},"product_brand":[],"product_cat":[37,40],"product_tag":[],"class_list":{"0":"post-17487","1":"product","2":"type-product","3":"status-publish","4":"has-post-thumbnail","6":"product_cat-narrativa","7":"product_cat-otros","9":"first","10":"instock","11":"shipping-taxable","12":"purchasable","13":"product-type-simple"},"acf":[],"_links":{"self":[{"href":"https:\/\/edicioneseldrago.com\/en\/wp-json\/wp\/v2\/product\/17487","targetHints":{"allow":["GET"]}}],"collection":[{"href":"https:\/\/edicioneseldrago.com\/en\/wp-json\/wp\/v2\/product"}],"about":[{"href":"https:\/\/edicioneseldrago.com\/en\/wp-json\/wp\/v2\/types\/product"}],"replies":[{"embeddable":true,"href":"https:\/\/edicioneseldrago.com\/en\/wp-json\/wp\/v2\/comments?post=17487"}],"wp:featuredmedia":[{"embeddable":true,"href":"https:\/\/edicioneseldrago.com\/en\/wp-json\/wp\/v2\/media\/18519"}],"wp:attachment":[{"href":"https:\/\/edicioneseldrago.com\/en\/wp-json\/wp\/v2\/media?parent=17487"}],"wp:term":[{"taxonomy":"product_brand","embeddable":true,"href":"https:\/\/edicioneseldrago.com\/en\/wp-json\/wp\/v2\/product_brand?post=17487"},{"taxonomy":"product_cat","embeddable":true,"href":"https:\/\/edicioneseldrago.com\/en\/wp-json\/wp\/v2\/product_cat?post=17487"},{"taxonomy":"product_tag","embeddable":true,"href":"https:\/\/edicioneseldrago.com\/en\/wp-json\/wp\/v2\/product_tag?post=17487"}],"curies":[{"name":"wp","href":"https:\/\/api.w.org\/{rel}","templated":true}]}}