{"id":17485,"date":"2025-11-22T01:49:23","date_gmt":"2025-11-22T01:49:23","guid":{"rendered":"https:\/\/edicioneseldrago.com\/?post_type=product&#038;p=17485"},"modified":"2025-12-05T13:44:05","modified_gmt":"2025-12-05T13:44:05","slug":"la-aventura-de-amanda","status":"publish","type":"product","link":"https:\/\/edicioneseldrago.com\/en\/product\/la-aventura-de-amanda\/","title":{"rendered":"La aventura de Amanda"},"content":{"rendered":"<p><span style=\"font-weight: 400;\">No ha sido f\u00e1cil caminar con mi encantadora y femenina Amanda. Camino que recorr\u00ed gracias a que sus pap\u00e1s compartieron conmigo toda la intimidad de sus vidas, y por pura casualidad; en todo aquello nos pasa, siempre est\u00e1 la causa-efecto. Desde el inicio de este viaje con mi exquisita ni\u00f1a, me acompa\u00f1aron d\u00edas muy dif\u00edciles. Al comenzar este libro, mi madre inici\u00f3 un viaje sin retorno al mundo del olvido donde perecieron sus recuerdos, su vida, su historia\u2026 Todo ello qued\u00f3 oculto para siempre en la profundidad de sus redondos ojos negros. Tras el desenlace desafortunado pero esperado, estaba yo junto a mi ni\u00f1a Amanda, cuando una fuerte e inexplicable presi\u00f3n se adue\u00f1\u00f3 de mi mano\u2026 quer\u00eda jugar. Me incitaba a mover las letras que ten\u00eda dispuestas para jugar. Quer\u00eda formar palabras, frases, cantar canciones y en definitiva, narrar la historia de su vida guiando mi mano para conseguir un hermoso baile de letras. Cree as\u00ed, una canci\u00f3n de amor para ella. Una historia de vida. La de una guerrera. La suya.\u00a0<\/span><\/p>\n<p>&nbsp;<\/p>\n<p><span style=\"font-weight: 400;\">Sonre\u00ed con ella, llor\u00e9, disfrut\u00e9 de su compa\u00f1\u00eda en mis peores momentos; me alentaba a continuar. Disfrutaba al contemplar su graciosa lengua cuando quer\u00eda llamar la atenci\u00f3n para que la mimasen. Sus poses eran los de una aut\u00e9ntica beb\u00e9 modelo. Parloteaba conmigo mientras yo contemplaba su dulce rostro y me cuchicheaba, \u00ab\u00a1es hora de jugar!\u00bb<\/span><\/p>\n<p>&nbsp;<\/p>\n<p><span style=\"font-weight: 400;\">Y jugamos a narrar su historia; la de una princesa llamada Amanda.<\/span><\/p>\n<p>&nbsp;<\/p>\n<p><span style=\"font-weight: 400;\">Iniciamos juntas una aventura tejida con letras.\u00a0<\/span><\/p>\n<p>&nbsp;<\/p>\n<p><span style=\"font-weight: 400;\">Un \u00e1ngel jugaba conmigo.<\/span><\/p>","protected":false},"excerpt":{"rendered":"<p><span style=\"font-weight: 400;\"><strong>ISBN<\/strong>: <\/span><b>\u00a0<\/b><span style=\"font-weight: 400;\">978-84-18813-13-9<\/span><\/p>\n<p><span style=\"font-weight: 400;\"><strong>Dimensiones<\/strong>: 140&#215;220<\/span><\/p>\n<p><span style=\"font-weight: 400;\"><strong>N\u00ba p\u00e1ginas<\/strong>: 256<\/span><\/p>\n<p><span style=\"font-weight: 400;\"><strong>Encuadernaci\u00f3n<\/strong>: R\u00fastica<\/span><\/p>","protected":false},"featured_media":17332,"comment_status":"open","ping_status":"closed","template":"","meta":{"_acf_changed":false,"wds_primary_product_brand":0,"wds_primary_product_cat":0},"product_brand":[],"product_cat":[37],"product_tag":[],"class_list":{"0":"post-17485","1":"product","2":"type-product","3":"status-publish","4":"has-post-thumbnail","6":"product_cat-narrativa","8":"first","9":"instock","10":"shipping-taxable","11":"purchasable","12":"product-type-simple"},"acf":[],"_links":{"self":[{"href":"https:\/\/edicioneseldrago.com\/en\/wp-json\/wp\/v2\/product\/17485","targetHints":{"allow":["GET"]}}],"collection":[{"href":"https:\/\/edicioneseldrago.com\/en\/wp-json\/wp\/v2\/product"}],"about":[{"href":"https:\/\/edicioneseldrago.com\/en\/wp-json\/wp\/v2\/types\/product"}],"replies":[{"embeddable":true,"href":"https:\/\/edicioneseldrago.com\/en\/wp-json\/wp\/v2\/comments?post=17485"}],"wp:featuredmedia":[{"embeddable":true,"href":"https:\/\/edicioneseldrago.com\/en\/wp-json\/wp\/v2\/media\/17332"}],"wp:attachment":[{"href":"https:\/\/edicioneseldrago.com\/en\/wp-json\/wp\/v2\/media?parent=17485"}],"wp:term":[{"taxonomy":"product_brand","embeddable":true,"href":"https:\/\/edicioneseldrago.com\/en\/wp-json\/wp\/v2\/product_brand?post=17485"},{"taxonomy":"product_cat","embeddable":true,"href":"https:\/\/edicioneseldrago.com\/en\/wp-json\/wp\/v2\/product_cat?post=17485"},{"taxonomy":"product_tag","embeddable":true,"href":"https:\/\/edicioneseldrago.com\/en\/wp-json\/wp\/v2\/product_tag?post=17485"}],"curies":[{"name":"wp","href":"https:\/\/api.w.org\/{rel}","templated":true}]}}