{"id":17389,"date":"2025-11-22T01:09:13","date_gmt":"2025-11-22T01:09:13","guid":{"rendered":"https:\/\/edicioneseldrago.com\/?post_type=product&#038;p=17389"},"modified":"2025-12-01T21:22:30","modified_gmt":"2025-12-01T21:22:30","slug":"hacia-la-santa-edad-de-todas-las-cosas-comunes","status":"publish","type":"product","link":"https:\/\/edicioneseldrago.com\/en\/product\/hacia-la-santa-edad-de-todas-las-cosas-comunes\/","title":{"rendered":"Hacia la santa edad de todas las cosas comunes"},"content":{"rendered":"<p>Javier, el protagonista del relato narra su vida desde la ni\u00f1ez hasta el momento en que es encarcelado. El texto de los diversos relatos m\u00e1s que desarrollar un argumento es un canto coral de diferentes vidas que se cruzan con el protagonista. Tras una introducci\u00f3n que pormenoriza la vida entre rejas, mientras procura escribir y leer, tratando solo lo imprescindible a sus compa\u00f1eros de prisi\u00f3n, se relata la entrada en Madrid de los mal llamados nacionales en 1939. El relato se divide en tres partes bien definidas: los avatares de Javier y Mingo, y el encuentro con el miliciano; la segunda transcurre en Par\u00eds adonde Javier llega tras lograr evadirse de la c\u00e1rcel donde lo hab\u00edan encerrado por actividades anti-franquistas. All\u00ed se integra en c\u00edrculos libertarios pacifistas y de escritores espa\u00f1oles exiliados hasta incorporarse a la redacci\u00f3n de RFI. La tercera parte relata los acontecimientos revolucionarios de Mayo del 68 durante los que conoce a Justine, guerrillera libertaria, que ser\u00e1 su amante hasta que, de regreso a Madrid, es de nuevo apresado, juzgado y condenado a cadena perpetua. En su celda escribe los relatos novelados tratados como un deber escolar que le impuso en su momento el maestro libertario. La novela finaliza con la muerte de Carrero Blanco y la esperanza de una vida democr\u00e1tica para el pa\u00eds.<\/p>","protected":false},"excerpt":{"rendered":"<p><strong>ISBN<\/strong>: 978-8418813269<\/p>\n<p><strong>Dimensiones<\/strong>: NA<\/p>\n<p><strong>N\u00ba p\u00e1ginas<\/strong>: 496<\/p>\n<p><strong>Encuadernaci\u00f3n<\/strong>: R\u00fastica<\/p>","protected":false},"featured_media":18513,"comment_status":"open","ping_status":"closed","template":"","meta":{"_acf_changed":false,"wds_primary_product_brand":0,"wds_primary_product_cat":0},"product_brand":[],"product_cat":[37],"product_tag":[],"class_list":{"0":"post-17389","1":"product","2":"type-product","3":"status-publish","4":"has-post-thumbnail","6":"product_cat-narrativa","8":"first","9":"instock","10":"shipping-taxable","11":"purchasable","12":"product-type-simple"},"acf":[],"_links":{"self":[{"href":"https:\/\/edicioneseldrago.com\/en\/wp-json\/wp\/v2\/product\/17389","targetHints":{"allow":["GET"]}}],"collection":[{"href":"https:\/\/edicioneseldrago.com\/en\/wp-json\/wp\/v2\/product"}],"about":[{"href":"https:\/\/edicioneseldrago.com\/en\/wp-json\/wp\/v2\/types\/product"}],"replies":[{"embeddable":true,"href":"https:\/\/edicioneseldrago.com\/en\/wp-json\/wp\/v2\/comments?post=17389"}],"wp:featuredmedia":[{"embeddable":true,"href":"https:\/\/edicioneseldrago.com\/en\/wp-json\/wp\/v2\/media\/18513"}],"wp:attachment":[{"href":"https:\/\/edicioneseldrago.com\/en\/wp-json\/wp\/v2\/media?parent=17389"}],"wp:term":[{"taxonomy":"product_brand","embeddable":true,"href":"https:\/\/edicioneseldrago.com\/en\/wp-json\/wp\/v2\/product_brand?post=17389"},{"taxonomy":"product_cat","embeddable":true,"href":"https:\/\/edicioneseldrago.com\/en\/wp-json\/wp\/v2\/product_cat?post=17389"},{"taxonomy":"product_tag","embeddable":true,"href":"https:\/\/edicioneseldrago.com\/en\/wp-json\/wp\/v2\/product_tag?post=17389"}],"curies":[{"name":"wp","href":"https:\/\/api.w.org\/{rel}","templated":true}]}}