{"id":17387,"date":"2025-11-21T17:03:26","date_gmt":"2025-11-21T17:03:26","guid":{"rendered":"https:\/\/edicioneseldrago.com\/?post_type=product&#038;p=17387"},"modified":"2025-12-05T13:45:33","modified_gmt":"2025-12-05T13:45:33","slug":"antalya","status":"publish","type":"product","link":"https:\/\/edicioneseldrago.com\/en\/product\/antalya\/","title":{"rendered":"Antalya"},"content":{"rendered":"<div>\n<p class=\"ParrafoNormal\">En un momento en que todo iba mal, decid\u00ed viajar en solitario a Estambul, de mochilero.<\/p>\n<\/div>\n<div>\n<p class=\"ParrafoNormal\">Aeropuerto de Barajas\u2026<\/p>\n<\/div>\n<div>\n<p class=\"ParrafoNormal\">Llegu\u00e9 a Estambul\u2026<\/p>\n<\/div>\n<div>\n<p class=\"ParrafoNormal\">Y, con una excelente gu\u00eda de viajes, me dirig\u00ed al hostal de la juventud.<\/p>\n<\/div>\n<div>\n<p class=\"ParrafoNormal\">Los colores, los olores, los sabores (pues no tard\u00e9 en tomar un kebab callejero).<\/p>\n<\/div>\n<div>\n<p class=\"ParrafoNormal\">Pas\u00e9 dos d\u00edas conociendo la ciudad y, c\u00f3mo no, acab\u00e9 andando con unos traficantes de hach\u00eds, a los que compr\u00e9 el mejor costo que he probado en mi vida.<\/p>\n<\/div>\n<div>\n<p class=\"ParrafoNormal\">Desgraciadamente, unos espa\u00f1oles del hostal me denunciaron porque dec\u00edan que les hab\u00eda robado un bolsito con dinero.<\/p>\n<\/div>\n<div>\n<p class=\"ParrafoNormal\">Os juro que era falso.<\/p>\n<\/div>\n<div>\n<p class=\"ParrafoNormal\">Cuando ellos fueron a denunciarme a la polic\u00eda, yo me dirig\u00ed a la estaci\u00f3n de autobuses y tom\u00e9 uno para Antalya.<\/p>\n<\/div>\n<div>\n<p class=\"ParrafoNormal\">\u00a1Salvado!<\/p>\n<\/div>\n<div>\n<p class=\"ParrafoNormal\">Lo que es la casualidad: A\u00f1os m\u00e1s tarde vi en la capital espa\u00f1ola a uno de mis denunciantes. Pens\u00e9 por un momento en romperle la cara pero\u2026 no val\u00eda la pena.<\/p>\n<\/div>\n<div>\n<p class=\"ParrafoNormal\">As\u00ed es que llegu\u00e9 a Antalya.<\/p>\n<\/div>\n<div>\n<p class=\"ParrafoNormal\">Una de las playas m\u00e1s hermosas que he visto en mi vida.<\/p>\n<\/div>\n<div>\n<p class=\"ParrafoNormal\">Recuerdo como si fuera hoy el tono anaranjado del anochecer.<\/p>\n<\/div>\n<div>\n<p class=\"ParrafoNormal\">Alquil\u00e9 una caba\u00f1a que estaba situada en los arenales de la playa.<\/p>\n<\/div>\n<div>\n<p class=\"ParrafoNormal\">Y en ella fui bautizado.<\/p>\n<\/div>\n<div>\n<p class=\"ParrafoNormal\">Os cuento. Desnudo, sal\u00ed de la caba\u00f1a, despu\u00e9s de fumarme dos porros\u2026<\/p>\n<\/div>\n<div>\n<p class=\"ParrafoNormal\">Era libre. Corr\u00ed sin descanso por el arenal. Siempre con un ojo puesto en la caba\u00f1a. No fuera ser que me perdiera y no fuese capaz de regresar.<\/p>\n<\/div>\n<div>\n<p class=\"ParrafoNormal\">Ser\u00eda una situaci\u00f3n ciertamente surrealista tener que ir a un hotel desnudo y, en ingl\u00e9s y algo de alem\u00e1n, explicarles lo que me hab\u00eda pasado<\/p>\n<\/div>\n<div>\n<p class=\"ParrafoNormal\">El caso es que yo segu\u00ed corriendo con los brazos extendidos. Y, por momentos, era un p\u00e1jaro.<\/p>\n<\/div>\n<div>\n<p class=\"ParrafoNormal\">Por aquel entonces yo no sab\u00eda si era un escritor en pleno \u00e9xtasis o bien un mochilero\u00a0<i>colgao<\/i>\u00a0y desequilibrado.<\/p>\n<\/div>\n<div>\n<p class=\"ParrafoNormal\">Lo cierto es que, por aquel entonces, yo le\u00eda much\u00edsimo (gran parte de mi mochila eran libros) y escrib\u00eda en una libretita que con el tiempo he perdido).<\/p>\n<\/div>\n<div>\n<p class=\"ParrafoNormal\">Pero fue, como dir\u00eda, entrar en el cielo por la puerta grande. Esp\u00edritu.<\/p>\n<\/div>\n<div>\n<p class=\"ParrafoNormal\">Y ese esp\u00edritu me acompa\u00f1ar\u00eda por espacio aproximado de un a\u00f1o.<\/p>\n<\/div>\n<div>\n<p class=\"ParrafoNormal\">Antes de ir a Turqu\u00eda, hab\u00eda estado ingresado en la compostelana cl\u00ednica del doctor Arrojo.<\/p>\n<\/div>\n<div>\n<p class=\"ParrafoNormal\">Era, pues, un enfermo: neurosis con tendencia a la toxicoman\u00eda.<\/p>\n<\/div>\n<div>\n<p class=\"ParrafoNormal\">As\u00ed pues, como nada pod\u00eda irme peor, decid\u00ed viajar en solitario para reencontrarme.<\/p>\n<\/div>\n<div>\n<p class=\"ParrafoNormal\">Y eso fue lo que ocurri\u00f3.<\/p>\n<\/div>\n<div>\n<p class=\"ParrafoNormal\">Encontr\u00e9 el esp\u00edritu.<\/p>\n<\/div>\n<div>\n<p class=\"ParrafoNormal\">Con mi linterna, leyendo poes\u00eda en la caba\u00f1a de Antalya.<\/p>\n<\/div>\n<div>\n<p class=\"ParrafoNormal\">Corriendo desnudo por el arenal.<\/p>\n<\/div>\n<div>\n<p class=\"ParrafoNormal\">Hablando, mal que bien, con los turcos.<\/p>\n<\/div>\n<div>\n<p class=\"ParrafoNormal\">Fumando con ellos.<\/p>\n<\/div>\n<div>\n<p class=\"ParrafoNormal\">Pero lo cierto es que en Antalya yo pas\u00e9 una semana en la que mi relaci\u00f3n con el pr\u00f3jimo se limitaba a pedir comida y devorarla ansioso.<\/p>\n<\/div>\n<div>\n<p class=\"ParrafoNormal\">Todo era Paz. Todo Belleza.<\/p>\n<\/div>\n<div>\n<p class=\"ParrafoNormal\">Yo, por aquel entonces, era invadido por constantes escenas de la cl\u00ednica que volv\u00edan a m\u00ed y que no me han abandonado jam\u00e1s.<\/p>\n<\/div>\n<div>\n<p class=\"ParrafoNormal\">Seg\u00fan corr\u00eda por el arenal\u2026<\/p>\n<\/div>\n<div>\n<p class=\"ParrafoNormal\">Esos rostros, esas surrealistas conversaciones\u2026<\/p>\n<\/div>\n<div>\n<p class=\"ParrafoNormal\">Todo era espiritualmente somatizado en la playa de Antalya.<\/p>\n<\/div>\n<div>\n<p class=\"ParrafoNormal\">Volv\u00ed a nacer, pero con m\u00e1s fuerza.<\/p>\n<\/div>\n<div>\n<p class=\"ParrafoNormal\">Era libre y volaba. Por encima de mis preocupaciones. De mi pasado.<\/p>\n<\/div>\n<div>\n<p class=\"ParrafoNormal\">Como dios me trajo al mundo, desnudo de ropa y alma.<\/p>\n<\/div>\n<div>\n<p class=\"ParrafoNormal\">Y siempre ser\u00eda recordada Antalya como el lugar en el que fui espiritualmente bautizado.<\/p>\n<\/div>\n<div>\n<p class=\"ParrafoNormal\">Mis escritos los perder\u00eda, pero la creaci\u00f3n hab\u00eda tenido lugar.<\/p>\n<\/div>\n<div>\n<p class=\"ParrafoNormal\">Nac\u00eda un escritor. Si bien yo pensaba que era un pobre\u00a0<i>colgao<\/i>.<\/p>\n<\/div>\n<div>\n<p class=\"ParrafoNormal\">Y eso era\u2026<\/p>\n<\/div>\n<div>\n<p class=\"ParrafoNormal\">Un escritor\u00a0<i>colgao<\/i>\u00a0en busca de s\u00ed mismo.<\/p>\n<\/div>","protected":false},"excerpt":{"rendered":"<p><strong>ISBN<\/strong>: 9788418813276<\/p>\n<p><strong>Dimensiones<\/strong>: 140&#215;220<\/p>\n<p><strong>N\u00ba p\u00e1ginas<\/strong>: 76<\/p>\n<p><strong>Encuadernaci\u00f3n<\/strong>: R\u00fastica<\/p>","protected":false},"featured_media":17337,"comment_status":"open","ping_status":"closed","template":"","meta":{"_acf_changed":false,"wds_primary_product_brand":0,"wds_primary_product_cat":0},"product_brand":[],"product_cat":[37],"product_tag":[],"class_list":{"0":"post-17387","1":"product","2":"type-product","3":"status-publish","4":"has-post-thumbnail","6":"product_cat-narrativa","8":"first","9":"instock","10":"shipping-taxable","11":"purchasable","12":"product-type-simple"},"acf":[],"_links":{"self":[{"href":"https:\/\/edicioneseldrago.com\/en\/wp-json\/wp\/v2\/product\/17387","targetHints":{"allow":["GET"]}}],"collection":[{"href":"https:\/\/edicioneseldrago.com\/en\/wp-json\/wp\/v2\/product"}],"about":[{"href":"https:\/\/edicioneseldrago.com\/en\/wp-json\/wp\/v2\/types\/product"}],"replies":[{"embeddable":true,"href":"https:\/\/edicioneseldrago.com\/en\/wp-json\/wp\/v2\/comments?post=17387"}],"wp:featuredmedia":[{"embeddable":true,"href":"https:\/\/edicioneseldrago.com\/en\/wp-json\/wp\/v2\/media\/17337"}],"wp:attachment":[{"href":"https:\/\/edicioneseldrago.com\/en\/wp-json\/wp\/v2\/media?parent=17387"}],"wp:term":[{"taxonomy":"product_brand","embeddable":true,"href":"https:\/\/edicioneseldrago.com\/en\/wp-json\/wp\/v2\/product_brand?post=17387"},{"taxonomy":"product_cat","embeddable":true,"href":"https:\/\/edicioneseldrago.com\/en\/wp-json\/wp\/v2\/product_cat?post=17387"},{"taxonomy":"product_tag","embeddable":true,"href":"https:\/\/edicioneseldrago.com\/en\/wp-json\/wp\/v2\/product_tag?post=17387"}],"curies":[{"name":"wp","href":"https:\/\/api.w.org\/{rel}","templated":true}]}}