{"id":17386,"date":"2025-11-21T17:00:48","date_gmt":"2025-11-21T17:00:48","guid":{"rendered":"https:\/\/edicioneseldrago.com\/?post_type=product&#038;p=17386"},"modified":"2025-12-05T13:46:22","modified_gmt":"2025-12-05T13:46:22","slug":"retales-de-una-bandera-blanca","status":"publish","type":"product","link":"https:\/\/edicioneseldrago.com\/en\/product\/retales-de-una-bandera-blanca\/","title":{"rendered":"Retales de una bandera blanca"},"content":{"rendered":"<p>Jes\u00fas Abad, Suso, es un trabajador social idealista y apasionado que, a ra\u00edz del 15M, acaba metido en un partido pol\u00edtico de nuevo cu\u00f1o. Se presenta a las elecciones municipales de Alcal\u00e1 de Henares como miembro de la lista Somos Alcal\u00e1, compuesta por otras personas que, como \u00e9l, aterrizan en el mundo de la pol\u00edtica con muy buenas intenciones, pero legas.<br \/>\nSin embargo, su ilusi\u00f3n comienza a quebrarse la misma noche electoral cuando, tras el \u00e9xito que supone conseguir seis concejales, entienden que, si quieren gobernar, estar\u00e1n obligados a hacerlo de la mano del vencedor de la noche, el PSOE, uno de esos partidos de \u00abla casta\u00bb de la que tanto hab\u00edan renegado durante la campa\u00f1a.<\/p>\n<p>Mientras ultiman las negociaciones para formar gobierno con los socialistas, reciben la visita precipitada de un recadero de la c\u00fapula de Podemos, para advertirles de que no tolerar\u00e1n que entren en coalici\u00f3n de gobierno, pues pondr\u00edan en peligro la estrategia de partido a medio plazo.<\/p>\n<p>&nbsp;<\/p>\n<p>La vida de Suso cambia de un d\u00eda para otro cuando es investido concejal. A la carga que supone desenvolverse en los tejemanejes de la pol\u00edtica local, se suma la p\u00e9rdida de su abuelo y las cada vez m\u00e1s habituales discusiones con su pareja, que lo acusa de no prestar atenci\u00f3n ni tiempo m\u00e1s que a sus nuevas preocupaciones pol\u00edticas.<\/p>\n<p>Suso y el resto de concejales se topan con la ingrata tarea de tener que elegir a los tres asesores que los acompa\u00f1ar\u00e1n durante la legislatura, y en pos de la transparencia, que ser\u00e1 su mantra y perdici\u00f3n, abren un concurso p\u00fablico y crean un sistema de puntos para asegurar la m\u00e1xima objetividad. El resultado es que las personas elegidas no actuar\u00e1n como esperan. Adem\u00e1s, algunos compa\u00f1eros de partido, que albergaban la esperanza de hacerse con alguno de esos puestos, se sentir\u00e1n gravemente traicionados.<\/p>\n<p>&nbsp;<\/p>\n<p>El siguiente paso en falso, dado tambi\u00e9n en nombre de la transparencia, es la manera en la que deciden gestionar la parte del sueldo a la que renuncian los concejales para dedicarla a temas sociales: se decide convocar un concurso p\u00fablico para repartirlo. Pero el proceso, por m\u00e1s cuidado que ponen, acaba en el punto de mira de la oposici\u00f3n y de la prensa, que los acusa de prevaricaci\u00f3n y son llevados a juicio. Aunque tiempo despu\u00e9s \u2014justo antes de las siguientes elecciones\u2014 la sentencia ser\u00e1 absolutoria, el caso ir\u00e1 mermando la credibilidad y la energ\u00eda de los concejales, que no ser\u00e1n capaces de anticipar las traiciones y confabulaciones que se van a suceder en torno a ellos. A esto se sumar\u00e1n las enemistades que ir\u00e1n granjeando conforme rechacen dar trato de favor a vecinos y conocidos.<\/p>\n<p>&nbsp;<\/p>\n<p>La mayor\u00eda de estas personas desaparecen sin m\u00e1s, pero otros, para ganar posiciones en el seno de Podemos, extender\u00e1n habladur\u00edas y libelos sobre los concejales y se convertir\u00e1n en peones \u00fatiles para quienes de verdad ostentan el poder en las altas esferas del partido, que en el \u00ednterin dirimen su propia batalla de clanes&#8230;<\/p>","protected":false},"excerpt":{"rendered":"<p><strong>ISBN<\/strong>: 978-8418813245<\/p>\n<p><strong>Dimensiones<\/strong>: NA<\/p>\n<p><strong>N\u00ba p\u00e1ginas<\/strong>: 279<\/p>\n<p><strong>Encuadernaci\u00f3n<\/strong>: R\u00fastica<\/p>","protected":false},"featured_media":18512,"comment_status":"open","ping_status":"closed","template":"","meta":{"_acf_changed":false,"wds_primary_product_brand":0,"wds_primary_product_cat":0},"product_brand":[],"product_cat":[37],"product_tag":[],"class_list":{"0":"post-17386","1":"product","2":"type-product","3":"status-publish","4":"has-post-thumbnail","6":"product_cat-narrativa","8":"first","9":"instock","10":"shipping-taxable","11":"purchasable","12":"product-type-simple"},"acf":[],"_links":{"self":[{"href":"https:\/\/edicioneseldrago.com\/en\/wp-json\/wp\/v2\/product\/17386","targetHints":{"allow":["GET"]}}],"collection":[{"href":"https:\/\/edicioneseldrago.com\/en\/wp-json\/wp\/v2\/product"}],"about":[{"href":"https:\/\/edicioneseldrago.com\/en\/wp-json\/wp\/v2\/types\/product"}],"replies":[{"embeddable":true,"href":"https:\/\/edicioneseldrago.com\/en\/wp-json\/wp\/v2\/comments?post=17386"}],"wp:featuredmedia":[{"embeddable":true,"href":"https:\/\/edicioneseldrago.com\/en\/wp-json\/wp\/v2\/media\/18512"}],"wp:attachment":[{"href":"https:\/\/edicioneseldrago.com\/en\/wp-json\/wp\/v2\/media?parent=17386"}],"wp:term":[{"taxonomy":"product_brand","embeddable":true,"href":"https:\/\/edicioneseldrago.com\/en\/wp-json\/wp\/v2\/product_brand?post=17386"},{"taxonomy":"product_cat","embeddable":true,"href":"https:\/\/edicioneseldrago.com\/en\/wp-json\/wp\/v2\/product_cat?post=17386"},{"taxonomy":"product_tag","embeddable":true,"href":"https:\/\/edicioneseldrago.com\/en\/wp-json\/wp\/v2\/product_tag?post=17386"}],"curies":[{"name":"wp","href":"https:\/\/api.w.org\/{rel}","templated":true}]}}