{"id":17383,"date":"2025-11-21T16:58:14","date_gmt":"2025-11-21T16:58:14","guid":{"rendered":"https:\/\/edicioneseldrago.com\/?post_type=product&#038;p=17383"},"modified":"2025-12-05T13:46:38","modified_gmt":"2025-12-05T13:46:38","slug":"oh-mama","status":"publish","type":"product","link":"https:\/\/edicioneseldrago.com\/en\/product\/oh-mama\/","title":{"rendered":"\u00a1Oh, mam\u00e1!"},"content":{"rendered":"<p>Trece relatos que recorren desde distintas perspectivas las relaciones entre madres e hijas, n\u00facleo fundamental de la vida.<\/p>\n<p>La memoria es parte fundamental para enlazar y revivir hechos que han dejado una huella indeleble, que condicionan decisiones del presente.<\/p>\n<p>El amor embrida estas historias. Un amor a veces dif\u00edcil de expresar y reconocer, descrito con un sutil lenguaje, en el que lo que se calla es m\u00e1s revelador que lo contado. Hechos que tantas veces se ocultan tras las buenas apariencias.<\/p>\n<p>\u00abMir\u00f3 a su madre, su sabia madre, y record\u00f3 esa ma\u00f1ana de hac\u00eda m\u00e1s de veinte a\u00f1os cuando rotunda le dijo \u201cel amor es m\u00e1s que eso\u201d\u00bb.<\/p>","protected":false},"excerpt":{"rendered":"<p><strong>ISBN<\/strong>: 978-8412509250<\/p>\n<p><strong>Dimensiones<\/strong>: NA<\/p>\n<p><strong>N\u00ba p\u00e1ginas<\/strong>: 125<\/p>\n<p><strong>Encuadernaci\u00f3n<\/strong>: R\u00fastica<\/p>","protected":false},"featured_media":18511,"comment_status":"open","ping_status":"closed","template":"","meta":{"_acf_changed":false,"wds_primary_product_brand":0,"wds_primary_product_cat":0},"product_brand":[],"product_cat":[37],"product_tag":[],"class_list":{"0":"post-17383","1":"product","2":"type-product","3":"status-publish","4":"has-post-thumbnail","6":"product_cat-narrativa","8":"first","9":"instock","10":"shipping-taxable","11":"purchasable","12":"product-type-simple"},"acf":[],"_links":{"self":[{"href":"https:\/\/edicioneseldrago.com\/en\/wp-json\/wp\/v2\/product\/17383","targetHints":{"allow":["GET"]}}],"collection":[{"href":"https:\/\/edicioneseldrago.com\/en\/wp-json\/wp\/v2\/product"}],"about":[{"href":"https:\/\/edicioneseldrago.com\/en\/wp-json\/wp\/v2\/types\/product"}],"replies":[{"embeddable":true,"href":"https:\/\/edicioneseldrago.com\/en\/wp-json\/wp\/v2\/comments?post=17383"}],"wp:featuredmedia":[{"embeddable":true,"href":"https:\/\/edicioneseldrago.com\/en\/wp-json\/wp\/v2\/media\/18511"}],"wp:attachment":[{"href":"https:\/\/edicioneseldrago.com\/en\/wp-json\/wp\/v2\/media?parent=17383"}],"wp:term":[{"taxonomy":"product_brand","embeddable":true,"href":"https:\/\/edicioneseldrago.com\/en\/wp-json\/wp\/v2\/product_brand?post=17383"},{"taxonomy":"product_cat","embeddable":true,"href":"https:\/\/edicioneseldrago.com\/en\/wp-json\/wp\/v2\/product_cat?post=17383"},{"taxonomy":"product_tag","embeddable":true,"href":"https:\/\/edicioneseldrago.com\/en\/wp-json\/wp\/v2\/product_tag?post=17383"}],"curies":[{"name":"wp","href":"https:\/\/api.w.org\/{rel}","templated":true}]}}