{"id":17380,"date":"2025-11-21T16:48:52","date_gmt":"2025-11-21T16:48:52","guid":{"rendered":"https:\/\/edicioneseldrago.com\/?post_type=product&#038;p=17380"},"modified":"2025-12-05T13:47:09","modified_gmt":"2025-12-05T13:47:09","slug":"boni-yo-y-los-otros","status":"publish","type":"product","link":"https:\/\/edicioneseldrago.com\/en\/product\/boni-yo-y-los-otros\/","title":{"rendered":"Boni, yo y los otros"},"content":{"rendered":"<p>Este es un libro polif\u00f3nico, ideado en la clave antropol\u00f3gica de Oscar Lewis. Fue concebido, precisamente, en la ciudad de donde Lewis fue expulsado, a final de los a\u00f1os 60, por sus investigaciones sobre la cultura de la pobreza en un barrio marginal habanero.<\/p>\n<p>Desde la llegada del autor a La Habana, en 1997, se form\u00f3 y colabor\u00f3 con investigadores destacados como Martha Harnecker, de quien aprendi\u00f3 su m\u00e9todo de Memoria oral, o los etn\u00f3grafos de la Fundaci\u00f3n Fernando Ortiz, dirigida entonces por Miguel Barnet, autor de obras etnogr\u00e1ficas como Gallego o La vida real y, a su vez, disc\u00edpulo de Lewis.<\/p>\n<p>Todos estos aprendizajes te\u00f3ricos cimentaron una enorme paradoja ante las evidencias de la observaci\u00f3n: una sociedad en ruinas, que no admit\u00eda m\u00e1s excusas para su supervivencia que el sistema de m\u00e9ritos en que se sustentaba. La vivencia de esa contradicci\u00f3n fue lo que llev\u00f3 al autor a abordar, con las mismas t\u00e9cnicas biogr\u00e1ficas aprendidas, la complejidad del entonces presente cubano.<\/p>\n<p>Hasta su salida de Cuba en 2001, sistematiz\u00f3 una historia de vida y varias entrevistas biogr\u00e1ficas, realizadas previamente a la emigraci\u00f3n de los entrevistados. A su regreso a Madrid registr\u00f3 su proyecto doctoral en historia oral en la facultad de Antropolog\u00eda Social, si bien la tesis nunca fue concluida.<\/p>\n<p>Este libro reconstruye, ficcion\u00e1ndolo, tanto el material grabado como el diario de campo que escribi\u00f3 durante aquellos a\u00f1os, que recoge sus percepciones sobre la sociedad cubana durante el Periodo Especial, as\u00ed como infinidad de historias breves que le fueron compartidas por otras personas. Todas ellas aparecen con otros nombres, pero todas son reales (o al menos lo son sus testimonios). Fueron necesarios veinte a\u00f1os para que este libro fuera publicado.<\/p>","protected":false},"excerpt":{"rendered":"<p><strong>ISBN<\/strong>: 978-84-121223-2-9<\/p>\n<p><strong>Dimensiones<\/strong>: 205&#215;185<\/p>\n<p><strong>N\u00ba p\u00e1ginas<\/strong>: 390<\/p>\n<p><strong>Encuadernaci\u00f3n<\/strong>: R\u00fastica<\/p>","protected":false},"featured_media":18506,"comment_status":"open","ping_status":"closed","template":"","meta":{"_acf_changed":false,"wds_primary_product_brand":0,"wds_primary_product_cat":0},"product_brand":[],"product_cat":[37],"product_tag":[],"class_list":{"0":"post-17380","1":"product","2":"type-product","3":"status-publish","4":"has-post-thumbnail","6":"product_cat-narrativa","8":"first","9":"instock","10":"shipping-taxable","11":"purchasable","12":"product-type-simple"},"acf":[],"_links":{"self":[{"href":"https:\/\/edicioneseldrago.com\/en\/wp-json\/wp\/v2\/product\/17380","targetHints":{"allow":["GET"]}}],"collection":[{"href":"https:\/\/edicioneseldrago.com\/en\/wp-json\/wp\/v2\/product"}],"about":[{"href":"https:\/\/edicioneseldrago.com\/en\/wp-json\/wp\/v2\/types\/product"}],"replies":[{"embeddable":true,"href":"https:\/\/edicioneseldrago.com\/en\/wp-json\/wp\/v2\/comments?post=17380"}],"wp:featuredmedia":[{"embeddable":true,"href":"https:\/\/edicioneseldrago.com\/en\/wp-json\/wp\/v2\/media\/18506"}],"wp:attachment":[{"href":"https:\/\/edicioneseldrago.com\/en\/wp-json\/wp\/v2\/media?parent=17380"}],"wp:term":[{"taxonomy":"product_brand","embeddable":true,"href":"https:\/\/edicioneseldrago.com\/en\/wp-json\/wp\/v2\/product_brand?post=17380"},{"taxonomy":"product_cat","embeddable":true,"href":"https:\/\/edicioneseldrago.com\/en\/wp-json\/wp\/v2\/product_cat?post=17380"},{"taxonomy":"product_tag","embeddable":true,"href":"https:\/\/edicioneseldrago.com\/en\/wp-json\/wp\/v2\/product_tag?post=17380"}],"curies":[{"name":"wp","href":"https:\/\/api.w.org\/{rel}","templated":true}]}}