{"id":17378,"date":"2025-11-21T16:41:28","date_gmt":"2025-11-21T16:41:28","guid":{"rendered":"https:\/\/edicioneseldrago.com\/?post_type=product&#038;p=17378"},"modified":"2025-12-05T13:47:25","modified_gmt":"2025-12-05T13:47:25","slug":"gatissimo","status":"publish","type":"product","link":"https:\/\/edicioneseldrago.com\/en\/product\/gatissimo\/","title":{"rendered":"Gat\u00edssimo"},"content":{"rendered":"<p>Ediciones el Drago publica esta maravilla solidaria para los y las amantes de los gatos.<br \/>\nAida R. T\u00e1boas comparte en este libro su conocimiento sobre el mundo de los gatos en primera persona pero siempre fij\u00e1ndose en la funci\u00f3n que tienen estos animales en la sociedad y las aportaciones que su presencia conceden a las personas. Historias protagonizadas por estos salvajes dom\u00e9sticos con la sobriedad de la raz\u00f3n y el ingenio que a menudo nos demuestran los felinos. La misma agudeza que manifiestan los gatos cuando hacen sus tropel\u00edas.<\/p>\n<p>La experiencia y sobre todo la observaci\u00f3n conforman el hilo conductor de esta obra que narra una serie de aventuras que har\u00e1n las delicias de cualquiera que haya disfrutado de la compa\u00f1\u00eda de un gato y se haya entretenido fij\u00e1ndose en sus particulares comportamientos sociales, reacciones inauditas o apasionante curiosidad. H\u00e1bitos siempre adaptados a su inagotable instinto de supervivencia.<\/p>","protected":false},"excerpt":{"rendered":"<p><strong>ISBN<\/strong>: 9788412583526<\/p>\n<p><strong>Dimensiones<\/strong>: NA<\/p>\n<p><strong>N\u00ba p\u00e1ginas:<\/strong> &#8211;<\/p>\n<p><strong>Encuadernaci\u00f3n<\/strong>: R\u00fastica<\/p>","protected":false},"featured_media":18507,"comment_status":"open","ping_status":"closed","template":"","meta":{"_acf_changed":false,"wds_primary_product_brand":0,"wds_primary_product_cat":0},"product_brand":[],"product_cat":[37],"product_tag":[],"class_list":{"0":"post-17378","1":"product","2":"type-product","3":"status-publish","4":"has-post-thumbnail","6":"product_cat-narrativa","8":"first","9":"instock","10":"shipping-taxable","11":"purchasable","12":"product-type-simple"},"acf":[],"_links":{"self":[{"href":"https:\/\/edicioneseldrago.com\/en\/wp-json\/wp\/v2\/product\/17378","targetHints":{"allow":["GET"]}}],"collection":[{"href":"https:\/\/edicioneseldrago.com\/en\/wp-json\/wp\/v2\/product"}],"about":[{"href":"https:\/\/edicioneseldrago.com\/en\/wp-json\/wp\/v2\/types\/product"}],"replies":[{"embeddable":true,"href":"https:\/\/edicioneseldrago.com\/en\/wp-json\/wp\/v2\/comments?post=17378"}],"wp:featuredmedia":[{"embeddable":true,"href":"https:\/\/edicioneseldrago.com\/en\/wp-json\/wp\/v2\/media\/18507"}],"wp:attachment":[{"href":"https:\/\/edicioneseldrago.com\/en\/wp-json\/wp\/v2\/media?parent=17378"}],"wp:term":[{"taxonomy":"product_brand","embeddable":true,"href":"https:\/\/edicioneseldrago.com\/en\/wp-json\/wp\/v2\/product_brand?post=17378"},{"taxonomy":"product_cat","embeddable":true,"href":"https:\/\/edicioneseldrago.com\/en\/wp-json\/wp\/v2\/product_cat?post=17378"},{"taxonomy":"product_tag","embeddable":true,"href":"https:\/\/edicioneseldrago.com\/en\/wp-json\/wp\/v2\/product_tag?post=17378"}],"curies":[{"name":"wp","href":"https:\/\/api.w.org\/{rel}","templated":true}]}}