{"id":17377,"date":"2025-11-21T16:38:53","date_gmt":"2025-11-21T16:38:53","guid":{"rendered":"https:\/\/edicioneseldrago.com\/?post_type=product&#038;p=17377"},"modified":"2025-12-05T13:47:42","modified_gmt":"2025-12-05T13:47:42","slug":"querida-monstruacion-diario-de-una-exploradora-en-el-pais-de-las-hormonas","status":"publish","type":"product","link":"https:\/\/edicioneseldrago.com\/en\/product\/querida-monstruacion-diario-de-una-exploradora-en-el-pais-de-las-hormonas\/","title":{"rendered":"Querida Monstruaci\u00f3n &#8211; Diario de una exploradora en el pa\u00eds de las hormonas"},"content":{"rendered":"<p>\u00abQuerida Monstruaci\u00f3n. Diario de una exploradora en el pa\u00eds de las hormonas\u00bb, es un viaje por el organismo y la vida emocional de una ni\u00f1a de 10 a\u00f1os que acaba de entrar en la edad f\u00e9rtil.<br \/>\nUna bit\u00e1cora escrita por una adolescente que explora su ciclo menstrual para comprender mejor su cerebro y su sitio en el mundo.<\/p>\n<p>Un libro sobre lo \u00abgracioso\u00bb que es ser mujer y tener la regla en un mundo neoliberal.<\/p>","protected":false},"excerpt":{"rendered":"<p><strong>ISBN<\/strong>: 978-8412634877<\/p>\n<p><strong>Dimensiones<\/strong>: NA<\/p>\n<p><strong>N\u00ba p\u00e1ginas<\/strong>: 85<\/p>\n<p><strong>Encuadernaci\u00f3n<\/strong>: R\u00fastica<\/p>","protected":false},"featured_media":18494,"comment_status":"open","ping_status":"closed","template":"","meta":{"_acf_changed":false,"wds_primary_product_brand":0,"wds_primary_product_cat":0},"product_brand":[],"product_cat":[37],"product_tag":[],"class_list":{"0":"post-17377","1":"product","2":"type-product","3":"status-publish","4":"has-post-thumbnail","6":"product_cat-narrativa","8":"first","9":"instock","10":"shipping-taxable","11":"purchasable","12":"product-type-simple"},"acf":[],"_links":{"self":[{"href":"https:\/\/edicioneseldrago.com\/en\/wp-json\/wp\/v2\/product\/17377","targetHints":{"allow":["GET"]}}],"collection":[{"href":"https:\/\/edicioneseldrago.com\/en\/wp-json\/wp\/v2\/product"}],"about":[{"href":"https:\/\/edicioneseldrago.com\/en\/wp-json\/wp\/v2\/types\/product"}],"replies":[{"embeddable":true,"href":"https:\/\/edicioneseldrago.com\/en\/wp-json\/wp\/v2\/comments?post=17377"}],"wp:featuredmedia":[{"embeddable":true,"href":"https:\/\/edicioneseldrago.com\/en\/wp-json\/wp\/v2\/media\/18494"}],"wp:attachment":[{"href":"https:\/\/edicioneseldrago.com\/en\/wp-json\/wp\/v2\/media?parent=17377"}],"wp:term":[{"taxonomy":"product_brand","embeddable":true,"href":"https:\/\/edicioneseldrago.com\/en\/wp-json\/wp\/v2\/product_brand?post=17377"},{"taxonomy":"product_cat","embeddable":true,"href":"https:\/\/edicioneseldrago.com\/en\/wp-json\/wp\/v2\/product_cat?post=17377"},{"taxonomy":"product_tag","embeddable":true,"href":"https:\/\/edicioneseldrago.com\/en\/wp-json\/wp\/v2\/product_tag?post=17377"}],"curies":[{"name":"wp","href":"https:\/\/api.w.org\/{rel}","templated":true}]}}