{"id":17372,"date":"2025-11-21T16:31:31","date_gmt":"2025-11-21T16:31:31","guid":{"rendered":"https:\/\/edicioneseldrago.com\/?post_type=product&#038;p=17372"},"modified":"2025-12-04T21:51:03","modified_gmt":"2025-12-04T21:51:03","slug":"zona-caliente","status":"publish","type":"product","link":"https:\/\/edicioneseldrago.com\/en\/product\/zona-caliente\/","title":{"rendered":"Zona Caliente"},"content":{"rendered":"<p>No soy escritor, pero s\u00ed de los muchos m\u00e9dicos cubanos que fuimos a salvar \u201cpueblos indefensos\u201d, y uno de los que regres\u00f3 para contarlo; no s\u00e9 si ir al frente fue en mi caso una cuesti\u00f3n de patriotismo o un deber inculcado, pero lo cierto es que estuve donde la candela era brava y los heridos nos llegaban por decenas. Si mi imaginaci\u00f3n ha podido transformar situaciones reales en relatos novelescos, de aquellas noches duras de Matagalpa, Apanas, de la Sexta Regi\u00f3n en guerra; con que queden mencionados mis valiosos e inolvidables compa\u00f1eros, ya sean mexicanos, suecos, suizos, cubanos, o de otras latitudes, me doy por satisfecho.<\/p>","protected":false},"excerpt":{"rendered":"<p><strong>ISBN<\/strong>: 978-8412583595<\/p>\n<p><strong>Dimensiones<\/strong>: NA<\/p>\n<p><strong>N\u00ba p\u00e1ginas<\/strong>: 167<\/p>\n<p><strong>Encuadernaci\u00f3n<\/strong>: R\u00fastica<\/p>","protected":false},"featured_media":19703,"comment_status":"open","ping_status":"closed","template":"","meta":{"_acf_changed":false,"wds_primary_product_brand":0,"wds_primary_product_cat":0},"product_brand":[],"product_cat":[37],"product_tag":[],"class_list":{"0":"post-17372","1":"product","2":"type-product","3":"status-publish","4":"has-post-thumbnail","6":"product_cat-narrativa","8":"first","9":"instock","10":"shipping-taxable","11":"purchasable","12":"product-type-simple"},"acf":[],"_links":{"self":[{"href":"https:\/\/edicioneseldrago.com\/en\/wp-json\/wp\/v2\/product\/17372","targetHints":{"allow":["GET"]}}],"collection":[{"href":"https:\/\/edicioneseldrago.com\/en\/wp-json\/wp\/v2\/product"}],"about":[{"href":"https:\/\/edicioneseldrago.com\/en\/wp-json\/wp\/v2\/types\/product"}],"replies":[{"embeddable":true,"href":"https:\/\/edicioneseldrago.com\/en\/wp-json\/wp\/v2\/comments?post=17372"}],"wp:featuredmedia":[{"embeddable":true,"href":"https:\/\/edicioneseldrago.com\/en\/wp-json\/wp\/v2\/media\/19703"}],"wp:attachment":[{"href":"https:\/\/edicioneseldrago.com\/en\/wp-json\/wp\/v2\/media?parent=17372"}],"wp:term":[{"taxonomy":"product_brand","embeddable":true,"href":"https:\/\/edicioneseldrago.com\/en\/wp-json\/wp\/v2\/product_brand?post=17372"},{"taxonomy":"product_cat","embeddable":true,"href":"https:\/\/edicioneseldrago.com\/en\/wp-json\/wp\/v2\/product_cat?post=17372"},{"taxonomy":"product_tag","embeddable":true,"href":"https:\/\/edicioneseldrago.com\/en\/wp-json\/wp\/v2\/product_tag?post=17372"}],"curies":[{"name":"wp","href":"https:\/\/api.w.org\/{rel}","templated":true}]}}