{"id":17371,"date":"2025-11-21T16:28:37","date_gmt":"2025-11-21T16:28:37","guid":{"rendered":"https:\/\/edicioneseldrago.com\/?post_type=product&#038;p=17371"},"modified":"2025-12-05T13:48:02","modified_gmt":"2025-12-05T13:48:02","slug":"manual-de-barrancos","status":"publish","type":"product","link":"https:\/\/edicioneseldrago.com\/en\/product\/manual-de-barrancos\/","title":{"rendered":"Manual de Barrancos"},"content":{"rendered":"<p>Los textos y dibujos que aqu\u00ed se presentan son el resultado gr\u00e1fico de un viaje del autor por los senderos y barrancos de la isla de La Palma en el a\u00f1o 2013 y que Ediciones El Drago tiene a bien editar en el 2021. Unos valientes por sacar a la luz este, mi mejor, primer y \u00fanico libro hasta la fecha.<\/p>\n<p>&nbsp;<\/p>\n<p>Si las ilustraciones y textos no fueran de su agrado no es necesario leerlo, con comprarlo es suficiente.<\/p>\n<p>&nbsp;<\/p>\n<p>El autor no se hace responsable de un uso incorrecto del manual que pueda derivar en da\u00f1os f\u00edsicos y morales al lector y allegados.<\/p>\n<p>&nbsp;<\/p>\n<p>A los dibujantes y escritores de oficio, mis m\u00e1s sinceras disculpas, admiraci\u00f3n e intrusismo.<\/p>\n<p>&nbsp;<\/p>\n<p>Sin m\u00e1s, querido lector, agradecemos much\u00edsimo que nos hayas escogido. Sabemos de tu fren\u00e9tica vida y de tus problemas, lo cual le otorga doble valor. Gracias, gracias.<\/p>","protected":false},"excerpt":{"rendered":"<p><strong>ISBN<\/strong>: 9788418813078<\/p>\n<p><strong>Dimensiones<\/strong>: 11,5 cm x 16 cm<\/p>\n<p><strong>N\u00ba p\u00e1ginas<\/strong>: 264<\/p>\n<p><strong>Encuadernaci\u00f3n<\/strong>: R\u00fastica<\/p>","protected":false},"featured_media":18493,"comment_status":"open","ping_status":"closed","template":"","meta":{"_acf_changed":false,"wds_primary_product_brand":0,"wds_primary_product_cat":0},"product_brand":[],"product_cat":[37,40],"product_tag":[],"class_list":{"0":"post-17371","1":"product","2":"type-product","3":"status-publish","4":"has-post-thumbnail","6":"product_cat-narrativa","7":"product_cat-otros","9":"first","10":"instock","11":"shipping-taxable","12":"purchasable","13":"product-type-simple"},"acf":[],"_links":{"self":[{"href":"https:\/\/edicioneseldrago.com\/en\/wp-json\/wp\/v2\/product\/17371","targetHints":{"allow":["GET"]}}],"collection":[{"href":"https:\/\/edicioneseldrago.com\/en\/wp-json\/wp\/v2\/product"}],"about":[{"href":"https:\/\/edicioneseldrago.com\/en\/wp-json\/wp\/v2\/types\/product"}],"replies":[{"embeddable":true,"href":"https:\/\/edicioneseldrago.com\/en\/wp-json\/wp\/v2\/comments?post=17371"}],"wp:featuredmedia":[{"embeddable":true,"href":"https:\/\/edicioneseldrago.com\/en\/wp-json\/wp\/v2\/media\/18493"}],"wp:attachment":[{"href":"https:\/\/edicioneseldrago.com\/en\/wp-json\/wp\/v2\/media?parent=17371"}],"wp:term":[{"taxonomy":"product_brand","embeddable":true,"href":"https:\/\/edicioneseldrago.com\/en\/wp-json\/wp\/v2\/product_brand?post=17371"},{"taxonomy":"product_cat","embeddable":true,"href":"https:\/\/edicioneseldrago.com\/en\/wp-json\/wp\/v2\/product_cat?post=17371"},{"taxonomy":"product_tag","embeddable":true,"href":"https:\/\/edicioneseldrago.com\/en\/wp-json\/wp\/v2\/product_tag?post=17371"}],"curies":[{"name":"wp","href":"https:\/\/api.w.org\/{rel}","templated":true}]}}