{"id":17345,"date":"2025-11-21T16:22:18","date_gmt":"2025-11-21T16:22:18","guid":{"rendered":"https:\/\/edicioneseldrago.com\/?post_type=product&#038;p=17345"},"modified":"2025-12-05T13:48:54","modified_gmt":"2025-12-05T13:48:54","slug":"fuertevientos","status":"publish","type":"product","link":"https:\/\/edicioneseldrago.com\/en\/product\/fuertevientos\/","title":{"rendered":"Fuertevientos"},"content":{"rendered":"<p>Fuertevientos es un pueblo en mitad de la nada, en cualquier parte de un territorio que podr\u00eda pertenecer a esa Espa\u00f1a que sigue siendo profunda.<\/p>\n<p>Tiene la peculiaridad y la desgracia de que un viento muy pesado, que no deja de resecar cerebros, se empadron\u00f3 all\u00ed en tiempos de los moros y cristianos. Desde entonces, participa de la vida del pueblo como uno m\u00e1s. Como consecuencia de la erosi\u00f3n incesante de este fen\u00f3meno, todos sus habitantes han tenido que someterse a su voluntad y adaptarse a sus antojos.<\/p>","protected":false},"excerpt":{"rendered":"<p><strong>ISBN<\/strong>: 9788412133639<\/p>\n<p><strong>Dimensiones<\/strong>: 140 x 220<\/p>\n<p><strong>N\u00ba p\u00e1ginas<\/strong>: 180<\/p>\n<p><strong>Encuadernaci\u00f3n<\/strong>: R\u00fastica<\/p>","protected":false},"featured_media":18491,"comment_status":"open","ping_status":"closed","template":"","meta":{"_acf_changed":false,"wds_primary_product_brand":0,"wds_primary_product_cat":0},"product_brand":[],"product_cat":[37],"product_tag":[],"class_list":{"0":"post-17345","1":"product","2":"type-product","3":"status-publish","4":"has-post-thumbnail","6":"product_cat-narrativa","8":"first","9":"instock","10":"shipping-taxable","11":"purchasable","12":"product-type-simple"},"acf":[],"_links":{"self":[{"href":"https:\/\/edicioneseldrago.com\/en\/wp-json\/wp\/v2\/product\/17345","targetHints":{"allow":["GET"]}}],"collection":[{"href":"https:\/\/edicioneseldrago.com\/en\/wp-json\/wp\/v2\/product"}],"about":[{"href":"https:\/\/edicioneseldrago.com\/en\/wp-json\/wp\/v2\/types\/product"}],"replies":[{"embeddable":true,"href":"https:\/\/edicioneseldrago.com\/en\/wp-json\/wp\/v2\/comments?post=17345"}],"wp:featuredmedia":[{"embeddable":true,"href":"https:\/\/edicioneseldrago.com\/en\/wp-json\/wp\/v2\/media\/18491"}],"wp:attachment":[{"href":"https:\/\/edicioneseldrago.com\/en\/wp-json\/wp\/v2\/media?parent=17345"}],"wp:term":[{"taxonomy":"product_brand","embeddable":true,"href":"https:\/\/edicioneseldrago.com\/en\/wp-json\/wp\/v2\/product_brand?post=17345"},{"taxonomy":"product_cat","embeddable":true,"href":"https:\/\/edicioneseldrago.com\/en\/wp-json\/wp\/v2\/product_cat?post=17345"},{"taxonomy":"product_tag","embeddable":true,"href":"https:\/\/edicioneseldrago.com\/en\/wp-json\/wp\/v2\/product_tag?post=17345"}],"curies":[{"name":"wp","href":"https:\/\/api.w.org\/{rel}","templated":true}]}}