{"id":17299,"date":"2025-11-21T15:41:20","date_gmt":"2025-11-21T15:41:20","guid":{"rendered":"https:\/\/edicioneseldrago.com\/?post_type=product&#038;p=17299"},"modified":"2025-12-05T13:49:43","modified_gmt":"2025-12-05T13:49:43","slug":"cartas-de-una-mujer-descalza","status":"publish","type":"product","link":"https:\/\/edicioneseldrago.com\/en\/product\/cartas-de-una-mujer-descalza\/","title":{"rendered":"Cartas de una mujer descalza"},"content":{"rendered":"<p>Cartas de una mujer descalza son los escritos de m\u00e1s de cinco a\u00f1os sobre su propia vida, las constantes despedidas de la familia lejana y su \u00f3rbita al rededor de personajes de distintas \u00e9pocas que la influyeron en varios momentos.<\/p>\n<p>&nbsp;<\/p>\n<p>Estos poemas van acompa\u00f1ados de fotograf\u00edas familiares como una manera de honrar sus ra\u00edces. No todas las cartas son poes\u00eda y no toda la prosa es una carta. Estos escritos son una forma de descubrirse a s\u00ed misma, mientras da voz en su imaginaci\u00f3n a las mujeres de distintas \u00e9pocas desde el presente.<\/p>\n<p>&nbsp;<\/p>\n<p>Este es un libro muy personal. Una constelaci\u00f3n de ideas, personas, sucesos y su manera particular de darles orden.<\/p>","protected":false},"excerpt":{"rendered":"<p><strong>Editor<\/strong>: Ediciones El Drago<\/p>\n<p><strong>ISBN<\/strong>: 978-84-127407-6-9<\/p>\n<p>&nbsp;<\/p>","protected":false},"featured_media":17306,"comment_status":"open","ping_status":"closed","template":"","meta":{"_acf_changed":false,"wds_primary_product_brand":0,"wds_primary_product_cat":0},"product_brand":[],"product_cat":[38],"product_tag":[],"class_list":{"0":"post-17299","1":"product","2":"type-product","3":"status-publish","4":"has-post-thumbnail","6":"product_cat-poesia","8":"first","9":"instock","10":"shipping-taxable","11":"purchasable","12":"product-type-simple"},"acf":[],"_links":{"self":[{"href":"https:\/\/edicioneseldrago.com\/en\/wp-json\/wp\/v2\/product\/17299","targetHints":{"allow":["GET"]}}],"collection":[{"href":"https:\/\/edicioneseldrago.com\/en\/wp-json\/wp\/v2\/product"}],"about":[{"href":"https:\/\/edicioneseldrago.com\/en\/wp-json\/wp\/v2\/types\/product"}],"replies":[{"embeddable":true,"href":"https:\/\/edicioneseldrago.com\/en\/wp-json\/wp\/v2\/comments?post=17299"}],"wp:featuredmedia":[{"embeddable":true,"href":"https:\/\/edicioneseldrago.com\/en\/wp-json\/wp\/v2\/media\/17306"}],"wp:attachment":[{"href":"https:\/\/edicioneseldrago.com\/en\/wp-json\/wp\/v2\/media?parent=17299"}],"wp:term":[{"taxonomy":"product_brand","embeddable":true,"href":"https:\/\/edicioneseldrago.com\/en\/wp-json\/wp\/v2\/product_brand?post=17299"},{"taxonomy":"product_cat","embeddable":true,"href":"https:\/\/edicioneseldrago.com\/en\/wp-json\/wp\/v2\/product_cat?post=17299"},{"taxonomy":"product_tag","embeddable":true,"href":"https:\/\/edicioneseldrago.com\/en\/wp-json\/wp\/v2\/product_tag?post=17299"}],"curies":[{"name":"wp","href":"https:\/\/api.w.org\/{rel}","templated":true}]}}