{"id":17262,"date":"2025-11-21T15:09:09","date_gmt":"2025-11-21T15:09:09","guid":{"rendered":"https:\/\/edicioneseldrago.com\/?post_type=product&#038;p=17262"},"modified":"2025-12-05T13:50:45","modified_gmt":"2025-12-05T13:50:45","slug":"alta-noche-o-abismos","status":"publish","type":"product","link":"https:\/\/edicioneseldrago.com\/en\/product\/alta-noche-o-abismos\/","title":{"rendered":"Alta noche o abismos"},"content":{"rendered":"<p><span style=\"font-weight: 400;\">\u00abLos serviles rapes pasean sus antorchas por los g\u00e9lidos espacios de mi abismo marino. Hacen puentes entre ciudades de sanguinarios calamares gigantes, fumarolas t\u00f3xicas, y dem\u00e1s horrores que nos despojan de nuestra respiraci\u00f3n sin que nos demos tan siquiera cuenta. Bajo el polvoriento suelo de la fosa descansa el Se\u00f1or del abismo.<\/span><\/p>\n<p>&nbsp;<\/p>\n<p><span style=\"font-weight: 400;\">No lo creas, amigo, prefiere que lo veas Muerte: \u00e9l se considera el final de todas las cosas.\u00bb<\/span><\/p>","protected":false},"excerpt":{"rendered":"<p><strong>ISBN<\/strong>: 978-84-127407-1-4<\/p>\n<p><strong>Dimensiones<\/strong>: 140 x 220<\/p>\n<p><strong>N\u00ba p\u00e1ginas:<\/strong> 50<\/p>\n<p><strong>Encuadernaci\u00f3n<\/strong>: R\u00fastica<\/p>","protected":false},"featured_media":17264,"comment_status":"open","ping_status":"closed","template":"","meta":{"_acf_changed":false,"wds_primary_product_brand":0,"wds_primary_product_cat":0},"product_brand":[],"product_cat":[38],"product_tag":[],"class_list":{"0":"post-17262","1":"product","2":"type-product","3":"status-publish","4":"has-post-thumbnail","6":"product_cat-poesia","8":"first","9":"instock","10":"shipping-taxable","11":"purchasable","12":"product-type-simple"},"acf":[],"_links":{"self":[{"href":"https:\/\/edicioneseldrago.com\/en\/wp-json\/wp\/v2\/product\/17262","targetHints":{"allow":["GET"]}}],"collection":[{"href":"https:\/\/edicioneseldrago.com\/en\/wp-json\/wp\/v2\/product"}],"about":[{"href":"https:\/\/edicioneseldrago.com\/en\/wp-json\/wp\/v2\/types\/product"}],"replies":[{"embeddable":true,"href":"https:\/\/edicioneseldrago.com\/en\/wp-json\/wp\/v2\/comments?post=17262"}],"wp:featuredmedia":[{"embeddable":true,"href":"https:\/\/edicioneseldrago.com\/en\/wp-json\/wp\/v2\/media\/17264"}],"wp:attachment":[{"href":"https:\/\/edicioneseldrago.com\/en\/wp-json\/wp\/v2\/media?parent=17262"}],"wp:term":[{"taxonomy":"product_brand","embeddable":true,"href":"https:\/\/edicioneseldrago.com\/en\/wp-json\/wp\/v2\/product_brand?post=17262"},{"taxonomy":"product_cat","embeddable":true,"href":"https:\/\/edicioneseldrago.com\/en\/wp-json\/wp\/v2\/product_cat?post=17262"},{"taxonomy":"product_tag","embeddable":true,"href":"https:\/\/edicioneseldrago.com\/en\/wp-json\/wp\/v2\/product_tag?post=17262"}],"curies":[{"name":"wp","href":"https:\/\/api.w.org\/{rel}","templated":true}]}}