{"id":17188,"date":"2025-11-21T10:06:06","date_gmt":"2025-11-21T10:06:06","guid":{"rendered":"https:\/\/edicioneseldrago.com\/?post_type=product&#038;p=17188"},"modified":"2025-12-05T13:50:53","modified_gmt":"2025-12-05T13:50:53","slug":"cuadernos-del-subtropico-norte","status":"publish","type":"product","link":"https:\/\/edicioneseldrago.com\/en\/product\/cuadernos-del-subtropico-norte\/","title":{"rendered":"Cuadernos del Subtr\u00f3pico Norte"},"content":{"rendered":"<p><span style=\"font-weight: 400;\">Cuadernos del Subtr\u00f3pico Norte es un libro collage. Una obra que habla de cr\u00edmenes surrealistas, desamores de f\u00e1bula, aguacates venerados y azafatas alcoh\u00f3licas. Muchos relatos cortos, un pu\u00f1ado de versos y un atisbo troceado de novela se entremezclan en un texto cuyo \u00fanico hilo conductor es lo isle\u00f1o. Verdadero o disfrazado, como acento o como di\u00e1spora, el archipi\u00e9lago canario sirve de refugio para sentarse a leer las historias perif\u00e9ricas que la Metr\u00f3polis desech\u00f3.<\/span><\/p>\n<p>&nbsp;<\/p>\n<p>&nbsp;<\/p>\n<p>&nbsp;<\/p>","protected":false},"excerpt":{"rendered":"<p><span style=\"font-weight: 400;\"><strong>ISBN:<\/strong> 978-84-125092-0-5<\/span><\/p>\n<p><span style=\"font-weight: 400;\"><strong>Dimensiones:<\/strong> 140 x 220<\/span><\/p>\n<p><span style=\"font-weight: 400;\"><strong>N\u00ba p\u00e1ginas:<\/strong> 156<\/span><\/p>\n<p><span style=\"font-weight: 400;\"><strong>Encuadernaci\u00f3n:<\/strong> R\u00fastica<\/span><\/p>","protected":false},"featured_media":17187,"comment_status":"open","ping_status":"closed","template":"","meta":{"_acf_changed":false,"wds_primary_product_brand":0,"wds_primary_product_cat":0},"product_brand":[],"product_cat":[37,38],"product_tag":[],"class_list":{"0":"post-17188","1":"product","2":"type-product","3":"status-publish","4":"has-post-thumbnail","6":"product_cat-narrativa","7":"product_cat-poesia","9":"first","10":"instock","11":"shipping-taxable","12":"purchasable","13":"product-type-simple"},"acf":[],"_links":{"self":[{"href":"https:\/\/edicioneseldrago.com\/en\/wp-json\/wp\/v2\/product\/17188","targetHints":{"allow":["GET"]}}],"collection":[{"href":"https:\/\/edicioneseldrago.com\/en\/wp-json\/wp\/v2\/product"}],"about":[{"href":"https:\/\/edicioneseldrago.com\/en\/wp-json\/wp\/v2\/types\/product"}],"replies":[{"embeddable":true,"href":"https:\/\/edicioneseldrago.com\/en\/wp-json\/wp\/v2\/comments?post=17188"}],"wp:featuredmedia":[{"embeddable":true,"href":"https:\/\/edicioneseldrago.com\/en\/wp-json\/wp\/v2\/media\/17187"}],"wp:attachment":[{"href":"https:\/\/edicioneseldrago.com\/en\/wp-json\/wp\/v2\/media?parent=17188"}],"wp:term":[{"taxonomy":"product_brand","embeddable":true,"href":"https:\/\/edicioneseldrago.com\/en\/wp-json\/wp\/v2\/product_brand?post=17188"},{"taxonomy":"product_cat","embeddable":true,"href":"https:\/\/edicioneseldrago.com\/en\/wp-json\/wp\/v2\/product_cat?post=17188"},{"taxonomy":"product_tag","embeddable":true,"href":"https:\/\/edicioneseldrago.com\/en\/wp-json\/wp\/v2\/product_tag?post=17188"}],"curies":[{"name":"wp","href":"https:\/\/api.w.org\/{rel}","templated":true}]}}