{"id":18926,"date":"2025-12-03T17:43:02","date_gmt":"2025-12-03T17:43:02","guid":{"rendered":"https:\/\/edicioneseldrago.com\/?page_id=18926"},"modified":"2026-01-12T10:17:21","modified_gmt":"2026-01-12T10:17:21","slug":"prensa","status":"publish","type":"page","link":"https:\/\/edicioneseldrago.com\/en\/prensa\/","title":{"rendered":"Prensa"},"content":{"rendered":"<div data-elementor-type=\"wp-page\" data-elementor-id=\"18926\" class=\"elementor elementor-18926\" data-elementor-post-type=\"page\">\n\t\t\t\t<div class=\"elementor-element elementor-element-b259ba8 e-flex e-con-boxed e-con e-child\" data-id=\"b259ba8\" data-element_type=\"container\" data-e-type=\"container\" data-settings=\"{&quot;wcf_enable_cursor_hover_effect_text&quot;:&quot;View&quot;,&quot;wcf-animation&quot;:&quot;none&quot;}\">\n\t\t\t\t\t<div class=\"e-con-inner\">\n\t\t<div class=\"elementor-element elementor-element-d990b2a e-con-full e-flex e-con e-child\" data-id=\"d990b2a\" data-element_type=\"container\" data-e-type=\"container\" data-settings=\"{&quot;wcf_enable_cursor_hover_effect_text&quot;:&quot;View&quot;,&quot;wcf-animation&quot;:&quot;none&quot;}\">\n\t\t\t\t<div class=\"elementor-element elementor-element-4d2bbce wcf-t-animation-none elementor-widget elementor-widget-heading\" data-id=\"4d2bbce\" data-element_type=\"widget\" data-e-type=\"widget\" data-settings=\"{&quot;_animation&quot;:&quot;none&quot;,&quot;wcf_text_animation&quot;:&quot;none&quot;,&quot;wcf-animation&quot;:&quot;none&quot;}\" data-widget_type=\"heading.default\">\n\t\t\t\t<div class=\"elementor-widget-container\">\n\t\t\t\t\t<h2 class=\"elementor-heading-title elementor-size-default\">Prensa<\/h2>\t\t\t\t<\/div>\n\t\t\t\t<\/div>\n\t\t\t\t<div class=\"elementor-element elementor-element-f088580 elementor-absolute elementor-hidden-mobile elementor-view-default elementor-widget elementor-widget-icon\" data-id=\"f088580\" data-element_type=\"widget\" data-e-type=\"widget\" data-settings=\"{&quot;_position&quot;:&quot;absolute&quot;,&quot;wcf-animation&quot;:&quot;none&quot;}\" data-widget_type=\"icon.default\">\n\t\t\t\t<div class=\"elementor-widget-container\">\n\t\t\t\t\t\t\t<div class=\"elementor-icon-wrapper\">\n\t\t\t<div class=\"elementor-icon\">\n\t\t\t\t\t\t<\/div>\n\t\t<\/div>\n\t\t\t\t\t\t<\/div>\n\t\t\t\t<\/div>\n\t\t\t\t<div class=\"elementor-element elementor-element-b6693db elementor-absolute elementor-hidden-mobile elementor-view-default elementor-widget elementor-widget-icon\" data-id=\"b6693db\" data-element_type=\"widget\" data-e-type=\"widget\" data-settings=\"{&quot;_position&quot;:&quot;absolute&quot;,&quot;wcf-animation&quot;:&quot;none&quot;}\" data-widget_type=\"icon.default\">\n\t\t\t\t<div class=\"elementor-widget-container\">\n\t\t\t\t\t\t\t<div class=\"elementor-icon-wrapper\">\n\t\t\t<div class=\"elementor-icon\">\n\t\t\t\t\t\t<\/div>\n\t\t<\/div>\n\t\t\t\t\t\t<\/div>\n\t\t\t\t<\/div>\n\t\t\t\t<div class=\"elementor-element elementor-element-1895c77 elementor-absolute elementor-hidden-mobile elementor-view-default elementor-widget elementor-widget-icon\" data-id=\"1895c77\" data-element_type=\"widget\" data-e-type=\"widget\" data-settings=\"{&quot;_position&quot;:&quot;absolute&quot;,&quot;wcf-animation&quot;:&quot;none&quot;}\" data-widget_type=\"icon.default\">\n\t\t\t\t<div class=\"elementor-widget-container\">\n\t\t\t\t\t\t\t<div class=\"elementor-icon-wrapper\">\n\t\t\t<div class=\"elementor-icon\">\n\t\t\t\t\t\t<\/div>\n\t\t<\/div>\n\t\t\t\t\t\t<\/div>\n\t\t\t\t<\/div>\n\t\t\t\t<\/div>\n\t\t<div class=\"elementor-element elementor-element-fca1071 e-con-full e-flex e-con e-child\" data-id=\"fca1071\" data-element_type=\"container\" data-e-type=\"container\" data-settings=\"{&quot;wcf_enable_cursor_hover_effect_text&quot;:&quot;View&quot;,&quot;wcf-animation&quot;:&quot;none&quot;}\">\n\t\t\t\t<div class=\"elementor-element elementor-element-1ac0132 elementor-widget__width-initial wcf-t-animation-text_move elementor-widget elementor-widget-wcf--title\" data-id=\"1ac0132\" data-element_type=\"widget\" data-e-type=\"widget\" data-settings=\"{&quot;text_transform_origin&quot;:&quot;top center -50&quot;,&quot;wcf_text_animation&quot;:&quot;text_move&quot;,&quot;text_delay&quot;:0.15,&quot;text_duration&quot;:1,&quot;text_stagger&quot;:0.02,&quot;text_on_scroll&quot;:&quot;yes&quot;,&quot;text_rotation_di&quot;:&quot;x&quot;,&quot;text_rotation&quot;:&quot;-80&quot;,&quot;wcf-animation&quot;:&quot;none&quot;}\" data-widget_type=\"wcf--title.default\">\n\t\t\t\t<div class=\"elementor-widget-container\">\n\t\t\t\t\t<h2 class=\"wcf--title\">Solicita mas informaci\u00f3n sobre nuestros titulos y autores, o cualquier material necesario para tu art\u00edculo en:  prensa@edicionesledrago.com\n\n<\/h2>\t\t\t\t<\/div>\n\t\t\t\t<\/div>\n\t\t\t\t<div class=\"elementor-element elementor-element-2916794 elementor-absolute elementor-hidden-mobile elementor-view-default elementor-widget elementor-widget-icon\" data-id=\"2916794\" data-element_type=\"widget\" data-e-type=\"widget\" data-settings=\"{&quot;_position&quot;:&quot;absolute&quot;,&quot;wcf-animation&quot;:&quot;none&quot;}\" data-widget_type=\"icon.default\">\n\t\t\t\t<div class=\"elementor-widget-container\">\n\t\t\t\t\t\t\t<div class=\"elementor-icon-wrapper\">\n\t\t\t<div class=\"elementor-icon\">\n\t\t\t\t\t\t<\/div>\n\t\t<\/div>\n\t\t\t\t\t\t<\/div>\n\t\t\t\t<\/div>\n\t\t\t\t<div class=\"elementor-element elementor-element-86af447 elementor-absolute elementor-hidden-mobile elementor-view-default elementor-widget elementor-widget-icon\" data-id=\"86af447\" data-element_type=\"widget\" data-e-type=\"widget\" data-settings=\"{&quot;_position&quot;:&quot;absolute&quot;,&quot;wcf-animation&quot;:&quot;none&quot;}\" data-widget_type=\"icon.default\">\n\t\t\t\t<div class=\"elementor-widget-container\">\n\t\t\t\t\t\t\t<div class=\"elementor-icon-wrapper\">\n\t\t\t<div class=\"elementor-icon\">\n\t\t\t\t\t\t<\/div>\n\t\t<\/div>\n\t\t\t\t\t\t<\/div>\n\t\t\t\t<\/div>\n\t\t\t\t<div class=\"elementor-element elementor-element-7dbd3da elementor-absolute elementor-hidden-mobile elementor-view-default elementor-widget elementor-widget-icon\" data-id=\"7dbd3da\" data-element_type=\"widget\" data-e-type=\"widget\" data-settings=\"{&quot;_position&quot;:&quot;absolute&quot;,&quot;wcf-animation&quot;:&quot;none&quot;}\" data-widget_type=\"icon.default\">\n\t\t\t\t<div class=\"elementor-widget-container\">\n\t\t\t\t\t\t\t<div class=\"elementor-icon-wrapper\">\n\t\t\t<div class=\"elementor-icon\">\n\t\t\t\t\t\t<\/div>\n\t\t<\/div>\n\t\t\t\t\t\t<\/div>\n\t\t\t\t<\/div>\n\t\t\t\t<\/div>\n\t\t\t\t\t<\/div>\n\t\t\t\t<\/div>\n\t\t<div class=\"elementor-element elementor-element-2a67784 e-flex e-con-boxed e-con e-child\" data-id=\"2a67784\" data-element_type=\"container\" data-e-type=\"container\" data-settings=\"{&quot;wcf_enable_cursor_hover_effect_text&quot;:&quot;View&quot;,&quot;wcf-animation&quot;:&quot;none&quot;}\">\n\t\t\t\t\t<div class=\"e-con-inner\">\n\t\t<div class=\"elementor-element elementor-element-a742209 e-con-full e-flex e-con e-child\" data-id=\"a742209\" data-element_type=\"container\" data-e-type=\"container\" data-settings=\"{&quot;wcf_enable_cursor_hover_effect_text&quot;:&quot;View&quot;,&quot;wcf-animation&quot;:&quot;none&quot;}\">\n\t\t\t\t<div class=\"elementor-element elementor-element-16a3ddf elementor-absolute elementor-hidden-mobile elementor-view-default elementor-widget elementor-widget-icon\" data-id=\"16a3ddf\" data-element_type=\"widget\" data-e-type=\"widget\" data-settings=\"{&quot;_position&quot;:&quot;absolute&quot;,&quot;wcf-animation&quot;:&quot;none&quot;}\" data-widget_type=\"icon.default\">\n\t\t\t\t<div class=\"elementor-widget-container\">\n\t\t\t\t\t\t\t<div class=\"elementor-icon-wrapper\">\n\t\t\t<div class=\"elementor-icon\">\n\t\t\t\t\t\t<\/div>\n\t\t<\/div>\n\t\t\t\t\t\t<\/div>\n\t\t\t\t<\/div>\n\t\t\t\t<div class=\"elementor-element elementor-element-7cdd5bb elementor-absolute elementor-hidden-mobile elementor-view-default elementor-widget elementor-widget-icon\" data-id=\"7cdd5bb\" data-element_type=\"widget\" data-e-type=\"widget\" data-settings=\"{&quot;_position&quot;:&quot;absolute&quot;,&quot;wcf-animation&quot;:&quot;none&quot;}\" data-widget_type=\"icon.default\">\n\t\t\t\t<div class=\"elementor-widget-container\">\n\t\t\t\t\t\t\t<div class=\"elementor-icon-wrapper\">\n\t\t\t<div class=\"elementor-icon\">\n\t\t\t\t\t\t<\/div>\n\t\t<\/div>\n\t\t\t\t\t\t<\/div>\n\t\t\t\t<\/div>\n\t\t\t\t<div class=\"elementor-element elementor-element-f939055 wcf--image-effect-zoom-in elementor-widget elementor-widget-wcf--posts\" data-id=\"f939055\" data-element_type=\"widget\" data-e-type=\"widget\" data-settings=\"{&quot;wcf_a_transform_origin&quot;:&quot;top center -50&quot;,&quot;wcf-animation&quot;:&quot;move&quot;,&quot;data-duration&quot;:0.75,&quot;wcf_enable_animation_editor&quot;:&quot;yes&quot;,&quot;delay&quot;:0.15,&quot;on-scroll&quot;:1,&quot;ease&quot;:&quot;power2.out&quot;,&quot;wcf_a_rotation_di&quot;:&quot;x&quot;,&quot;wcf_a_rotation&quot;:&quot;-80&quot;}\" data-widget_type=\"wcf--posts.default\">\n\t\t\t\t<div class=\"elementor-widget-container\">\n\t\t\t\t\t        <div class=\"wcf__posts style-1\">        <div class=\"wcf-posts\">\r\n\t\t        <article class=\"wcf-post post-2382 post type-post status-publish format-standard has-post-thumbnail hentry category-prensa category-publicaciones\">\r\n\t\t\t        <div class=\"thumb\">\r\n            <a href=\"https:\/\/edicioneseldrago.com\/en\/nueva-resena-de-nuestro-libro-kleingeist-en-la-revista-odisea-cultural\/\" aria-label=\"Nueva rese\u00f1a de nuestro libro Kleingeist en la revista Odisea cultural.\">\r\n\t\t\t\t<img fetchpriority=\"high\" decoding=\"async\" width=\"720\" height=\"634\" src=\"https:\/\/edicioneseldrago.com\/wp-content\/uploads\/2024\/12\/kleingeist_odisea.jpg\" class=\"attachment-full size-full wp-image-18977\" alt=\"\" srcset=\"https:\/\/edicioneseldrago.com\/wp-content\/uploads\/2024\/12\/kleingeist_odisea.jpg 720w, https:\/\/edicioneseldrago.com\/wp-content\/uploads\/2024\/12\/kleingeist_odisea-300x264.jpg 300w, https:\/\/edicioneseldrago.com\/wp-content\/uploads\/2024\/12\/kleingeist_odisea-14x12.jpg 14w\" sizes=\"(max-width: 720px) 100vw, 720px\" \/>            <\/a>\r\n        <\/div>\r\n\t\t\r\n            <div class=\"content\">\r\n\t\t\t\t        <ul class=\"wcf-meta\">\r\n\t\t\t        <\/ul>\r\n\t\t        <h3 class=\"title\">\r\n        <a href=\"https:\/\/edicioneseldrago.com\/en\/nueva-resena-de-nuestro-libro-kleingeist-en-la-revista-odisea-cultural\/\">\r\n\t\t\t<span class=\"highlight\"><\/span> Nueva rese\u00f1a de nuestro libro Kleingeist en la revista Odisea        <\/a>\r\n        <\/h3>\r\n\t\t            <\/div>\r\n        <\/article>\r\n\t\t        <article class=\"wcf-post post-2378 post type-post status-publish format-standard has-post-thumbnail hentry category-prensa category-publicaciones\">\r\n\t\t\t        <div class=\"thumb\">\r\n            <a href=\"https:\/\/edicioneseldrago.com\/en\/querida-monstruacion-en-el-diario-de-lanzarote\/\" aria-label=\"\u00abQuerida Monstruaci\u00f3n\u00bb en el Diario de Lanzarote\">\r\n\t\t\t\t<img decoding=\"async\" width=\"700\" height=\"530\" src=\"https:\/\/edicioneseldrago.com\/wp-content\/uploads\/2023\/08\/Querida-Monstruacion_Diario-de-Lanzarote_Agosto2023-OK-46.jpg\" class=\"attachment-full size-full wp-image-18991\" alt=\"\" srcset=\"https:\/\/edicioneseldrago.com\/wp-content\/uploads\/2023\/08\/Querida-Monstruacion_Diario-de-Lanzarote_Agosto2023-OK-46.jpg 700w, https:\/\/edicioneseldrago.com\/wp-content\/uploads\/2023\/08\/Querida-Monstruacion_Diario-de-Lanzarote_Agosto2023-OK-46-300x227.jpg 300w, https:\/\/edicioneseldrago.com\/wp-content\/uploads\/2023\/08\/Querida-Monstruacion_Diario-de-Lanzarote_Agosto2023-OK-46-16x12.jpg 16w\" sizes=\"(max-width: 700px) 100vw, 700px\" \/>            <\/a>\r\n        <\/div>\r\n\t\t\r\n            <div class=\"content\">\r\n\t\t\t\t        <ul class=\"wcf-meta\">\r\n\t\t\t        <\/ul>\r\n\t\t        <h3 class=\"title\">\r\n        <a href=\"https:\/\/edicioneseldrago.com\/en\/querida-monstruacion-en-el-diario-de-lanzarote\/\">\r\n\t\t\t<span class=\"highlight\"><\/span> \u00abQuerida Monstruaci\u00f3n\u00bb en el Diario de Lanzarote        <\/a>\r\n        <\/h3>\r\n\t\t            <\/div>\r\n        <\/article>\r\n\t\t        <article class=\"wcf-post post-2055 post type-post status-publish format-standard has-post-thumbnail hentry category-prensa category-publicaciones\">\r\n\t\t\t        <div class=\"thumb\">\r\n            <a href=\"https:\/\/edicioneseldrago.com\/en\/aida-r-taboas-en-la-revista-gal-art\/\" aria-label=\"Aida R. T\u00e1boas en la revista Gal-Art\">\r\n\t\t\t\t<img decoding=\"async\" width=\"667\" height=\"957\" src=\"https:\/\/edicioneseldrago.com\/wp-content\/uploads\/2023\/11\/8662338a-9bd9-4bb9-a64b-d09f715dcc76.jpg\" class=\"attachment-full size-full wp-image-19009\" alt=\"\" srcset=\"https:\/\/edicioneseldrago.com\/wp-content\/uploads\/2023\/11\/8662338a-9bd9-4bb9-a64b-d09f715dcc76.jpg 667w, https:\/\/edicioneseldrago.com\/wp-content\/uploads\/2023\/11\/8662338a-9bd9-4bb9-a64b-d09f715dcc76-209x300.jpg 209w, https:\/\/edicioneseldrago.com\/wp-content\/uploads\/2023\/11\/8662338a-9bd9-4bb9-a64b-d09f715dcc76-8x12.jpg 8w, https:\/\/edicioneseldrago.com\/wp-content\/uploads\/2023\/11\/8662338a-9bd9-4bb9-a64b-d09f715dcc76-300x430.jpg 300w\" sizes=\"(max-width: 667px) 100vw, 667px\" \/>            <\/a>\r\n        <\/div>\r\n\t\t\r\n            <div class=\"content\">\r\n\t\t\t\t        <ul class=\"wcf-meta\">\r\n\t\t\t        <\/ul>\r\n\t\t        <h3 class=\"title\">\r\n        <a href=\"https:\/\/edicioneseldrago.com\/en\/aida-r-taboas-en-la-revista-gal-art\/\">\r\n\t\t\t<span class=\"highlight\"><\/span> Aida R. T\u00e1boas en la revista Gal-Art        <\/a>\r\n        <\/h3>\r\n\t\t            <\/div>\r\n        <\/article>\r\n\t\t        <article class=\"wcf-post post-2346 post type-post status-publish format-standard has-post-thumbnail hentry category-prensa category-publicaciones\">\r\n\t\t\t        <div class=\"thumb\">\r\n            <a href=\"https:\/\/edicioneseldrago.com\/en\/sigues-tu-mateix-no-visquis-en-una-mentida-entrevista-a-laia-cordoba-en-bondia-ad\/\" aria-label=\"\u201cSigues tu mateix, no visquis en una mentida\u201d \u2013 Entrevista a Laia C\u00f3rdoba en BonDia.ad\">\r\n\t\t\t\t<img loading=\"lazy\" decoding=\"async\" width=\"640\" height=\"480\" src=\"https:\/\/edicioneseldrago.com\/wp-content\/uploads\/2023\/06\/p30_laia_cordoba.jpg\" class=\"attachment-full size-full wp-image-19019\" alt=\"\" srcset=\"https:\/\/edicioneseldrago.com\/wp-content\/uploads\/2023\/06\/p30_laia_cordoba.jpg 640w, https:\/\/edicioneseldrago.com\/wp-content\/uploads\/2023\/06\/p30_laia_cordoba-300x225.jpg 300w, https:\/\/edicioneseldrago.com\/wp-content\/uploads\/2023\/06\/p30_laia_cordoba-16x12.jpg 16w\" sizes=\"(max-width: 640px) 100vw, 640px\" \/>            <\/a>\r\n        <\/div>\r\n\t\t\r\n            <div class=\"content\">\r\n\t\t\t\t        <ul class=\"wcf-meta\">\r\n\t\t\t        <\/ul>\r\n\t\t        <h3 class=\"title\">\r\n        <a href=\"https:\/\/edicioneseldrago.com\/en\/sigues-tu-mateix-no-visquis-en-una-mentida-entrevista-a-laia-cordoba-en-bondia-ad\/\">\r\n\t\t\t<span class=\"highlight\"><\/span> \u201cSigues tu mateix, no visquis en una mentida\u201d \u2013 Entrevista        <\/a>\r\n        <\/h3>\r\n\t\t            <\/div>\r\n        <\/article>\r\n\t\t        <article class=\"wcf-post post-2351 post type-post status-publish format-standard has-post-thumbnail hentry category-prensa category-publicaciones\">\r\n\t\t\t        <div class=\"thumb\">\r\n            <a href=\"https:\/\/edicioneseldrago.com\/en\/cuadernos-del-subtropico-norte-de-marcos-dosantos-en-zenda-libros\/\" aria-label=\"\u00abCuadernos del Subtr\u00f3pico Norte\u00bb de Marcos Dosantos en Zenda Libros\">\r\n\t\t\t\t<img loading=\"lazy\" decoding=\"async\" width=\"640\" height=\"275\" src=\"https:\/\/edicioneseldrago.com\/wp-content\/uploads\/2022\/03\/zenda-de-tamano-mediano.jpeg\" class=\"attachment-full size-full wp-image-19040\" alt=\"\" srcset=\"https:\/\/edicioneseldrago.com\/wp-content\/uploads\/2022\/03\/zenda-de-tamano-mediano.jpeg 640w, https:\/\/edicioneseldrago.com\/wp-content\/uploads\/2022\/03\/zenda-de-tamano-mediano-300x129.jpeg 300w, https:\/\/edicioneseldrago.com\/wp-content\/uploads\/2022\/03\/zenda-de-tamano-mediano-18x8.jpeg 18w\" sizes=\"(max-width: 640px) 100vw, 640px\" \/>            <\/a>\r\n        <\/div>\r\n\t\t\r\n            <div class=\"content\">\r\n\t\t\t\t        <ul class=\"wcf-meta\">\r\n\t\t\t        <\/ul>\r\n\t\t        <h3 class=\"title\">\r\n        <a href=\"https:\/\/edicioneseldrago.com\/en\/cuadernos-del-subtropico-norte-de-marcos-dosantos-en-zenda-libros\/\">\r\n\t\t\t<span class=\"highlight\"><\/span> \u00abCuadernos del Subtr\u00f3pico Norte\u00bb de Marcos Dosantos en Zenda Libros        <\/a>\r\n        <\/h3>\r\n\t\t            <\/div>\r\n        <\/article>\r\n\t\t        <article class=\"wcf-post post-2049 post type-post status-publish format-standard has-post-thumbnail hentry category-prensa category-publicaciones\">\r\n\t\t\t        <div class=\"thumb\">\r\n            <a href=\"https:\/\/edicioneseldrago.com\/en\/azul-ultramaren-el-perseguidor-del-diario-de-avisos\/\" aria-label=\"\u201cAzul ultramar\u00bb en El Perseguidor del Diario de Avisos\">\r\n\t\t\t\t<img loading=\"lazy\" decoding=\"async\" width=\"365\" height=\"138\" src=\"https:\/\/edicioneseldrago.com\/wp-content\/uploads\/2021\/06\/diario-de-avisos.jpeg\" class=\"attachment-full size-full wp-image-19105\" alt=\"\" srcset=\"https:\/\/edicioneseldrago.com\/wp-content\/uploads\/2021\/06\/diario-de-avisos.jpeg 365w, https:\/\/edicioneseldrago.com\/wp-content\/uploads\/2021\/06\/diario-de-avisos-300x113.jpeg 300w, https:\/\/edicioneseldrago.com\/wp-content\/uploads\/2021\/06\/diario-de-avisos-18x7.jpeg 18w\" sizes=\"(max-width: 365px) 100vw, 365px\" \/>            <\/a>\r\n        <\/div>\r\n\t\t\r\n            <div class=\"content\">\r\n\t\t\t\t        <ul class=\"wcf-meta\">\r\n\t\t\t        <\/ul>\r\n\t\t        <h3 class=\"title\">\r\n        <a href=\"https:\/\/edicioneseldrago.com\/en\/azul-ultramaren-el-perseguidor-del-diario-de-avisos\/\">\r\n\t\t\t<span class=\"highlight\"><\/span> \u201cAzul ultramar\u00bb en El Perseguidor del Diario de Avisos        <\/a>\r\n        <\/h3>\r\n\t\t            <\/div>\r\n        <\/article>\r\n\t\t        <article class=\"wcf-post post-2052 post type-post status-publish format-standard has-post-thumbnail hentry category-prensa category-publicaciones\">\r\n\t\t\t        <div class=\"thumb\">\r\n            <a href=\"https:\/\/edicioneseldrago.com\/en\/fuertevientos-en-la-vanguardia\/\" aria-label=\"\u201cFuertevientos\u201d en La Vanguardia\">\r\n\t\t\t\t<img loading=\"lazy\" decoding=\"async\" width=\"491\" height=\"276\" src=\"https:\/\/edicioneseldrago.com\/wp-content\/uploads\/2021\/06\/Logo_La-Vanguardia.jpg\" class=\"attachment-full size-full wp-image-19104\" alt=\"\" srcset=\"https:\/\/edicioneseldrago.com\/wp-content\/uploads\/2021\/06\/Logo_La-Vanguardia.jpg 491w, https:\/\/edicioneseldrago.com\/wp-content\/uploads\/2021\/06\/Logo_La-Vanguardia-300x169.jpg 300w, https:\/\/edicioneseldrago.com\/wp-content\/uploads\/2021\/06\/Logo_La-Vanguardia-18x10.jpg 18w\" sizes=\"(max-width: 491px) 100vw, 491px\" \/>            <\/a>\r\n        <\/div>\r\n\t\t\r\n            <div class=\"content\">\r\n\t\t\t\t        <ul class=\"wcf-meta\">\r\n\t\t\t        <\/ul>\r\n\t\t        <h3 class=\"title\">\r\n        <a href=\"https:\/\/edicioneseldrago.com\/en\/fuertevientos-en-la-vanguardia\/\">\r\n\t\t\t<span class=\"highlight\"><\/span> \u201cFuertevientos\u201d en La Vanguardia        <\/a>\r\n        <\/h3>\r\n\t\t            <\/div>\r\n        <\/article>\r\n\t\t        <article class=\"wcf-post post-2067 post type-post status-publish format-standard has-post-thumbnail hentry category-prensa category-publicaciones\">\r\n\t\t\t        <div class=\"thumb\">\r\n            <a href=\"https:\/\/edicioneseldrago.com\/en\/memorias-de-africa-a-orillas-del-niger-en-el-espanol\/\" aria-label=\"\u201cMemorias de \u00c1frica (a orillas del N\u00edger)\u201d en El Espa\u00f1ol\">\r\n\t\t\t\t<img loading=\"lazy\" decoding=\"async\" width=\"700\" height=\"476\" src=\"https:\/\/edicioneseldrago.com\/wp-content\/uploads\/2019\/12\/el_espanol_leon_logo-e1445893542234-700x476-1.webp\" class=\"attachment-full size-full wp-image-19122\" alt=\"\" srcset=\"https:\/\/edicioneseldrago.com\/wp-content\/uploads\/2019\/12\/el_espanol_leon_logo-e1445893542234-700x476-1.webp 700w, https:\/\/edicioneseldrago.com\/wp-content\/uploads\/2019\/12\/el_espanol_leon_logo-e1445893542234-700x476-1-300x204.webp 300w, https:\/\/edicioneseldrago.com\/wp-content\/uploads\/2019\/12\/el_espanol_leon_logo-e1445893542234-700x476-1-18x12.webp 18w\" sizes=\"(max-width: 700px) 100vw, 700px\" \/>            <\/a>\r\n        <\/div>\r\n\t\t\r\n            <div class=\"content\">\r\n\t\t\t\t        <ul class=\"wcf-meta\">\r\n\t\t\t        <\/ul>\r\n\t\t        <h3 class=\"title\">\r\n        <a href=\"https:\/\/edicioneseldrago.com\/en\/memorias-de-africa-a-orillas-del-niger-en-el-espanol\/\">\r\n\t\t\t<span class=\"highlight\"><\/span> \u201cMemorias de \u00c1frica (a orillas del N\u00edger)\u201d en El Espa\u00f1ol        <\/a>\r\n        <\/h3>\r\n\t\t            <\/div>\r\n        <\/article>\r\n\t\t        <article class=\"wcf-post post-19136 post type-post status-publish format-standard has-post-thumbnail hentry category-prensa category-publicaciones\">\r\n\t\t\t        <div class=\"thumb\">\r\n            <a href=\"https:\/\/edicioneseldrago.com\/en\/miguel-angel-ortega-gana-el-xxii-premio-internacional-de-teatro-domingo-perez-minik\/\" aria-label=\"Miguel \u00c1ngel Ortega gana el XXII Premio Internacional de Teatro Domingo P\u00e9rez Minik\">\r\n\t\t\t\t<img loading=\"lazy\" decoding=\"async\" width=\"643\" height=\"164\" src=\"https:\/\/edicioneseldrago.com\/wp-content\/uploads\/2021\/06\/logo_eldiario.es_.jpg\" class=\"attachment-full size-full wp-image-19103\" alt=\"\" srcset=\"https:\/\/edicioneseldrago.com\/wp-content\/uploads\/2021\/06\/logo_eldiario.es_.jpg 643w, https:\/\/edicioneseldrago.com\/wp-content\/uploads\/2021\/06\/logo_eldiario.es_-300x77.jpg 300w, https:\/\/edicioneseldrago.com\/wp-content\/uploads\/2021\/06\/logo_eldiario.es_-18x5.jpg 18w\" sizes=\"(max-width: 643px) 100vw, 643px\" \/>            <\/a>\r\n        <\/div>\r\n\t\t\r\n            <div class=\"content\">\r\n\t\t\t\t        <ul class=\"wcf-meta\">\r\n\t\t\t        <\/ul>\r\n\t\t        <h3 class=\"title\">\r\n        <a href=\"https:\/\/edicioneseldrago.com\/en\/miguel-angel-ortega-gana-el-xxii-premio-internacional-de-teatro-domingo-perez-minik\/\">\r\n\t\t\t<span class=\"highlight\"><\/span> Miguel \u00c1ngel Ortega gana el XXII Premio Internacional de Teatro        <\/a>\r\n        <\/h3>\r\n\t\t            <\/div>\r\n        <\/article>\r\n\t\t<\/div>            <nav class=\"post-pagination style-2\"                    aria-label=\"Pagination\">\r\n\t\t\t\t<span aria-label=\"Page 1\" aria-current=\"page\" class=\"page-numbers current\" data-no-translation-aria-label=\"\"><span class=\"elementor-screen-only\">Page<\/span>1<\/span>\n<a aria-label=\"Page 2\" class=\"page-numbers\" href=\"https:\/\/edicioneseldrago.com\/en\/wp-json\/wp\/v2\/pages\/18926\/page\/2\/\" data-no-translation-aria-label=\"\"><span class=\"elementor-screen-only\">Page<\/span>2<\/a>\n<a class=\"next page-numbers\" href=\"https:\/\/edicioneseldrago.com\/en\/wp-json\/wp\/v2\/pages\/18926\/page\/2\/\"> <\/a>            <\/nav>\r\n\t\t\t<\/div>\t\t\t\t<\/div>\n\t\t\t\t<\/div>\n\t\t\t\t<\/div>\n\t\t\t\t\t<\/div>\n\t\t\t\t<\/div>\n\t\t\t\t<\/div>","protected":false},"excerpt":{"rendered":"<p>Prensa Solicita mas informaci\u00f3n sobre nuestros titulos y autores, o cualquier material necesario para tu art\u00edculo en: prensa@edicionesledrago.com Nueva rese\u00f1a de nuestro libro Kleingeist en la revista Odisea \u00abQuerida Monstruaci\u00f3n\u00bb en el Diario de Lanzarote Aida R. T\u00e1boas en la revista Gal-Art \u201cSigues tu mateix, no visquis en una mentida\u201d \u2013 Entrevista \u00abCuadernos del Subtr\u00f3pico [&hellip;]<\/p>","protected":false},"author":2,"featured_media":0,"parent":0,"menu_order":0,"comment_status":"closed","ping_status":"closed","template":"elementor_header_footer","meta":{"_acf_changed":false,"footnotes":""},"class_list":["post-18926","page","type-page","status-publish","hentry"],"acf":[],"_links":{"self":[{"href":"https:\/\/edicioneseldrago.com\/en\/wp-json\/wp\/v2\/pages\/18926","targetHints":{"allow":["GET"]}}],"collection":[{"href":"https:\/\/edicioneseldrago.com\/en\/wp-json\/wp\/v2\/pages"}],"about":[{"href":"https:\/\/edicioneseldrago.com\/en\/wp-json\/wp\/v2\/types\/page"}],"author":[{"embeddable":true,"href":"https:\/\/edicioneseldrago.com\/en\/wp-json\/wp\/v2\/users\/2"}],"replies":[{"embeddable":true,"href":"https:\/\/edicioneseldrago.com\/en\/wp-json\/wp\/v2\/comments?post=18926"}],"version-history":[{"count":31,"href":"https:\/\/edicioneseldrago.com\/en\/wp-json\/wp\/v2\/pages\/18926\/revisions"}],"predecessor-version":[{"id":20669,"href":"https:\/\/edicioneseldrago.com\/en\/wp-json\/wp\/v2\/pages\/18926\/revisions\/20669"}],"wp:attachment":[{"href":"https:\/\/edicioneseldrago.com\/en\/wp-json\/wp\/v2\/media?parent=18926"}],"curies":[{"name":"wp","href":"https:\/\/api.w.org\/{rel}","templated":true}]}}